{"id":524,"date":"2020-04-10T15:11:53","date_gmt":"2020-04-10T14:11:53","guid":{"rendered":"https:\/\/aroundersenseofpurpose.eu\/es\/?page_id=524"},"modified":"2021-06-15T11:18:16","modified_gmt":"2021-06-15T10:18:16","slug":"sdg4","status":"publish","type":"page","link":"https:\/\/aroundersenseofpurpose.eu\/es\/sdgs\/sdg4\/","title":{"rendered":"Educaci\u00f3n de calidad"},"content":{"rendered":"\n<p>Como dice la ONU, una educaci\u00f3n de calidad es la base para crear un desarrollo sostenible. Adem\u00e1s de mejorar la calidad de vida, el acceso a la educaci\u00f3n inclusiva puede ayudar a escala local a dotar a las personas de las herramientas necesarias para desarrollar soluciones innovadoras para los grandes problemas del mundo en la actualidad.<\/p>\n","protected":false},"excerpt":{"rendered":"<p>Como dice la ONU, una educaci\u00f3n de calidad es la base para crear un desarrollo sostenible. Adem\u00e1s de mejorar la calidad de vida, el acceso a la educaci\u00f3n inclusiva puede ayudar a escala local a dotar a las personas de las herramientas necesarias para desarrollar soluciones innovadoras para los grandes problemas del mundo en la [&hellip;]<\/p>\n","protected":false},"author":1,"featured_media":0,"parent":425,"menu_order":0,"comment_status":"closed","ping_status":"closed","template":"page-sdg.php","meta":{"footnotes":""},"class_list":["post-524","page","type-page","status-publish","hentry"],"_links":{"self":[{"href":"https:\/\/aroundersenseofpurpose.eu\/es\/wp-json\/wp\/v2\/pages\/524","targetHints":{"allow":["GET"]}}],"collection":[{"href":"https:\/\/aroundersenseofpurpose.eu\/es\/wp-json\/wp\/v2\/pages"}],"about":[{"href":"https:\/\/aroundersenseofpurpose.eu\/es\/wp-json\/wp\/v2\/types\/page"}],"author":[{"embeddable":true,"href":"https:\/\/aroundersenseofpurpose.eu\/es\/wp-json\/wp\/v2\/users\/1"}],"replies":[{"embeddable":true,"href":"https:\/\/aroundersenseofpurpose.eu\/es\/wp-json\/wp\/v2\/comments?post=524"}],"version-history":[{"count":5,"href":"https:\/\/aroundersenseofpurpose.eu\/es\/wp-json\/wp\/v2\/pages\/524\/revisions"}],"predecessor-version":[{"id":1942,"href":"https:\/\/aroundersenseofpurpose.eu\/es\/wp-json\/wp\/v2\/pages\/524\/revisions\/1942"}],"up":[{"embeddable":true,"href":"https:\/\/aroundersenseofpurpose.eu\/es\/wp-json\/wp\/v2\/pages\/425"}],"wp:attachment":[{"href":"https:\/\/aroundersenseofpurpose.eu\/es\/wp-json\/wp\/v2\/media?parent=524"}],"curies":[{"name":"wp","href":"https:\/\/api.w.org\/{rel}","templated":true}]}}