{"id":518,"date":"2020-04-10T14:50:41","date_gmt":"2020-04-10T13:50:41","guid":{"rendered":"https:\/\/aroundersenseofpurpose.eu\/es\/?page_id=518"},"modified":"2021-06-15T11:19:06","modified_gmt":"2021-06-15T10:19:06","slug":"sdg1","status":"publish","type":"page","link":"https:\/\/aroundersenseofpurpose.eu\/es\/sdgs\/sdg1\/","title":{"rendered":"Fin de la pobreza"},"content":{"rendered":"\n<p>Como dice la ONU, la pobreza tiene muchas dimensiones, sus causas incluyen el desempleo, la exclusi\u00f3n social y la alta vulnerabilidad de determinadas poblaciones ante desastres, enfermedades y otros fen\u00f3menos que les impiden ser productivas. La creciente desigualdad es perjudicial para el crecimiento econ\u00f3mico y socava la cohesi\u00f3n social, aumenta las tensiones pol\u00edticas y sociales y, en algunas circunstancias, genera inestabilidad y conflictos, adem\u00e1s de ser una afrenta a la dignidad humana.<\/p>\n","protected":false},"excerpt":{"rendered":"<p>Como dice la ONU, la pobreza tiene muchas dimensiones, sus causas incluyen el desempleo, la exclusi\u00f3n social y la alta vulnerabilidad de determinadas poblaciones ante desastres, enfermedades y otros fen\u00f3menos que les impiden ser productivas. La creciente desigualdad es perjudicial para el crecimiento econ\u00f3mico y socava la cohesi\u00f3n social, aumenta las tensiones pol\u00edticas y sociales [&hellip;]<\/p>\n","protected":false},"author":1,"featured_media":0,"parent":425,"menu_order":0,"comment_status":"closed","ping_status":"closed","template":"page-sdg.php","meta":{"footnotes":""},"class_list":["post-518","page","type-page","status-publish","hentry"],"_links":{"self":[{"href":"https:\/\/aroundersenseofpurpose.eu\/es\/wp-json\/wp\/v2\/pages\/518","targetHints":{"allow":["GET"]}}],"collection":[{"href":"https:\/\/aroundersenseofpurpose.eu\/es\/wp-json\/wp\/v2\/pages"}],"about":[{"href":"https:\/\/aroundersenseofpurpose.eu\/es\/wp-json\/wp\/v2\/types\/page"}],"author":[{"embeddable":true,"href":"https:\/\/aroundersenseofpurpose.eu\/es\/wp-json\/wp\/v2\/users\/1"}],"replies":[{"embeddable":true,"href":"https:\/\/aroundersenseofpurpose.eu\/es\/wp-json\/wp\/v2\/comments?post=518"}],"version-history":[{"count":6,"href":"https:\/\/aroundersenseofpurpose.eu\/es\/wp-json\/wp\/v2\/pages\/518\/revisions"}],"predecessor-version":[{"id":1944,"href":"https:\/\/aroundersenseofpurpose.eu\/es\/wp-json\/wp\/v2\/pages\/518\/revisions\/1944"}],"up":[{"embeddable":true,"href":"https:\/\/aroundersenseofpurpose.eu\/es\/wp-json\/wp\/v2\/pages\/425"}],"wp:attachment":[{"href":"https:\/\/aroundersenseofpurpose.eu\/es\/wp-json\/wp\/v2\/media?parent=518"}],"curies":[{"name":"wp","href":"https:\/\/api.w.org\/{rel}","templated":true}]}}