{"id":513,"date":"2020-04-10T13:50:07","date_gmt":"2020-04-10T12:50:07","guid":{"rendered":"https:\/\/aroundersenseofpurpose.eu\/es\/?page_id=513"},"modified":"2020-11-02T15:34:31","modified_gmt":"2020-11-02T14:34:31","slug":"palette","status":"publish","type":"page","link":"https:\/\/aroundersenseofpurpose.eu\/es\/framework\/palette\/","title":{"rendered":"Las 12 competencias de RSP presentadas en una paleta de pintor"},"content":{"rendered":"\n<p>Aqu\u00ed se presentan las doce competencias de RSP en una paleta de pintor. Esta manera de presentar las competencias permite reconocer que los educadores y educadoras casi nunca se centrar\u00e1n solo en una \u00fanica competencia, sino que m\u00e1s bien combinar\u00e1n los \u00e1mbitos de competencia en respuesta a cada contexto.<\/p>\n","protected":false},"excerpt":{"rendered":"<p>Aqu\u00ed se presentan las doce competencias de RSP en una paleta de pintor. Esta manera de presentar las competencias permite reconocer que los educadores y educadoras casi nunca se centrar\u00e1n solo en una \u00fanica competencia, sino que m\u00e1s bien combinar\u00e1n los \u00e1mbitos de competencia en respuesta a cada contexto.<\/p>\n","protected":false},"author":1,"featured_media":0,"parent":1698,"menu_order":0,"comment_status":"closed","ping_status":"closed","template":"page-palette.php","meta":{"footnotes":""},"class_list":["post-513","page","type-page","status-publish","hentry"],"_links":{"self":[{"href":"https:\/\/aroundersenseofpurpose.eu\/es\/wp-json\/wp\/v2\/pages\/513","targetHints":{"allow":["GET"]}}],"collection":[{"href":"https:\/\/aroundersenseofpurpose.eu\/es\/wp-json\/wp\/v2\/pages"}],"about":[{"href":"https:\/\/aroundersenseofpurpose.eu\/es\/wp-json\/wp\/v2\/types\/page"}],"author":[{"embeddable":true,"href":"https:\/\/aroundersenseofpurpose.eu\/es\/wp-json\/wp\/v2\/users\/1"}],"replies":[{"embeddable":true,"href":"https:\/\/aroundersenseofpurpose.eu\/es\/wp-json\/wp\/v2\/comments?post=513"}],"version-history":[{"count":6,"href":"https:\/\/aroundersenseofpurpose.eu\/es\/wp-json\/wp\/v2\/pages\/513\/revisions"}],"predecessor-version":[{"id":1878,"href":"https:\/\/aroundersenseofpurpose.eu\/es\/wp-json\/wp\/v2\/pages\/513\/revisions\/1878"}],"up":[{"embeddable":true,"href":"https:\/\/aroundersenseofpurpose.eu\/es\/wp-json\/wp\/v2\/pages\/1698"}],"wp:attachment":[{"href":"https:\/\/aroundersenseofpurpose.eu\/es\/wp-json\/wp\/v2\/media?parent=513"}],"curies":[{"name":"wp","href":"https:\/\/api.w.org\/{rel}","templated":true}]}}