{"id":499,"date":"2020-04-10T12:57:21","date_gmt":"2020-04-10T11:57:21","guid":{"rendered":"https:\/\/aroundersenseofpurpose.eu\/es\/?page_id=499"},"modified":"2021-02-25T12:44:14","modified_gmt":"2021-02-25T11:44:14","slug":"at-ref","status":"publish","type":"page","link":"https:\/\/aroundersenseofpurpose.eu\/es\/framework\/at-ref\/","title":{"rendered":"Decisi\u00f3n"},"content":{"rendered":"\n<p>La persona educadora ayuda a los estudiantes a actuar de manera prudente y oportuna incluso en situaciones de incertidumbre.<\/p>\n\n\n\n<h3 class=\"wp-block-heading\"><strong>Resultados de aprendizaje<\/strong><\/h3>\n\n\n\n<p>La persona educadora ayuda a los y las estudiantes a&#8230;<\/p>\n\n\n\n<ul class=\"wp-block-list\"><li>12.1 Actuar en el momento oportuno, incluso ante eventos imprevistos, teniendo siempre presente el principio de precauci\u00f3n.<\/li><li>12.2 Tomar decisiones incluso en un contexto de dilemas, incertidumbres, contradicciones y problemas complejos ligados a la sostenibilidad de acuerdo con sus valores, siendo conscientes de que aplazar las decisiones y no actuar tambi\u00e9n es una decisi\u00f3n.<\/li><li>12.3 Recopilar informaci\u00f3n y tener en cuenta varias opciones, manteni\u00e9ndose abiertos a otras alternativas.<\/li><\/ul>\n\n\n\n<h3 class=\"wp-block-heading\"><strong>Componentes de base para el educador\/a<\/strong><\/h3>\n\n\n\n<p>Para alcanzar los resultados de aprendizaje mencionados, la persona educadora debe ser capaz de:<\/p>\n\n\n\n<ul class=\"wp-block-list\"><li>UC12 Utilizar t\u00e9cnicas como las situaciones-dilema, las improvisaciones, las actividades de resoluci\u00f3n de problemas y los juegos de simulaci\u00f3n para desarrollar una toma de decisi\u00f3n r\u00e1pida pero prudente entre los estudiantes.<\/li><li>UC12.1a Identificar diferentes fuentes de informaci\u00f3n y asegurarse de que presenten opciones alternativas.<\/li><li>UC12.1b Demostrar buen juicio y proponer soluciones s\u00f3lidas y bien informadas basadas en alternativas previamente identificadas o en opciones conocidas.<\/li><li>UC12.2a Gestionar las prioridades que compiten entre s\u00ed y tomar decisiones efectivas y oportunas en cuestiones conflictivas.<\/li><li>UC12.2b Tomar decisiones que tengan consecuencias significativas y percibir el impacto y las implicaciones de estas decisiones.<\/li><li>UC12.3a Destacar el impacto de los diferentes marcos temporales a la hora de solucionar un problema.<\/li><li>UC12.3b Actuar inmediatamente y con confianza cuando una situaci\u00f3n exija una decisi\u00f3n r\u00e1pida, recurriendo a la inteligencia colectiva cuando sea posible.<\/li><\/ul>\n","protected":false},"excerpt":{"rendered":"<p>La persona educadora ayuda a los y las estudiantes a actuar de manera prudente y oportuna incluso en situaciones de incertidumbre.<\/p>\n","protected":false},"author":1,"featured_media":0,"parent":1698,"menu_order":0,"comment_status":"closed","ping_status":"closed","template":"page-competence.php","meta":{"footnotes":""},"class_list":["post-499","page","type-page","status-publish","hentry"],"_links":{"self":[{"href":"https:\/\/aroundersenseofpurpose.eu\/es\/wp-json\/wp\/v2\/pages\/499","targetHints":{"allow":["GET"]}}],"collection":[{"href":"https:\/\/aroundersenseofpurpose.eu\/es\/wp-json\/wp\/v2\/pages"}],"about":[{"href":"https:\/\/aroundersenseofpurpose.eu\/es\/wp-json\/wp\/v2\/types\/page"}],"author":[{"embeddable":true,"href":"https:\/\/aroundersenseofpurpose.eu\/es\/wp-json\/wp\/v2\/users\/1"}],"replies":[{"embeddable":true,"href":"https:\/\/aroundersenseofpurpose.eu\/es\/wp-json\/wp\/v2\/comments?post=499"}],"version-history":[{"count":6,"href":"https:\/\/aroundersenseofpurpose.eu\/es\/wp-json\/wp\/v2\/pages\/499\/revisions"}],"predecessor-version":[{"id":1930,"href":"https:\/\/aroundersenseofpurpose.eu\/es\/wp-json\/wp\/v2\/pages\/499\/revisions\/1930"}],"up":[{"embeddable":true,"href":"https:\/\/aroundersenseofpurpose.eu\/es\/wp-json\/wp\/v2\/pages\/1698"}],"wp:attachment":[{"href":"https:\/\/aroundersenseofpurpose.eu\/es\/wp-json\/wp\/v2\/media?parent=499"}],"curies":[{"name":"wp","href":"https:\/\/api.w.org\/{rel}","templated":true}]}}