{"id":497,"date":"2020-04-10T12:55:53","date_gmt":"2020-04-10T11:55:53","guid":{"rendered":"https:\/\/aroundersenseofpurpose.eu\/es\/?page_id=497"},"modified":"2021-02-25T12:36:10","modified_gmt":"2021-02-25T11:36:10","slug":"at-pra","status":"publish","type":"page","link":"https:\/\/aroundersenseofpurpose.eu\/es\/framework\/at-pra\/","title":{"rendered":"Acci\u00f3n"},"content":{"rendered":"\n<p>La persona educadora ayuda a los estudiantes a actuar de manera proactiva y considerada.<\/p>\n\n\n\n<h3 class=\"wp-block-heading\"><strong>Resultados de aprendizaje:<\/strong><\/h3>\n\n\n\n<p>La persona educadora ayuda a los estudiantes a&#8230;<\/p>\n\n\n\n<ul class=\"wp-block-list\"><li>11.1 Explorar y analizar cr\u00edticamente su entorno natural, social y construido local, incluyendo su instituci\u00f3n, como un contexto para el cambio.<\/li><li>11.2 Participar en procesos democr\u00e1ticos de toma de decisiones en un contexto de sostenibilidad.<\/li><li>11.3 Desarrollar su autonom\u00eda y el conocimiento de las estructuras sociales, pol\u00edticas y econ\u00f3micas.<\/li><\/ul>\n\n\n\n<h3 class=\"wp-block-heading\"><strong>Componentes de base para el educador\/a<\/strong><\/h3>\n\n\n\n<p>Para alcanzar los resultados de aprendizaje mencionados, la persona educadora tiene que:<\/p>\n\n\n\n<ul class=\"wp-block-list\"><li>UC11.1a Apoyar y animar a los estudiantes, y orientarlos para reforzar su autonom\u00eda.<\/li><li>UC11.1b Hacer uso del ciclo de aprendizaje reflexivo (planificar, actuar, reflexionar, ajustar o el ciclo anticipaci\u00f3n-acci\u00f3n-reflexi\u00f3n).<\/li><li>UC11.2a Trabajar de manera democr\u00e1tica y abierta con los estudiantes.<\/li><li>UC11.2b Utilizar t\u00e9cnicas de aprendizaje por proyectos.<\/li><li>UC11.3 Ser capaz de ver posibilidades de educaci\u00f3n significativas en la \u00abvida real\u00bb y animar a los estudiantes a hacer lo mismo.<\/li><\/ul>\n","protected":false},"excerpt":{"rendered":"<p>La persona educadora ayuda a los y las estudiantes a actuar de manera proactiva y considerada.<\/p>\n","protected":false},"author":1,"featured_media":0,"parent":1698,"menu_order":0,"comment_status":"closed","ping_status":"closed","template":"page-competence.php","meta":{"footnotes":""},"class_list":["post-497","page","type-page","status-publish","hentry"],"_links":{"self":[{"href":"https:\/\/aroundersenseofpurpose.eu\/es\/wp-json\/wp\/v2\/pages\/497","targetHints":{"allow":["GET"]}}],"collection":[{"href":"https:\/\/aroundersenseofpurpose.eu\/es\/wp-json\/wp\/v2\/pages"}],"about":[{"href":"https:\/\/aroundersenseofpurpose.eu\/es\/wp-json\/wp\/v2\/types\/page"}],"author":[{"embeddable":true,"href":"https:\/\/aroundersenseofpurpose.eu\/es\/wp-json\/wp\/v2\/users\/1"}],"replies":[{"embeddable":true,"href":"https:\/\/aroundersenseofpurpose.eu\/es\/wp-json\/wp\/v2\/comments?post=497"}],"version-history":[{"count":6,"href":"https:\/\/aroundersenseofpurpose.eu\/es\/wp-json\/wp\/v2\/pages\/497\/revisions"}],"predecessor-version":[{"id":1927,"href":"https:\/\/aroundersenseofpurpose.eu\/es\/wp-json\/wp\/v2\/pages\/497\/revisions\/1927"}],"up":[{"embeddable":true,"href":"https:\/\/aroundersenseofpurpose.eu\/es\/wp-json\/wp\/v2\/pages\/1698"}],"wp:attachment":[{"href":"https:\/\/aroundersenseofpurpose.eu\/es\/wp-json\/wp\/v2\/media?parent=497"}],"curies":[{"name":"wp","href":"https:\/\/api.w.org\/{rel}","templated":true}]}}