{"id":491,"date":"2020-04-10T12:51:09","date_gmt":"2020-04-10T11:51:09","guid":{"rendered":"https:\/\/aroundersenseofpurpose.eu\/es\/?page_id=491"},"modified":"2021-02-25T12:47:30","modified_gmt":"2021-02-25T11:47:30","slug":"ec-ref","status":"publish","type":"page","link":"https:\/\/aroundersenseofpurpose.eu\/es\/framework\/ec-ref\/","title":{"rendered":"Responsabilidad"},"content":{"rendered":"\n<p>La persona educadora ayuda a los y las estudiantes a reflexionar sobre sus acciones, a actuar con transparencia y a responsabilizarse personalmente de su trabajo<strong>.<\/strong><\/p>\n\n\n\n<h3 class=\"wp-block-heading\">Resultados de aprendizaje<\/h3>\n\n\n\n<p>La persona educadora ayuda a los y las estudiantes a:<\/p>\n\n\n\n<ul class=\"wp-block-list\"><li>8.1 Identificar las potenciales consecuencias sociales, medioambientales y econ\u00f3micas de sus decisiones y acciones.<\/li><li>8.2 Asumir la responsabilidad personal y la obligaci\u00f3n de rendir cuentas, en su caso, de sus decisiones y acciones.<\/li><li>8.3 Reflexionar cr\u00edticamente sobre sus decisiones y acciones, y las de los dem\u00e1s, buscando oportunidades de mejora y desarrollo.<\/li><\/ul>\n\n\n\n<h3 class=\"wp-block-heading\"><strong>Componentes de base para el educador\/a<\/strong><\/h3>\n\n\n\n<p>Para alcanzar los resultados de aprendizaje mencionados, la persona educadora debe ser capaz de:<\/p>\n\n\n\n<ul class=\"wp-block-list\"><li>UC8.1 Animar a los y las estudiantes a reflexionar sobre las consecuencias de sus decisiones y acciones con t\u00e9cnicas y m\u00e9todos como los juegos de simulaci\u00f3n, los mapas conceptuales y el aprendizaje por proyectos.<\/li><li>UC8.2 Ayudar a los y las estudiantes a reconocer una serie de derechos, papeles y responsabilidades, y los sistemas relacionados por medio de los cuales las personas deben rendir cuentas.<\/li><li>UC8.3 Reflexionar sobre su trabajo y su manera de actuar, y comportarse de modo responsable y transparente.<\/li><\/ul>\n\n\n\n<p><\/p>\n","protected":false},"excerpt":{"rendered":"<p>La persona educadora ayuda a los y las estudiantes a reflexionar sobre sus acciones, a actuar con transparencia y a responsabilizarse personalmente de su trabajo.<\/p>\n","protected":false},"author":1,"featured_media":0,"parent":1698,"menu_order":0,"comment_status":"closed","ping_status":"closed","template":"page-competence.php","meta":{"footnotes":""},"class_list":["post-491","page","type-page","status-publish","hentry"],"_links":{"self":[{"href":"https:\/\/aroundersenseofpurpose.eu\/es\/wp-json\/wp\/v2\/pages\/491","targetHints":{"allow":["GET"]}}],"collection":[{"href":"https:\/\/aroundersenseofpurpose.eu\/es\/wp-json\/wp\/v2\/pages"}],"about":[{"href":"https:\/\/aroundersenseofpurpose.eu\/es\/wp-json\/wp\/v2\/types\/page"}],"author":[{"embeddable":true,"href":"https:\/\/aroundersenseofpurpose.eu\/es\/wp-json\/wp\/v2\/users\/1"}],"replies":[{"embeddable":true,"href":"https:\/\/aroundersenseofpurpose.eu\/es\/wp-json\/wp\/v2\/comments?post=491"}],"version-history":[{"count":6,"href":"https:\/\/aroundersenseofpurpose.eu\/es\/wp-json\/wp\/v2\/pages\/491\/revisions"}],"predecessor-version":[{"id":1934,"href":"https:\/\/aroundersenseofpurpose.eu\/es\/wp-json\/wp\/v2\/pages\/491\/revisions\/1934"}],"up":[{"embeddable":true,"href":"https:\/\/aroundersenseofpurpose.eu\/es\/wp-json\/wp\/v2\/pages\/1698"}],"wp:attachment":[{"href":"https:\/\/aroundersenseofpurpose.eu\/es\/wp-json\/wp\/v2\/media?parent=491"}],"curies":[{"name":"wp","href":"https:\/\/api.w.org\/{rel}","templated":true}]}}