{"id":470,"date":"2020-04-10T11:33:09","date_gmt":"2020-04-10T10:33:09","guid":{"rendered":"https:\/\/aroundersenseofpurpose.eu\/es\/?page_id=470"},"modified":"2020-11-04T10:42:05","modified_gmt":"2020-11-04T09:42:05","slug":"table","status":"publish","type":"page","link":"https:\/\/aroundersenseofpurpose.eu\/es\/framework\/table\/","title":{"rendered":"Las 12 competencias de RSP presentadas en una tabla"},"content":{"rendered":"\n<p>Aqu\u00ed se presentan las doce competencias de RSP en una tabla. La primera columna contiene las competencias relacionadas a grandes rasgos con el pensamiento hol\u00edstico; la segunda, con la visi\u00f3n del cambio; la tercera, con conseguir la transformaci\u00f3n, idealmente en el \u00e1mbito institucional o de los sistemas.<\/p>\n\n\n\n<p>Presentar las competencias de esta manera no significa que deban considerarse elementos separados o aislados; los educadores y educadoras trabajar\u00e1n inevitablemente en y con varias competencias a la vez.<\/p>\n","protected":false},"excerpt":{"rendered":"<p>Sistemas<br \/>\nLa persona educadora ayuda a los y las estudiantes a entender el mundo como un todo interconectado, a buscar conexiones entre el entorno social y el natural, y a tener en cuenta las consecuencias de las acciones.<\/p>\n<p>Futuros<br \/>\nLa persona educadora ayuda a los y las estudiantes a explorar posibilidades alternativas para el futuro y a aprovecharlas para reflexionar sobre c\u00f3mo deber\u00edan cambiar los comportamientos.<\/p>\n<p>Participaci\u00f3n<br \/>\nLa persona educadora ayuda a los y las estudiantes a hacer cambios que contribuir\u00e1n al desarrollo sostenible.<\/p>\n<p>Atenci\u00f3n<br \/>\nLa persona educadora ayuda a los y las estudiantes a entender los aspectos fundamentalmente insostenibles de nuestra sociedad y de c\u00f3mo evoluciona, y les conciencia sobre la necesidad urgente de cambio.<\/p>\n<p>Empat\u00eda<br \/>\nLa persona educadora ayuda a los y las estudiantes a dar respuesta a las emociones y a los sentimientos propios y de otras personas, y a desarrollar una conexi\u00f3n emocional con el mundo natural.<\/p>\n<p>Valores<br \/>\nLa persona educadora conciencia a los y las estudiantes sobre la manera en que las creencias y los valores sustentan las acciones y sobre c\u00f3mo deben negociarse y reconciliarse los valores.<\/p>\n<p>Transdisciplinariedad<br \/>\nLa persona educadora ayuda a los y las estudiantes a actuar en colaboraci\u00f3n tanto dentro como fuera de su disciplina, su papel, sus perspectivas y sus valores.<\/p>\n<p>Creatividad<br \/>\nLa persona educadora fomenta el pensamiento creativo y la flexibilidad en sus estudiantes.<\/p>\n<p>Acci\u00f3n<br \/>\nLa persona educadora ayuda a los y las estudiantes a actuar de manera proactiva y considerada.<\/p>\n<p>Cr\u00edtica<br \/>\nLa persona educadora ayuda a los y las estudiantes a evaluar cr\u00edticamente la relevancia y la fiabilidad de las afirmaciones, las fuentes, los modelos y las teor\u00edas.<\/p>\n<p>Responsabilidad<br \/>\nLa persona educadora ayuda a los y las estudiantes a reflexionar sobre sus acciones, a actuar con transparencia y a responsabilizarse personalmente de su trabajo.<\/p>\n<p>Decisi\u00f3n<br \/>\nLa persona educadora ayuda a los y las estudiantes a actuar de manera prudente y oportuna incluso en situaciones de incertidumbre.<\/p>\n","protected":false},"author":1,"featured_media":0,"parent":1698,"menu_order":0,"comment_status":"closed","ping_status":"closed","template":"page-table.php","meta":{"footnotes":""},"class_list":["post-470","page","type-page","status-publish","hentry"],"_links":{"self":[{"href":"https:\/\/aroundersenseofpurpose.eu\/es\/wp-json\/wp\/v2\/pages\/470","targetHints":{"allow":["GET"]}}],"collection":[{"href":"https:\/\/aroundersenseofpurpose.eu\/es\/wp-json\/wp\/v2\/pages"}],"about":[{"href":"https:\/\/aroundersenseofpurpose.eu\/es\/wp-json\/wp\/v2\/types\/page"}],"author":[{"embeddable":true,"href":"https:\/\/aroundersenseofpurpose.eu\/es\/wp-json\/wp\/v2\/users\/1"}],"replies":[{"embeddable":true,"href":"https:\/\/aroundersenseofpurpose.eu\/es\/wp-json\/wp\/v2\/comments?post=470"}],"version-history":[{"count":7,"href":"https:\/\/aroundersenseofpurpose.eu\/es\/wp-json\/wp\/v2\/pages\/470\/revisions"}],"predecessor-version":[{"id":1921,"href":"https:\/\/aroundersenseofpurpose.eu\/es\/wp-json\/wp\/v2\/pages\/470\/revisions\/1921"}],"up":[{"embeddable":true,"href":"https:\/\/aroundersenseofpurpose.eu\/es\/wp-json\/wp\/v2\/pages\/1698"}],"wp:attachment":[{"href":"https:\/\/aroundersenseofpurpose.eu\/es\/wp-json\/wp\/v2\/media?parent=470"}],"curies":[{"name":"wp","href":"https:\/\/api.w.org\/{rel}","templated":true}]}}