{"id":63,"date":"2019-08-02T15:08:45","date_gmt":"2019-08-02T15:08:45","guid":{"rendered":"https:\/\/aroundersenseofpurpose.eu\/de\/?page_id=63"},"modified":"2020-09-29T15:04:37","modified_gmt":"2020-09-29T14:04:37","slug":"library","status":"publish","type":"page","link":"https:\/\/aroundersenseofpurpose.eu\/de\/library\/","title":{"rendered":"Bibliothek"},"content":{"rendered":"\n<p>Hier finden Sie viele Referenzen, auf die wir bei der Entwicklung des RSP-Kompetenzrahmens zur\u00fcckgegriffen haben. Wenn Sie Referenzen finden m\u00f6chten, die sich auf eine bestimmte Kompetenz beziehen, gehen Sie zum Modell, w\u00e4hlen Sie eine Kompetenz aus und klicken Sie unten auf der Seite auf &#8220;N\u00fctzliche Informationen&#8221; f\u00fcr diese Kompetenz. <\/p>\n","protected":false},"excerpt":{"rendered":"<p>Hier finden Sie viele Referenzen, auf die wir bei der Entwicklung des RSP-Kompetenzrahmens zur\u00fcckgegriffen haben. Wenn Sie Referenzen finden m\u00f6chten, die sich auf eine bestimmte Kompetenz beziehen, gehen Sie zum Modell, w\u00e4hlen Sie eine Kompetenz aus und klicken Sie unten auf der Seite auf &#8220;N\u00fctzliche Informationen&#8221; f\u00fcr diese Kompetenz.<\/p>\n","protected":false},"author":1,"featured_media":0,"parent":0,"menu_order":0,"comment_status":"closed","ping_status":"closed","template":"page-library.php","meta":{"_lmt_disableupdate":"","_lmt_disable":"","footnotes":""},"class_list":["post-63","page","type-page","status-publish","hentry"],"_links":{"self":[{"href":"https:\/\/aroundersenseofpurpose.eu\/de\/wp-json\/wp\/v2\/pages\/63","targetHints":{"allow":["GET"]}}],"collection":[{"href":"https:\/\/aroundersenseofpurpose.eu\/de\/wp-json\/wp\/v2\/pages"}],"about":[{"href":"https:\/\/aroundersenseofpurpose.eu\/de\/wp-json\/wp\/v2\/types\/page"}],"author":[{"embeddable":true,"href":"https:\/\/aroundersenseofpurpose.eu\/de\/wp-json\/wp\/v2\/users\/1"}],"replies":[{"embeddable":true,"href":"https:\/\/aroundersenseofpurpose.eu\/de\/wp-json\/wp\/v2\/comments?post=63"}],"version-history":[{"count":8,"href":"https:\/\/aroundersenseofpurpose.eu\/de\/wp-json\/wp\/v2\/pages\/63\/revisions"}],"predecessor-version":[{"id":1866,"href":"https:\/\/aroundersenseofpurpose.eu\/de\/wp-json\/wp\/v2\/pages\/63\/revisions\/1866"}],"wp:attachment":[{"href":"https:\/\/aroundersenseofpurpose.eu\/de\/wp-json\/wp\/v2\/media?parent=63"}],"curies":[{"name":"wp","href":"https:\/\/api.w.org\/{rel}","templated":true}]}}