{"id":548,"date":"2020-04-10T15:24:06","date_gmt":"2020-04-10T14:24:06","guid":{"rendered":"https:\/\/aroundersenseofpurpose.eu\/de\/?page_id=548"},"modified":"2020-09-29T15:37:14","modified_gmt":"2020-09-29T14:37:14","slug":"sdg16","status":"publish","type":"page","link":"https:\/\/aroundersenseofpurpose.eu\/de\/sdgs\/sdg16\/","title":{"rendered":"Frieden, Gerechtigkeit und starke Institutionen"},"content":{"rendered":"\n<p>Wie die UNO es ausdr\u00fcckt: Die Bedrohung durch internationale Morde, Gewalt gegen Kinder, Menschenhandel und sexuelle Gewalt ist wichtig, um friedliche und integrative Gesellschaften f\u00fcr eine nachhaltige Entwicklung zu f\u00f6rdern. Sie ebnen den Weg f\u00fcr die Bereitstellung des Zugangs zur Justiz f\u00fcr alle und f\u00fcr den Aufbau wirksamer, rechenschaftspflichtiger Institutionen auf allen Ebenen.<\/p>\n","protected":false},"excerpt":{"rendered":"<p>Wie die UNO es ausdr\u00fcckt: Die Bedrohung durch internationale Morde, Gewalt gegen Kinder, Menschenhandel und sexuelle Gewalt ist wichtig, um friedliche und integrative Gesellschaften f\u00fcr eine nachhaltige Entwicklung zu f\u00f6rdern. Sie ebnen den Weg f\u00fcr die Bereitstellung des Zugangs zur Justiz f\u00fcr alle und f\u00fcr den Aufbau wirksamer, rechenschaftspflichtiger Institutionen auf allen Ebenen.<\/p>\n","protected":false},"author":1,"featured_media":0,"parent":425,"menu_order":0,"comment_status":"closed","ping_status":"closed","template":"page-sdg.php","meta":{"_lmt_disableupdate":"","_lmt_disable":"","footnotes":""},"class_list":["post-548","page","type-page","status-publish","hentry"],"_links":{"self":[{"href":"https:\/\/aroundersenseofpurpose.eu\/de\/wp-json\/wp\/v2\/pages\/548","targetHints":{"allow":["GET"]}}],"collection":[{"href":"https:\/\/aroundersenseofpurpose.eu\/de\/wp-json\/wp\/v2\/pages"}],"about":[{"href":"https:\/\/aroundersenseofpurpose.eu\/de\/wp-json\/wp\/v2\/types\/page"}],"author":[{"embeddable":true,"href":"https:\/\/aroundersenseofpurpose.eu\/de\/wp-json\/wp\/v2\/users\/1"}],"replies":[{"embeddable":true,"href":"https:\/\/aroundersenseofpurpose.eu\/de\/wp-json\/wp\/v2\/comments?post=548"}],"version-history":[{"count":5,"href":"https:\/\/aroundersenseofpurpose.eu\/de\/wp-json\/wp\/v2\/pages\/548\/revisions"}],"predecessor-version":[{"id":1894,"href":"https:\/\/aroundersenseofpurpose.eu\/de\/wp-json\/wp\/v2\/pages\/548\/revisions\/1894"}],"up":[{"embeddable":true,"href":"https:\/\/aroundersenseofpurpose.eu\/de\/wp-json\/wp\/v2\/pages\/425"}],"wp:attachment":[{"href":"https:\/\/aroundersenseofpurpose.eu\/de\/wp-json\/wp\/v2\/media?parent=548"}],"curies":[{"name":"wp","href":"https:\/\/api.w.org\/{rel}","templated":true}]}}