{"id":546,"date":"2020-04-10T15:22:50","date_gmt":"2020-04-10T14:22:50","guid":{"rendered":"https:\/\/aroundersenseofpurpose.eu\/de\/?page_id=546"},"modified":"2020-09-29T15:30:50","modified_gmt":"2020-09-29T14:30:50","slug":"sdg15","status":"publish","type":"page","link":"https:\/\/aroundersenseofpurpose.eu\/de\/sdgs\/sdg15\/","title":{"rendered":"Leben an Land"},"content":{"rendered":"\n<p>Wie die UNO es ausdr\u00fcckt: W\u00e4lder bedecken 30,7 Prozent der Erdoberfl\u00e4che, und sie bieten nicht nur Ern\u00e4hrungssicherheit und Schutz, sondern sind auch der Schl\u00fcssel zur Bek\u00e4mpfung des Klimawandels, zum Schutz der Artenvielfalt und der H\u00e4user der indigenen Bev\u00f6lkerung. Durch den Schutz der W\u00e4lder k\u00f6nnen wir auch das Management nat\u00fcrlicher Ressourcen st\u00e4rken und die Landproduktivit\u00e4t steigern.<\/p>\n","protected":false},"excerpt":{"rendered":"<p>Wie die UNO es ausdr\u00fcckt: W\u00e4lder bedecken 30,7 Prozent der Erdoberfl\u00e4che, und sie bieten nicht nur Ern\u00e4hrungssicherheit und Schutz, sondern sind auch der Schl\u00fcssel zur Bek\u00e4mpfung des Klimawandels, zum Schutz der Artenvielfalt und der H\u00e4user der indigenen Bev\u00f6lkerung. Durch den Schutz der W\u00e4lder k\u00f6nnen wir auch das Management nat\u00fcrlicher Ressourcen st\u00e4rken und die Landproduktivit\u00e4t steigern.<\/p>\n","protected":false},"author":1,"featured_media":0,"parent":425,"menu_order":0,"comment_status":"closed","ping_status":"closed","template":"page-sdg.php","meta":{"_lmt_disableupdate":"","_lmt_disable":"","footnotes":""},"class_list":["post-546","page","type-page","status-publish","hentry"],"_links":{"self":[{"href":"https:\/\/aroundersenseofpurpose.eu\/de\/wp-json\/wp\/v2\/pages\/546","targetHints":{"allow":["GET"]}}],"collection":[{"href":"https:\/\/aroundersenseofpurpose.eu\/de\/wp-json\/wp\/v2\/pages"}],"about":[{"href":"https:\/\/aroundersenseofpurpose.eu\/de\/wp-json\/wp\/v2\/types\/page"}],"author":[{"embeddable":true,"href":"https:\/\/aroundersenseofpurpose.eu\/de\/wp-json\/wp\/v2\/users\/1"}],"replies":[{"embeddable":true,"href":"https:\/\/aroundersenseofpurpose.eu\/de\/wp-json\/wp\/v2\/comments?post=546"}],"version-history":[{"count":4,"href":"https:\/\/aroundersenseofpurpose.eu\/de\/wp-json\/wp\/v2\/pages\/546\/revisions"}],"predecessor-version":[{"id":1883,"href":"https:\/\/aroundersenseofpurpose.eu\/de\/wp-json\/wp\/v2\/pages\/546\/revisions\/1883"}],"up":[{"embeddable":true,"href":"https:\/\/aroundersenseofpurpose.eu\/de\/wp-json\/wp\/v2\/pages\/425"}],"wp:attachment":[{"href":"https:\/\/aroundersenseofpurpose.eu\/de\/wp-json\/wp\/v2\/media?parent=546"}],"curies":[{"name":"wp","href":"https:\/\/api.w.org\/{rel}","templated":true}]}}