{"id":544,"date":"2020-04-10T15:22:18","date_gmt":"2020-04-10T14:22:18","guid":{"rendered":"https:\/\/aroundersenseofpurpose.eu\/de\/?page_id=544"},"modified":"2020-09-29T16:16:04","modified_gmt":"2020-09-29T15:16:04","slug":"sdg14","status":"publish","type":"page","link":"https:\/\/aroundersenseofpurpose.eu\/de\/sdgs\/sdg14\/","title":{"rendered":"Leben unter Wasser"},"content":{"rendered":"\n<p>Wie die UNO es ausdr\u00fcckt: Meeresschutzgebiete m\u00fcssen effektiv verwaltet und gut ausgestattet werden, und es m\u00fcssen Regelungen getroffen werden, um \u00dcberfischung, Meeresverschmutzung und Versauerung der Ozeane zu reduzieren.<\/p>\n","protected":false},"excerpt":{"rendered":"<p>Wie die UNO es ausdr\u00fcckt: Meeresschutzgebiete m\u00fcssen effektiv verwaltet und gut ausgestattet werden, und es m\u00fcssen Regelungen getroffen werden, um \u00dcberfischung, Meeresverschmutzung und Versauerung der Ozeane zu reduzieren.<\/p>\n","protected":false},"author":1,"featured_media":0,"parent":425,"menu_order":0,"comment_status":"closed","ping_status":"closed","template":"page-sdg.php","meta":{"_lmt_disableupdate":"","_lmt_disable":"","footnotes":""},"class_list":["post-544","page","type-page","status-publish","hentry"],"_links":{"self":[{"href":"https:\/\/aroundersenseofpurpose.eu\/de\/wp-json\/wp\/v2\/pages\/544","targetHints":{"allow":["GET"]}}],"collection":[{"href":"https:\/\/aroundersenseofpurpose.eu\/de\/wp-json\/wp\/v2\/pages"}],"about":[{"href":"https:\/\/aroundersenseofpurpose.eu\/de\/wp-json\/wp\/v2\/types\/page"}],"author":[{"embeddable":true,"href":"https:\/\/aroundersenseofpurpose.eu\/de\/wp-json\/wp\/v2\/users\/1"}],"replies":[{"embeddable":true,"href":"https:\/\/aroundersenseofpurpose.eu\/de\/wp-json\/wp\/v2\/comments?post=544"}],"version-history":[{"count":4,"href":"https:\/\/aroundersenseofpurpose.eu\/de\/wp-json\/wp\/v2\/pages\/544\/revisions"}],"predecessor-version":[{"id":1922,"href":"https:\/\/aroundersenseofpurpose.eu\/de\/wp-json\/wp\/v2\/pages\/544\/revisions\/1922"}],"up":[{"embeddable":true,"href":"https:\/\/aroundersenseofpurpose.eu\/de\/wp-json\/wp\/v2\/pages\/425"}],"wp:attachment":[{"href":"https:\/\/aroundersenseofpurpose.eu\/de\/wp-json\/wp\/v2\/media?parent=544"}],"curies":[{"name":"wp","href":"https:\/\/api.w.org\/{rel}","templated":true}]}}