{"id":542,"date":"2020-04-10T15:21:29","date_gmt":"2020-04-10T14:21:29","guid":{"rendered":"https:\/\/aroundersenseofpurpose.eu\/de\/?page_id=542"},"modified":"2020-09-29T15:25:01","modified_gmt":"2020-09-29T14:25:01","slug":"sdg13","status":"publish","type":"page","link":"https:\/\/aroundersenseofpurpose.eu\/de\/sdgs\/sdg13\/","title":{"rendered":"Ma\u00dfnahmen zum Klimaschutz"},"content":{"rendered":"\n<p>Wie die UNO es ausdr\u00fcckt: Der Klimawandel betrifft heute jedes Land auf jedem Kontinent. Er st\u00f6rt die Volkswirtschaften und beeintr\u00e4chtigt Leben, kostet Menschen, Gemeinschaften und L\u00e4nder heute viel Geld und morgen noch mehr. Die Wettermuster \u00e4ndern sich, der Meeresspiegel steigt, Wetterereignisse werden extremer, und die Treibhausgasemissionen sind jetzt auf dem h\u00f6chsten Stand der Geschichte. Wenn nichts unternommen wird, wird die durchschnittliche Oberfl\u00e4chentemperatur der Welt in diesem Jahrhundert wahrscheinlich \u00fcber 3 Grad Celsius liegen. Die \u00e4rmsten und verletzlichsten Menschen sind am st\u00e4rksten betroffen.<\/p>\n","protected":false},"excerpt":{"rendered":"<p>Wie die UNO es ausdr\u00fcckt: Der Klimawandel betrifft heute jedes Land auf jedem Kontinent. Er st\u00f6rt die Volkswirtschaften und beeintr\u00e4chtigt Leben, kostet Menschen, Gemeinschaften und L\u00e4nder heute viel Geld und morgen noch mehr. Die Wettermuster \u00e4ndern sich, der Meeresspiegel steigt, Wetterereignisse werden extremer, und die Treibhausgasemissionen sind jetzt auf dem h\u00f6chsten Stand der Geschichte. Wenn [&hellip;]<\/p>\n","protected":false},"author":1,"featured_media":0,"parent":425,"menu_order":0,"comment_status":"closed","ping_status":"closed","template":"page-sdg.php","meta":{"_lmt_disableupdate":"","_lmt_disable":"","footnotes":""},"class_list":["post-542","page","type-page","status-publish","hentry"],"_links":{"self":[{"href":"https:\/\/aroundersenseofpurpose.eu\/de\/wp-json\/wp\/v2\/pages\/542","targetHints":{"allow":["GET"]}}],"collection":[{"href":"https:\/\/aroundersenseofpurpose.eu\/de\/wp-json\/wp\/v2\/pages"}],"about":[{"href":"https:\/\/aroundersenseofpurpose.eu\/de\/wp-json\/wp\/v2\/types\/page"}],"author":[{"embeddable":true,"href":"https:\/\/aroundersenseofpurpose.eu\/de\/wp-json\/wp\/v2\/users\/1"}],"replies":[{"embeddable":true,"href":"https:\/\/aroundersenseofpurpose.eu\/de\/wp-json\/wp\/v2\/comments?post=542"}],"version-history":[{"count":4,"href":"https:\/\/aroundersenseofpurpose.eu\/de\/wp-json\/wp\/v2\/pages\/542\/revisions"}],"predecessor-version":[{"id":1877,"href":"https:\/\/aroundersenseofpurpose.eu\/de\/wp-json\/wp\/v2\/pages\/542\/revisions\/1877"}],"up":[{"embeddable":true,"href":"https:\/\/aroundersenseofpurpose.eu\/de\/wp-json\/wp\/v2\/pages\/425"}],"wp:attachment":[{"href":"https:\/\/aroundersenseofpurpose.eu\/de\/wp-json\/wp\/v2\/media?parent=542"}],"curies":[{"name":"wp","href":"https:\/\/api.w.org\/{rel}","templated":true}]}}