{"id":540,"date":"2020-04-10T15:20:39","date_gmt":"2020-04-10T14:20:39","guid":{"rendered":"https:\/\/aroundersenseofpurpose.eu\/de\/?page_id=540"},"modified":"2020-09-29T15:36:07","modified_gmt":"2020-09-29T14:36:07","slug":"sdg12","status":"publish","type":"page","link":"https:\/\/aroundersenseofpurpose.eu\/de\/sdgs\/sdg12\/","title":{"rendered":"Nachhaltige\/r Konsum und Produktion"},"content":{"rendered":"\n<p>Wie die UNO es ausdr\u00fcckt: Bei nachhaltigem Konsum und nachhaltiger Produktion geht es um die F\u00f6rderung von Ressourcen- und Energieeffizienz, nachhaltige Infrastruktur, Zugang zu grundlegenden Dienstleistungen, umweltfreundliche und menschenw\u00fcrdige Arbeitspl\u00e4tze und eine bessere Lebensqualit\u00e4t f\u00fcr alle. Ihre Umsetzung tr\u00e4gt dazu bei, Gesamtentwicklungspl\u00e4ne zu erreichen, k\u00fcnftige wirtschaftliche, \u00f6kologische und soziale Kosten zu reduzieren, die wirtschaftliche Wettbewerbsf\u00e4higkeit zu st\u00e4rken und die Armut zu verringern.<\/p>\n","protected":false},"excerpt":{"rendered":"<p>Wie die UNO es ausdr\u00fcckt: Bei nachhaltigem Konsum und nachhaltiger Produktion geht es um die F\u00f6rderung von Ressourcen- und Energieeffizienz, nachhaltige Infrastruktur, Zugang zu grundlegenden Dienstleistungen, umweltfreundliche und menschenw\u00fcrdige Arbeitspl\u00e4tze und eine bessere Lebensqualit\u00e4t f\u00fcr alle. Ihre Umsetzung tr\u00e4gt dazu bei, Gesamtentwicklungspl\u00e4ne zu erreichen, k\u00fcnftige wirtschaftliche, \u00f6kologische und soziale Kosten zu reduzieren, die wirtschaftliche Wettbewerbsf\u00e4higkeit [&hellip;]<\/p>\n","protected":false},"author":1,"featured_media":0,"parent":425,"menu_order":0,"comment_status":"closed","ping_status":"closed","template":"page-sdg.php","meta":{"_lmt_disableupdate":"","_lmt_disable":"","footnotes":""},"class_list":["post-540","page","type-page","status-publish","hentry"],"_links":{"self":[{"href":"https:\/\/aroundersenseofpurpose.eu\/de\/wp-json\/wp\/v2\/pages\/540","targetHints":{"allow":["GET"]}}],"collection":[{"href":"https:\/\/aroundersenseofpurpose.eu\/de\/wp-json\/wp\/v2\/pages"}],"about":[{"href":"https:\/\/aroundersenseofpurpose.eu\/de\/wp-json\/wp\/v2\/types\/page"}],"author":[{"embeddable":true,"href":"https:\/\/aroundersenseofpurpose.eu\/de\/wp-json\/wp\/v2\/users\/1"}],"replies":[{"embeddable":true,"href":"https:\/\/aroundersenseofpurpose.eu\/de\/wp-json\/wp\/v2\/comments?post=540"}],"version-history":[{"count":5,"href":"https:\/\/aroundersenseofpurpose.eu\/de\/wp-json\/wp\/v2\/pages\/540\/revisions"}],"predecessor-version":[{"id":1893,"href":"https:\/\/aroundersenseofpurpose.eu\/de\/wp-json\/wp\/v2\/pages\/540\/revisions\/1893"}],"up":[{"embeddable":true,"href":"https:\/\/aroundersenseofpurpose.eu\/de\/wp-json\/wp\/v2\/pages\/425"}],"wp:attachment":[{"href":"https:\/\/aroundersenseofpurpose.eu\/de\/wp-json\/wp\/v2\/media?parent=540"}],"curies":[{"name":"wp","href":"https:\/\/api.w.org\/{rel}","templated":true}]}}