{"id":538,"date":"2020-04-10T15:20:00","date_gmt":"2020-04-10T14:20:00","guid":{"rendered":"https:\/\/aroundersenseofpurpose.eu\/de\/?page_id=538"},"modified":"2020-09-29T15:35:20","modified_gmt":"2020-09-29T14:35:20","slug":"sdg11","status":"publish","type":"page","link":"https:\/\/aroundersenseofpurpose.eu\/de\/sdgs\/sdg11\/","title":{"rendered":"Nachhaltige St\u00e4dte und Gemeinden"},"content":{"rendered":"\n<p>Wie die UNO es ausdr\u00fcckt: Die Herausforderungen der raschen Urbanisierung, wie die sichere Beseitigung und Bewirtschaftung fester Abf\u00e4lle in den St\u00e4dten, k\u00f6nnen so bew\u00e4ltigt werden, dass sie weiterhin gedeihen und wachsen k\u00f6nnen, w\u00e4hrend gleichzeitig die Ressourcennutzung verbessert und Umweltverschmutzung und Armut verringert werden. Ein solches Beispiel ist die Zunahme der kommunalen Abfallsammlung. Es muss eine Zukunft geben, in der St\u00e4dte Chancen f\u00fcr alle bieten, mit Zugang zu Grundversorgung, Energie, Wohnraum, Transport und mehr.<\/p>\n","protected":false},"excerpt":{"rendered":"<p>Wie die UNO es ausdr\u00fcckt: Die Herausforderungen der raschen Urbanisierung, wie die sichere Beseitigung und Bewirtschaftung fester Abf\u00e4lle in den St\u00e4dten, k\u00f6nnen so bew\u00e4ltigt werden, dass sie weiterhin gedeihen und wachsen k\u00f6nnen, w\u00e4hrend gleichzeitig die Ressourcennutzung verbessert und Umweltverschmutzung und Armut verringert werden. Ein solches Beispiel ist die Zunahme der kommunalen Abfallsammlung. Es muss eine [&hellip;]<\/p>\n","protected":false},"author":1,"featured_media":0,"parent":425,"menu_order":0,"comment_status":"closed","ping_status":"closed","template":"page-sdg.php","meta":{"_lmt_disableupdate":"","_lmt_disable":"","footnotes":""},"class_list":["post-538","page","type-page","status-publish","hentry"],"_links":{"self":[{"href":"https:\/\/aroundersenseofpurpose.eu\/de\/wp-json\/wp\/v2\/pages\/538","targetHints":{"allow":["GET"]}}],"collection":[{"href":"https:\/\/aroundersenseofpurpose.eu\/de\/wp-json\/wp\/v2\/pages"}],"about":[{"href":"https:\/\/aroundersenseofpurpose.eu\/de\/wp-json\/wp\/v2\/types\/page"}],"author":[{"embeddable":true,"href":"https:\/\/aroundersenseofpurpose.eu\/de\/wp-json\/wp\/v2\/users\/1"}],"replies":[{"embeddable":true,"href":"https:\/\/aroundersenseofpurpose.eu\/de\/wp-json\/wp\/v2\/comments?post=538"}],"version-history":[{"count":4,"href":"https:\/\/aroundersenseofpurpose.eu\/de\/wp-json\/wp\/v2\/pages\/538\/revisions"}],"predecessor-version":[{"id":1892,"href":"https:\/\/aroundersenseofpurpose.eu\/de\/wp-json\/wp\/v2\/pages\/538\/revisions\/1892"}],"up":[{"embeddable":true,"href":"https:\/\/aroundersenseofpurpose.eu\/de\/wp-json\/wp\/v2\/pages\/425"}],"wp:attachment":[{"href":"https:\/\/aroundersenseofpurpose.eu\/de\/wp-json\/wp\/v2\/media?parent=538"}],"curies":[{"name":"wp","href":"https:\/\/api.w.org\/{rel}","templated":true}]}}