{"id":536,"date":"2020-04-10T15:19:21","date_gmt":"2020-04-10T14:19:21","guid":{"rendered":"https:\/\/aroundersenseofpurpose.eu\/de\/?page_id=536"},"modified":"2020-09-29T15:34:45","modified_gmt":"2020-09-29T14:34:45","slug":"sdg10","status":"publish","type":"page","link":"https:\/\/aroundersenseofpurpose.eu\/de\/sdgs\/sdg10\/","title":{"rendered":"Weniger Ungleichheiten"},"content":{"rendered":"\n<p>Wie die UNO es ausdr\u00fcckt: Um die Ungleichheit zu verringern, sollte die Politik im Prinzip universell sein und die Bed\u00fcrfnisse benachteiligter und marginalisierter Bev\u00f6lkerungsgruppen ber\u00fccksichtigen. Die Zollfreiheit muss ausgeweitet und Exporte aus Entwicklungsl\u00e4ndern weiterhin beg\u00fcnstigt werden, zus\u00e4tzlich zur Erh\u00f6hung des Stimmenanteils der Entwicklungsl\u00e4nder innerhalb des IWF. Schlie\u00dflich k\u00f6nnen technologische Innovationen dazu beitragen, die Kosten des Geldtransfers f\u00fcr Wanderarbeitnehmer*innen zu senken.<\/p>\n","protected":false},"excerpt":{"rendered":"<p>Wie die UNO es ausdr\u00fcckt: Um die Ungleichheit zu verringern, sollte die Politik im Prinzip universell sein und die Bed\u00fcrfnisse benachteiligter und marginalisierter Bev\u00f6lkerungsgruppen ber\u00fccksichtigen. Die Zollfreiheit muss ausgeweitet und Exporte aus Entwicklungsl\u00e4ndern weiterhin beg\u00fcnstigt werden, zus\u00e4tzlich zur Erh\u00f6hung des Stimmenanteils der Entwicklungsl\u00e4nder innerhalb des IWF. Schlie\u00dflich k\u00f6nnen technologische Innovationen dazu beitragen, die Kosten des [&hellip;]<\/p>\n","protected":false},"author":1,"featured_media":0,"parent":425,"menu_order":0,"comment_status":"closed","ping_status":"closed","template":"page-sdg.php","meta":{"_lmt_disableupdate":"","_lmt_disable":"","footnotes":""},"class_list":["post-536","page","type-page","status-publish","hentry"],"_links":{"self":[{"href":"https:\/\/aroundersenseofpurpose.eu\/de\/wp-json\/wp\/v2\/pages\/536","targetHints":{"allow":["GET"]}}],"collection":[{"href":"https:\/\/aroundersenseofpurpose.eu\/de\/wp-json\/wp\/v2\/pages"}],"about":[{"href":"https:\/\/aroundersenseofpurpose.eu\/de\/wp-json\/wp\/v2\/types\/page"}],"author":[{"embeddable":true,"href":"https:\/\/aroundersenseofpurpose.eu\/de\/wp-json\/wp\/v2\/users\/1"}],"replies":[{"embeddable":true,"href":"https:\/\/aroundersenseofpurpose.eu\/de\/wp-json\/wp\/v2\/comments?post=536"}],"version-history":[{"count":5,"href":"https:\/\/aroundersenseofpurpose.eu\/de\/wp-json\/wp\/v2\/pages\/536\/revisions"}],"predecessor-version":[{"id":1891,"href":"https:\/\/aroundersenseofpurpose.eu\/de\/wp-json\/wp\/v2\/pages\/536\/revisions\/1891"}],"up":[{"embeddable":true,"href":"https:\/\/aroundersenseofpurpose.eu\/de\/wp-json\/wp\/v2\/pages\/425"}],"wp:attachment":[{"href":"https:\/\/aroundersenseofpurpose.eu\/de\/wp-json\/wp\/v2\/media?parent=536"}],"curies":[{"name":"wp","href":"https:\/\/api.w.org\/{rel}","templated":true}]}}