{"id":534,"date":"2020-04-10T15:18:25","date_gmt":"2020-04-10T14:18:25","guid":{"rendered":"https:\/\/aroundersenseofpurpose.eu\/de\/?page_id=534"},"modified":"2020-09-29T15:30:14","modified_gmt":"2020-09-29T14:30:14","slug":"sdg9","status":"publish","type":"page","link":"https:\/\/aroundersenseofpurpose.eu\/de\/sdgs\/sdg9\/","title":{"rendered":"Industrie, Innovation und Infrastruktur"},"content":{"rendered":"\n<p>Wie die UNO es ausdr\u00fcckt: Investitionen in die Infrastruktur \u2013 Transport, Bew\u00e4sserung, Energie sowie Informations- und Kommunikationstechnologie \u2013 sind in vielen L\u00e4ndern von entscheidender Bedeutung, um eine nachhaltige Entwicklung zu erreichen und die Gemeinschaften zu bef\u00e4higen. Es ist seit langem bekannt, dass Produktivit\u00e4ts- und Einkommenswachstum sowie Verbesserungen im Gesundheits- und Bildungswesen Investitionen in die Infrastruktur erfordern.<\/p>\n","protected":false},"excerpt":{"rendered":"<p>Wie die UNO es ausdr\u00fcckt: Investitionen in die Infrastruktur \u2013 Transport, Bew\u00e4sserung, Energie sowie Informations- und Kommunikationstechnologie \u2013 sind in vielen L\u00e4ndern von entscheidender Bedeutung, um eine nachhaltige Entwicklung zu erreichen und die Gemeinschaften zu bef\u00e4higen. Es ist seit langem bekannt, dass Produktivit\u00e4ts- und Einkommenswachstum sowie Verbesserungen im Gesundheits- und Bildungswesen Investitionen in die Infrastruktur [&hellip;]<\/p>\n","protected":false},"author":1,"featured_media":0,"parent":425,"menu_order":0,"comment_status":"closed","ping_status":"closed","template":"page-sdg.php","meta":{"_lmt_disableupdate":"","_lmt_disable":"","footnotes":""},"class_list":["post-534","page","type-page","status-publish","hentry"],"_links":{"self":[{"href":"https:\/\/aroundersenseofpurpose.eu\/de\/wp-json\/wp\/v2\/pages\/534","targetHints":{"allow":["GET"]}}],"collection":[{"href":"https:\/\/aroundersenseofpurpose.eu\/de\/wp-json\/wp\/v2\/pages"}],"about":[{"href":"https:\/\/aroundersenseofpurpose.eu\/de\/wp-json\/wp\/v2\/types\/page"}],"author":[{"embeddable":true,"href":"https:\/\/aroundersenseofpurpose.eu\/de\/wp-json\/wp\/v2\/users\/1"}],"replies":[{"embeddable":true,"href":"https:\/\/aroundersenseofpurpose.eu\/de\/wp-json\/wp\/v2\/comments?post=534"}],"version-history":[{"count":4,"href":"https:\/\/aroundersenseofpurpose.eu\/de\/wp-json\/wp\/v2\/pages\/534\/revisions"}],"predecessor-version":[{"id":1882,"href":"https:\/\/aroundersenseofpurpose.eu\/de\/wp-json\/wp\/v2\/pages\/534\/revisions\/1882"}],"up":[{"embeddable":true,"href":"https:\/\/aroundersenseofpurpose.eu\/de\/wp-json\/wp\/v2\/pages\/425"}],"wp:attachment":[{"href":"https:\/\/aroundersenseofpurpose.eu\/de\/wp-json\/wp\/v2\/media?parent=534"}],"curies":[{"name":"wp","href":"https:\/\/api.w.org\/{rel}","templated":true}]}}