{"id":532,"date":"2020-04-10T15:17:15","date_gmt":"2020-04-10T14:17:15","guid":{"rendered":"https:\/\/aroundersenseofpurpose.eu\/de\/?page_id=532"},"modified":"2020-09-29T15:26:16","modified_gmt":"2020-09-29T14:26:16","slug":"sdg8","status":"publish","type":"page","link":"https:\/\/aroundersenseofpurpose.eu\/de\/sdgs\/sdg8\/","title":{"rendered":"Menschenw\u00fcrdige Arbeit und Wirtschaftswachstum"},"content":{"rendered":"\n<p>Wie die UNO es ausdr\u00fcckt: F\u00fcr ein nachhaltiges Wirtschaftswachstum m\u00fcssen die Gesellschaften die Bedingungen schaffen, die es den Menschen erm\u00f6glichen, hochwertige Arbeitspl\u00e4tze zu haben, die die Wirtschaft stimulieren und gleichzeitig die Umwelt nicht sch\u00e4digen. Besch\u00e4ftigungsm\u00f6glichkeiten und menschenw\u00fcrdige Arbeitsbedingungen sind auch f\u00fcr die gesamte Bev\u00f6lkerung im erwerbsf\u00e4higen Alter erforderlich. Es muss einen besseren Zugang zu Finanzdienstleistungen geben, um Einkommen zu verwalten, Verm\u00f6gen zu akkumulieren und produktive Investitionen zu t\u00e4tigen. Ein verst\u00e4rktes Engagement f\u00fcr die Handels-, Banken- und Agrarinfrastruktur wird auch dazu beitragen, die Produktivit\u00e4t zu steigern und die Arbeitslosigkeit in den \u00e4rmsten Regionen der Welt zu senken.<\/p>\n","protected":false},"excerpt":{"rendered":"<p>Wie die UNO es ausdr\u00fcckt: F\u00fcr ein nachhaltiges Wirtschaftswachstum m\u00fcssen die Gesellschaften die Bedingungen schaffen, die es den Menschen erm\u00f6glichen, hochwertige Arbeitspl\u00e4tze zu haben, die die Wirtschaft stimulieren und gleichzeitig die Umwelt nicht sch\u00e4digen. Besch\u00e4ftigungsm\u00f6glichkeiten und menschenw\u00fcrdige Arbeitsbedingungen sind auch f\u00fcr die gesamte Bev\u00f6lkerung im erwerbsf\u00e4higen Alter erforderlich. Es muss einen besseren Zugang zu Finanzdienstleistungen [&hellip;]<\/p>\n","protected":false},"author":1,"featured_media":0,"parent":425,"menu_order":0,"comment_status":"closed","ping_status":"closed","template":"page-sdg.php","meta":{"_lmt_disableupdate":"","_lmt_disable":"","footnotes":""},"class_list":["post-532","page","type-page","status-publish","hentry"],"_links":{"self":[{"href":"https:\/\/aroundersenseofpurpose.eu\/de\/wp-json\/wp\/v2\/pages\/532","targetHints":{"allow":["GET"]}}],"collection":[{"href":"https:\/\/aroundersenseofpurpose.eu\/de\/wp-json\/wp\/v2\/pages"}],"about":[{"href":"https:\/\/aroundersenseofpurpose.eu\/de\/wp-json\/wp\/v2\/types\/page"}],"author":[{"embeddable":true,"href":"https:\/\/aroundersenseofpurpose.eu\/de\/wp-json\/wp\/v2\/users\/1"}],"replies":[{"embeddable":true,"href":"https:\/\/aroundersenseofpurpose.eu\/de\/wp-json\/wp\/v2\/comments?post=532"}],"version-history":[{"count":4,"href":"https:\/\/aroundersenseofpurpose.eu\/de\/wp-json\/wp\/v2\/pages\/532\/revisions"}],"predecessor-version":[{"id":1878,"href":"https:\/\/aroundersenseofpurpose.eu\/de\/wp-json\/wp\/v2\/pages\/532\/revisions\/1878"}],"up":[{"embeddable":true,"href":"https:\/\/aroundersenseofpurpose.eu\/de\/wp-json\/wp\/v2\/pages\/425"}],"wp:attachment":[{"href":"https:\/\/aroundersenseofpurpose.eu\/de\/wp-json\/wp\/v2\/media?parent=532"}],"curies":[{"name":"wp","href":"https:\/\/api.w.org\/{rel}","templated":true}]}}