{"id":530,"date":"2020-04-10T15:16:15","date_gmt":"2020-04-10T14:16:15","guid":{"rendered":"https:\/\/aroundersenseofpurpose.eu\/de\/?page_id=530"},"modified":"2020-09-29T15:23:08","modified_gmt":"2020-09-29T14:23:08","slug":"sdg7","status":"publish","type":"page","link":"https:\/\/aroundersenseofpurpose.eu\/de\/sdgs\/sdg7\/","title":{"rendered":"Bezahlbare und saubere Energie"},"content":{"rendered":"\n<p>Wie die UNO es ausdr\u00fcckt: Energie ist f\u00fcr fast alle gro\u00dfen Herausforderungen und Chancen, vor denen die Welt heute steht, von zentraler Bedeutung. Ob es um Arbeitspl\u00e4tze, Sicherheit, Klimawandel, Nahrungsmittelproduktion oder steigende Einkommen geht, der Zugang zu Energie f\u00fcr alle ist von wesentlicher Bedeutung. Auf dieses Ziel hinzuarbeiten, ist besonders wichtig, da es mit anderen Zielen der nachhaltigen Entwicklung verkn\u00fcpft ist. Die Konzentration auf den universellen Zugang zu Energie, die Steigerung der Energieeffizienz und die verst\u00e4rkte Nutzung erneuerbarer Energien durch neue Wirtschafts- und Besch\u00e4ftigungsm\u00f6glichkeiten ist entscheidend f\u00fcr die Schaffung nachhaltigerer und integrativer Gemeinschaften und die Widerstandsf\u00e4higkeit gegen\u00fcber Umweltproblemen wie dem Klimawandel.<\/p>\n","protected":false},"excerpt":{"rendered":"<p>Wie die UNO es ausdr\u00fcckt: Energie ist f\u00fcr fast alle gro\u00dfen Herausforderungen und Chancen, vor denen die Welt heute steht, von zentraler Bedeutung. Ob es um Arbeitspl\u00e4tze, Sicherheit, Klimawandel, Nahrungsmittelproduktion oder steigende Einkommen geht, der Zugang zu Energie f\u00fcr alle ist von wesentlicher Bedeutung. Auf dieses Ziel hinzuarbeiten, ist besonders wichtig, da es mit anderen [&hellip;]<\/p>\n","protected":false},"author":1,"featured_media":0,"parent":425,"menu_order":0,"comment_status":"closed","ping_status":"closed","template":"page-sdg.php","meta":{"_lmt_disableupdate":"","_lmt_disable":"","footnotes":""},"class_list":["post-530","page","type-page","status-publish","hentry"],"_links":{"self":[{"href":"https:\/\/aroundersenseofpurpose.eu\/de\/wp-json\/wp\/v2\/pages\/530","targetHints":{"allow":["GET"]}}],"collection":[{"href":"https:\/\/aroundersenseofpurpose.eu\/de\/wp-json\/wp\/v2\/pages"}],"about":[{"href":"https:\/\/aroundersenseofpurpose.eu\/de\/wp-json\/wp\/v2\/types\/page"}],"author":[{"embeddable":true,"href":"https:\/\/aroundersenseofpurpose.eu\/de\/wp-json\/wp\/v2\/users\/1"}],"replies":[{"embeddable":true,"href":"https:\/\/aroundersenseofpurpose.eu\/de\/wp-json\/wp\/v2\/comments?post=530"}],"version-history":[{"count":4,"href":"https:\/\/aroundersenseofpurpose.eu\/de\/wp-json\/wp\/v2\/pages\/530\/revisions"}],"predecessor-version":[{"id":1874,"href":"https:\/\/aroundersenseofpurpose.eu\/de\/wp-json\/wp\/v2\/pages\/530\/revisions\/1874"}],"up":[{"embeddable":true,"href":"https:\/\/aroundersenseofpurpose.eu\/de\/wp-json\/wp\/v2\/pages\/425"}],"wp:attachment":[{"href":"https:\/\/aroundersenseofpurpose.eu\/de\/wp-json\/wp\/v2\/media?parent=530"}],"curies":[{"name":"wp","href":"https:\/\/api.w.org\/{rel}","templated":true}]}}