{"id":528,"date":"2020-04-10T15:13:40","date_gmt":"2020-04-10T14:13:40","guid":{"rendered":"https:\/\/aroundersenseofpurpose.eu\/de\/?page_id=528"},"modified":"2020-09-29T15:24:14","modified_gmt":"2020-09-29T14:24:14","slug":"sdg6","status":"publish","type":"page","link":"https:\/\/aroundersenseofpurpose.eu\/de\/sdgs\/sdg6\/","title":{"rendered":"Sauberes Wasser und Sanit\u00e4reinrichtungen"},"content":{"rendered":"\n<p>Wie die UNO es ausdr\u00fcckt: Sauberes, zug\u00e4ngliches Wasser f\u00fcr alle ist ein wesentlicher Teil der Welt, in der wir leben wollen, und daf\u00fcr gibt es gen\u00fcgend S\u00fc\u00dfwasser auf dem Planeten. Aufgrund der schlechten Wirtschaftslage oder der schlechten Infrastruktur sterben jedoch jedes Jahr Millionen von Menschen, darunter auch Kinder, an Krankheiten, die mit unzureichender Wasserversorgung, Abwasserentsorgung und Hygiene zusammenh\u00e4ngen.<\/p>\n","protected":false},"excerpt":{"rendered":"<p>Wie die UNO es ausdr\u00fcckt: Sauberes, zug\u00e4ngliches Wasser f\u00fcr alle ist ein wesentlicher Teil der Welt, in der wir leben wollen, und daf\u00fcr gibt es gen\u00fcgend S\u00fc\u00dfwasser auf dem Planeten. Aufgrund der schlechten Wirtschaftslage oder der schlechten Infrastruktur sterben jedoch jedes Jahr Millionen von Menschen, darunter auch Kinder, an Krankheiten, die mit unzureichender Wasserversorgung, Abwasserentsorgung [&hellip;]<\/p>\n","protected":false},"author":1,"featured_media":0,"parent":425,"menu_order":0,"comment_status":"closed","ping_status":"closed","template":"page-sdg.php","meta":{"_lmt_disableupdate":"","_lmt_disable":"","footnotes":""},"class_list":["post-528","page","type-page","status-publish","hentry"],"_links":{"self":[{"href":"https:\/\/aroundersenseofpurpose.eu\/de\/wp-json\/wp\/v2\/pages\/528","targetHints":{"allow":["GET"]}}],"collection":[{"href":"https:\/\/aroundersenseofpurpose.eu\/de\/wp-json\/wp\/v2\/pages"}],"about":[{"href":"https:\/\/aroundersenseofpurpose.eu\/de\/wp-json\/wp\/v2\/types\/page"}],"author":[{"embeddable":true,"href":"https:\/\/aroundersenseofpurpose.eu\/de\/wp-json\/wp\/v2\/users\/1"}],"replies":[{"embeddable":true,"href":"https:\/\/aroundersenseofpurpose.eu\/de\/wp-json\/wp\/v2\/comments?post=528"}],"version-history":[{"count":5,"href":"https:\/\/aroundersenseofpurpose.eu\/de\/wp-json\/wp\/v2\/pages\/528\/revisions"}],"predecessor-version":[{"id":1876,"href":"https:\/\/aroundersenseofpurpose.eu\/de\/wp-json\/wp\/v2\/pages\/528\/revisions\/1876"}],"up":[{"embeddable":true,"href":"https:\/\/aroundersenseofpurpose.eu\/de\/wp-json\/wp\/v2\/pages\/425"}],"wp:attachment":[{"href":"https:\/\/aroundersenseofpurpose.eu\/de\/wp-json\/wp\/v2\/media?parent=528"}],"curies":[{"name":"wp","href":"https:\/\/api.w.org\/{rel}","templated":true}]}}