{"id":524,"date":"2020-04-10T15:11:53","date_gmt":"2020-04-10T14:11:53","guid":{"rendered":"https:\/\/aroundersenseofpurpose.eu\/de\/?page_id=524"},"modified":"2020-09-29T15:34:02","modified_gmt":"2020-09-29T14:34:02","slug":"sdg4","status":"publish","type":"page","link":"https:\/\/aroundersenseofpurpose.eu\/de\/sdgs\/sdg4\/","title":{"rendered":"Hochwertige Bildung"},"content":{"rendered":"\n<p>Wie die UNO es ausdr\u00fcckt: Der Erwerb einer qualitativ hochwertigen Bildung ist die Grundlage f\u00fcr die Schaffung einer nachhaltigen Entwicklung. Neben der Verbesserung der Lebensqualit\u00e4t kann der Zugang zu inklusiver Bildung dazu beitragen, die lokale Bev\u00f6lkerung mit den Instrumenten auszustatten, die f\u00fcr die Entwicklung innovativer L\u00f6sungen f\u00fcr die gr\u00f6\u00dften Probleme der Welt erforderlich sind.<\/p>\n","protected":false},"excerpt":{"rendered":"<p>Wie die UNO es ausdr\u00fcckt: Der Erwerb einer qualitativ hochwertigen Bildung ist die Grundlage f\u00fcr die Schaffung einer nachhaltigen Entwicklung. Neben der Verbesserung der Lebensqualit\u00e4t kann der Zugang zu inklusiver Bildung dazu beitragen, die lokale Bev\u00f6lkerung mit den Instrumenten auszustatten, die f\u00fcr die Entwicklung innovativer L\u00f6sungen f\u00fcr die gr\u00f6\u00dften Probleme der Welt erforderlich sind.<\/p>\n","protected":false},"author":1,"featured_media":0,"parent":425,"menu_order":0,"comment_status":"closed","ping_status":"closed","template":"page-sdg.php","meta":{"_lmt_disableupdate":"","_lmt_disable":"","footnotes":""},"class_list":["post-524","page","type-page","status-publish","hentry"],"_links":{"self":[{"href":"https:\/\/aroundersenseofpurpose.eu\/de\/wp-json\/wp\/v2\/pages\/524","targetHints":{"allow":["GET"]}}],"collection":[{"href":"https:\/\/aroundersenseofpurpose.eu\/de\/wp-json\/wp\/v2\/pages"}],"about":[{"href":"https:\/\/aroundersenseofpurpose.eu\/de\/wp-json\/wp\/v2\/types\/page"}],"author":[{"embeddable":true,"href":"https:\/\/aroundersenseofpurpose.eu\/de\/wp-json\/wp\/v2\/users\/1"}],"replies":[{"embeddable":true,"href":"https:\/\/aroundersenseofpurpose.eu\/de\/wp-json\/wp\/v2\/comments?post=524"}],"version-history":[{"count":4,"href":"https:\/\/aroundersenseofpurpose.eu\/de\/wp-json\/wp\/v2\/pages\/524\/revisions"}],"predecessor-version":[{"id":1890,"href":"https:\/\/aroundersenseofpurpose.eu\/de\/wp-json\/wp\/v2\/pages\/524\/revisions\/1890"}],"up":[{"embeddable":true,"href":"https:\/\/aroundersenseofpurpose.eu\/de\/wp-json\/wp\/v2\/pages\/425"}],"wp:attachment":[{"href":"https:\/\/aroundersenseofpurpose.eu\/de\/wp-json\/wp\/v2\/media?parent=524"}],"curies":[{"name":"wp","href":"https:\/\/api.w.org\/{rel}","templated":true}]}}