{"id":522,"date":"2020-04-10T15:11:15","date_gmt":"2020-04-10T14:11:15","guid":{"rendered":"https:\/\/aroundersenseofpurpose.eu\/de\/?page_id=522"},"modified":"2020-09-29T15:29:36","modified_gmt":"2020-09-29T14:29:36","slug":"sdg3","status":"publish","type":"page","link":"https:\/\/aroundersenseofpurpose.eu\/de\/sdgs\/sdg3\/","title":{"rendered":"Gesundheit und Wohlergehen"},"content":{"rendered":"\n<p>Wie die UNO es ausdr\u00fcckt: Die Gew\u00e4hrleistung eines gesunden Lebens und die F\u00f6rderung des Wohlbefindens in allen Altersgruppen ist f\u00fcr eine nachhaltige Entwicklung unerl\u00e4sslich.<\/p>\n","protected":false},"excerpt":{"rendered":"<p>Wie die UNO es ausdr\u00fcckt: Die Gew\u00e4hrleistung eines gesunden Lebens und die F\u00f6rderung des Wohlbefindens in allen Altersgruppen ist f\u00fcr eine nachhaltige Entwicklung unerl\u00e4sslich.<\/p>\n","protected":false},"author":1,"featured_media":0,"parent":425,"menu_order":0,"comment_status":"closed","ping_status":"closed","template":"page-sdg.php","meta":{"_lmt_disableupdate":"","_lmt_disable":"","footnotes":""},"class_list":["post-522","page","type-page","status-publish","hentry"],"_links":{"self":[{"href":"https:\/\/aroundersenseofpurpose.eu\/de\/wp-json\/wp\/v2\/pages\/522","targetHints":{"allow":["GET"]}}],"collection":[{"href":"https:\/\/aroundersenseofpurpose.eu\/de\/wp-json\/wp\/v2\/pages"}],"about":[{"href":"https:\/\/aroundersenseofpurpose.eu\/de\/wp-json\/wp\/v2\/types\/page"}],"author":[{"embeddable":true,"href":"https:\/\/aroundersenseofpurpose.eu\/de\/wp-json\/wp\/v2\/users\/1"}],"replies":[{"embeddable":true,"href":"https:\/\/aroundersenseofpurpose.eu\/de\/wp-json\/wp\/v2\/comments?post=522"}],"version-history":[{"count":4,"href":"https:\/\/aroundersenseofpurpose.eu\/de\/wp-json\/wp\/v2\/pages\/522\/revisions"}],"predecessor-version":[{"id":1881,"href":"https:\/\/aroundersenseofpurpose.eu\/de\/wp-json\/wp\/v2\/pages\/522\/revisions\/1881"}],"up":[{"embeddable":true,"href":"https:\/\/aroundersenseofpurpose.eu\/de\/wp-json\/wp\/v2\/pages\/425"}],"wp:attachment":[{"href":"https:\/\/aroundersenseofpurpose.eu\/de\/wp-json\/wp\/v2\/media?parent=522"}],"curies":[{"name":"wp","href":"https:\/\/api.w.org\/{rel}","templated":true}]}}