{"id":520,"date":"2020-04-10T15:10:19","date_gmt":"2020-04-10T14:10:19","guid":{"rendered":"https:\/\/aroundersenseofpurpose.eu\/de\/?page_id=520"},"modified":"2020-09-29T15:33:07","modified_gmt":"2020-09-29T14:33:07","slug":"sdg2","status":"publish","type":"page","link":"https:\/\/aroundersenseofpurpose.eu\/de\/sdgs\/sdg2\/","title":{"rendered":"Kein Hunger"},"content":{"rendered":"\n<p>Wie die UNO es ausdr\u00fcckt: Es ist an der Zeit, neu dar\u00fcber nachzudenken, wie wir unsere Lebensmittel anbauen, teilen und konsumieren. Wenn es richtig gemacht wird, k\u00f6nnen Land- und Forstwirtschaft sowie Fischerei nahrhafte Lebensmittel f\u00fcr alle liefern und ein angemessenes Einkommen erwirtschaften, w\u00e4hrend sie gleichzeitig eine auf den Menschen ausgerichtete l\u00e4ndliche Entwicklung unterst\u00fctzen und die Umwelt sch\u00fctzen.<\/p>\n","protected":false},"excerpt":{"rendered":"<p>Wie die UNO es ausdr\u00fcckt: Es ist an der Zeit, neu dar\u00fcber nachzudenken, wie wir unsere Lebensmittel anbauen, teilen und konsumieren. Wenn es richtig gemacht wird, k\u00f6nnen Land- und Forstwirtschaft sowie Fischerei nahrhafte Lebensmittel f\u00fcr alle liefern und ein angemessenes Einkommen erwirtschaften, w\u00e4hrend sie gleichzeitig eine auf den Menschen ausgerichtete l\u00e4ndliche Entwicklung unterst\u00fctzen und die [&hellip;]<\/p>\n","protected":false},"author":1,"featured_media":0,"parent":425,"menu_order":0,"comment_status":"closed","ping_status":"closed","template":"page-sdg.php","meta":{"_lmt_disableupdate":"","_lmt_disable":"","footnotes":""},"class_list":["post-520","page","type-page","status-publish","hentry"],"_links":{"self":[{"href":"https:\/\/aroundersenseofpurpose.eu\/de\/wp-json\/wp\/v2\/pages\/520","targetHints":{"allow":["GET"]}}],"collection":[{"href":"https:\/\/aroundersenseofpurpose.eu\/de\/wp-json\/wp\/v2\/pages"}],"about":[{"href":"https:\/\/aroundersenseofpurpose.eu\/de\/wp-json\/wp\/v2\/types\/page"}],"author":[{"embeddable":true,"href":"https:\/\/aroundersenseofpurpose.eu\/de\/wp-json\/wp\/v2\/users\/1"}],"replies":[{"embeddable":true,"href":"https:\/\/aroundersenseofpurpose.eu\/de\/wp-json\/wp\/v2\/comments?post=520"}],"version-history":[{"count":5,"href":"https:\/\/aroundersenseofpurpose.eu\/de\/wp-json\/wp\/v2\/pages\/520\/revisions"}],"predecessor-version":[{"id":1885,"href":"https:\/\/aroundersenseofpurpose.eu\/de\/wp-json\/wp\/v2\/pages\/520\/revisions\/1885"}],"up":[{"embeddable":true,"href":"https:\/\/aroundersenseofpurpose.eu\/de\/wp-json\/wp\/v2\/pages\/425"}],"wp:attachment":[{"href":"https:\/\/aroundersenseofpurpose.eu\/de\/wp-json\/wp\/v2\/media?parent=520"}],"curies":[{"name":"wp","href":"https:\/\/api.w.org\/{rel}","templated":true}]}}