{"id":518,"date":"2020-04-10T14:50:41","date_gmt":"2020-04-10T13:50:41","guid":{"rendered":"https:\/\/aroundersenseofpurpose.eu\/de\/?page_id=518"},"modified":"2020-09-29T15:31:42","modified_gmt":"2020-09-29T14:31:42","slug":"sdg1","status":"publish","type":"page","link":"https:\/\/aroundersenseofpurpose.eu\/de\/sdgs\/sdg1\/","title":{"rendered":"Keine Armut"},"content":{"rendered":"\n<p>Wie die UNO es ausdr\u00fcckt: Armut hat viele Dimensionen, aber ihre Ursachen sind Arbeitslosigkeit, soziale Ausgrenzung und die hohe Anf\u00e4lligkeit bestimmter Bev\u00f6lkerungsgruppen f\u00fcr Katastrophen, Krankheiten und andere Ph\u00e4nomene, die ihre Produktivit\u00e4t beeintr\u00e4chtigen. Wachsende Ungleichheit wirkt sich nachteilig auf das Wirtschaftswachstum aus und untergr\u00e4bt den sozialen Zusammenhalt, erh\u00f6ht die politischen und sozialen Spannungen und f\u00fchrt unter Umst\u00e4nden zu Instabilit\u00e4t und Konflikten.<\/p>\n","protected":false},"excerpt":{"rendered":"<p>Wie die UNO es ausdr\u00fcckt: Armut hat viele Dimensionen, aber ihre Ursachen sind Arbeitslosigkeit, soziale Ausgrenzung und die hohe Anf\u00e4lligkeit bestimmter Bev\u00f6lkerungsgruppen f\u00fcr Katastrophen, Krankheiten und andere Ph\u00e4nomene, die ihre Produktivit\u00e4t beeintr\u00e4chtigen. Wachsende Ungleichheit wirkt sich nachteilig auf das Wirtschaftswachstum aus und untergr\u00e4bt den sozialen Zusammenhalt, erh\u00f6ht die politischen und sozialen Spannungen und f\u00fchrt unter [&hellip;]<\/p>\n","protected":false},"author":1,"featured_media":0,"parent":425,"menu_order":0,"comment_status":"closed","ping_status":"closed","template":"page-sdg.php","meta":{"_lmt_disableupdate":"","_lmt_disable":"","footnotes":""},"class_list":["post-518","page","type-page","status-publish","hentry"],"_links":{"self":[{"href":"https:\/\/aroundersenseofpurpose.eu\/de\/wp-json\/wp\/v2\/pages\/518","targetHints":{"allow":["GET"]}}],"collection":[{"href":"https:\/\/aroundersenseofpurpose.eu\/de\/wp-json\/wp\/v2\/pages"}],"about":[{"href":"https:\/\/aroundersenseofpurpose.eu\/de\/wp-json\/wp\/v2\/types\/page"}],"author":[{"embeddable":true,"href":"https:\/\/aroundersenseofpurpose.eu\/de\/wp-json\/wp\/v2\/users\/1"}],"replies":[{"embeddable":true,"href":"https:\/\/aroundersenseofpurpose.eu\/de\/wp-json\/wp\/v2\/comments?post=518"}],"version-history":[{"count":5,"href":"https:\/\/aroundersenseofpurpose.eu\/de\/wp-json\/wp\/v2\/pages\/518\/revisions"}],"predecessor-version":[{"id":1884,"href":"https:\/\/aroundersenseofpurpose.eu\/de\/wp-json\/wp\/v2\/pages\/518\/revisions\/1884"}],"up":[{"embeddable":true,"href":"https:\/\/aroundersenseofpurpose.eu\/de\/wp-json\/wp\/v2\/pages\/425"}],"wp:attachment":[{"href":"https:\/\/aroundersenseofpurpose.eu\/de\/wp-json\/wp\/v2\/media?parent=518"}],"curies":[{"name":"wp","href":"https:\/\/api.w.org\/{rel}","templated":true}]}}