{"id":499,"date":"2020-04-10T12:57:21","date_gmt":"2020-04-10T11:57:21","guid":{"rendered":"https:\/\/aroundersenseofpurpose.eu\/de\/?page_id=499"},"modified":"2020-11-12T09:07:16","modified_gmt":"2020-11-12T08:07:16","slug":"at-ref","status":"publish","type":"page","link":"https:\/\/aroundersenseofpurpose.eu\/de\/framework\/at-ref\/","title":{"rendered":"Entscheidungsfreudigkeit"},"content":{"rendered":"\n<p>Die p\u00e4dagogische Fachkraft hilft den Lernenden, umsichtig und zeitgerecht zu handeln, auch in Situationen der Ungewissheit.<\/p>\n\n\n\n<h3 class=\"wp-block-heading\"><strong>Lernergebnisse<\/strong><\/h3>\n\n\n\n<p>Die p\u00e4dagogische Fachkraft unterst\u00fctzt die Lernenden:<\/p>\n\n\n\n<ul class=\"wp-block-list\"><li>12.1 Zeitgerecht zu handeln und das Vorsorgeprinzip zu beachten, auch bei unvorhergesehenen Ereignissen<\/li><li>12.2 Entscheidungen nach eigenen Werten zu treffen, auch in einem Kontext nachhaltigkeitsrelevanter Dilemmata, Ungewissheiten, Widerspr\u00fcche und sogenannter \u201cwicked problems\u201d, wobei sie sich dar\u00fcber im Klaren sind, dass das Aufschieben von Entscheidungen und Nichthandeln auch eine Entscheidung ist<\/li><li>12.3 &nbsp;Informationen zu sammeln und verschiedene Optionen zu betrachten, und dabei gleichzeitig offen zu bleiben f\u00fcr Alternativen<\/li><\/ul>\n\n\n\n<h3 class=\"wp-block-heading\"><strong>Unterst\u00fctzende Komponenten f\u00fcr die p\u00e4dagogische Fachkraft<\/strong><\/h3>\n\n\n\n<p>Um die oben genannten Lernergebnisse zu erzielen, sollte die p\u00e4dagogische Fachkraft in der Lage sein:<\/p>\n\n\n\n<ul class=\"wp-block-list\"><li>UK12 Methoden anzuwenden, die eine schnelle und dennoch vorsichtige Entscheidungsfindung f\u00f6rdern, wie z.B. Dilemma-Situationen, Improvisation, Probleml\u00f6sungsaktivit\u00e4ten, Simulationsspiele<\/li><li>UK12.1a Eine Vielzahl von Informationsquellen zu identifizieren und sicherzustellen, dass diese alternative Optionen bieten<\/li><li>UK12.1b Gutes Urteilsverm\u00f6gen auszu\u00fcben sowie fundierte und gut informierte L\u00f6sungen anzubieten, auf der Grundlage von zuvor ermittelten Alternativen oder bekannten Optionen.<\/li><li>UK12.2a Konkurrierende Priorit\u00e4ten zu regeln sowie effektive und zeitnahe Entscheidungen zu treffen, unter Ber\u00fccksichtigung von sich widersprechenden Sachverhalten.<\/li><li>UK12.2b Weitreichende Entscheidungen zu treffen und sich deren Auswirkungen und Folgen bewusst zu sein<\/li><li>UK12.3a Die Auswirkungen von verschiedenen Zeitrahmen bei der Problembew\u00e4ltigung herauszustreichen<\/li><li>UK12.3b Umgehend und mit Zuversicht zu reagieren, wenn eine Situation eine schnelle Entscheidung erfordert, und nach M\u00f6glichkeit auf kollektive Intelligenz zur\u00fcckzugreifen<\/li><\/ul>\n","protected":false},"excerpt":{"rendered":"<p>Die p\u00e4dagogische Fachkraft hilft den Lernenden, umsichtig und zeitgerecht zu handeln, auch in Situationen der Ungewissheit.<\/p>\n","protected":false},"author":1,"featured_media":0,"parent":1698,"menu_order":0,"comment_status":"closed","ping_status":"closed","template":"page-competence.php","meta":{"_lmt_disableupdate":"no","_lmt_disable":"","footnotes":""},"class_list":["post-499","page","type-page","status-publish","hentry"],"_links":{"self":[{"href":"https:\/\/aroundersenseofpurpose.eu\/de\/wp-json\/wp\/v2\/pages\/499","targetHints":{"allow":["GET"]}}],"collection":[{"href":"https:\/\/aroundersenseofpurpose.eu\/de\/wp-json\/wp\/v2\/pages"}],"about":[{"href":"https:\/\/aroundersenseofpurpose.eu\/de\/wp-json\/wp\/v2\/types\/page"}],"author":[{"embeddable":true,"href":"https:\/\/aroundersenseofpurpose.eu\/de\/wp-json\/wp\/v2\/users\/1"}],"replies":[{"embeddable":true,"href":"https:\/\/aroundersenseofpurpose.eu\/de\/wp-json\/wp\/v2\/comments?post=499"}],"version-history":[{"count":5,"href":"https:\/\/aroundersenseofpurpose.eu\/de\/wp-json\/wp\/v2\/pages\/499\/revisions"}],"predecessor-version":[{"id":2472,"href":"https:\/\/aroundersenseofpurpose.eu\/de\/wp-json\/wp\/v2\/pages\/499\/revisions\/2472"}],"up":[{"embeddable":true,"href":"https:\/\/aroundersenseofpurpose.eu\/de\/wp-json\/wp\/v2\/pages\/1698"}],"wp:attachment":[{"href":"https:\/\/aroundersenseofpurpose.eu\/de\/wp-json\/wp\/v2\/media?parent=499"}],"curies":[{"name":"wp","href":"https:\/\/api.w.org\/{rel}","templated":true}]}}