{"id":497,"date":"2020-04-10T12:55:53","date_gmt":"2020-04-10T11:55:53","guid":{"rendered":"https:\/\/aroundersenseofpurpose.eu\/de\/?page_id=497"},"modified":"2020-11-12T09:09:28","modified_gmt":"2020-11-12T08:09:28","slug":"at-pra","status":"publish","type":"page","link":"https:\/\/aroundersenseofpurpose.eu\/de\/framework\/at-pra\/","title":{"rendered":"Handeln"},"content":{"rendered":"\n<p>Die p\u00e4dagogische Fachkraft hilft den Lernenden, proaktiv und \u00fcberlegt zu handeln.<\/p>\n\n\n\n<h3 class=\"wp-block-heading\"><strong>Lernergebnisse<\/strong><\/h3>\n\n\n\n<p>Die p\u00e4dagogische Fachkraft unterst\u00fctzt die Lernenden:<\/p>\n\n\n\n<ul class=\"wp-block-list\"><li>11.1 Ihre lokale nat\u00fcrliche, soziale und konstruierte Umwelt, einschlie\u00dflich ihrer eigenen Institution, als Kontext f\u00fcr Ver\u00e4nderungen zu erkunden und kritisch zu hinterfragen<\/li><li>11.2 Sich an demokratischen Entscheidungsprozessen im Kontext der Nachhaltigkeit zu beteiligen<\/li><li>11.3 Sich an demokratischen Entscheidungsprozessen im Kontext der Nachhaltigkeit zu beteiligen<\/li><\/ul>\n\n\n\n<h3 class=\"wp-block-heading\"><strong>Unterst\u00fctzende Komponenten f\u00fcr die p\u00e4dagogische Fachkraft<\/strong><\/h3>\n\n\n\n<p>Um die oben genannten Lernergebnisse zu erzielen, sollte die p\u00e4dagogische Fachkraft in der Lage sein:<\/p>\n\n\n\n<ul class=\"wp-block-list\"><li>UK11.1a Eine ermutigende und unterst\u00fctzende Haltung den Lernenden gegen\u00fcber zu haben, und sie zu coachen, um ihre Handlungsf\u00e4higkeiten zu st\u00e4rken<\/li><li>UK11.1b Den reflexiven Lernzyklus anzuwenden (Planen, Handeln, Reflektieren, Anpassen oder den Antizipation-Aktion-Reflexion-Zyklus)<\/li><li>UK11.2a Demokratisch und offen mit den Lernenden zu arbeiten<\/li><li>UK11.2b Projektbasierte Lernmethoden anzuwenden<\/li><li>UK11.3 Sinnvolle Bildungschancen im \u201ewirklichen Leben\u201c zu erkennen und die Lernenden zu ermutigen, ebenso offen und aufmerksam daf\u00fcr zu sein<\/li><\/ul>\n\n\n\n<p><\/p>\n","protected":false},"excerpt":{"rendered":"<p>Die p\u00e4dagogische Fachkraft hilft den Lernenden, proaktiv und \u00fcberlegt zu handeln.<\/p>\n","protected":false},"author":1,"featured_media":0,"parent":1698,"menu_order":0,"comment_status":"closed","ping_status":"closed","template":"page-competence.php","meta":{"_lmt_disableupdate":"no","_lmt_disable":"","footnotes":""},"class_list":["post-497","page","type-page","status-publish","hentry"],"_links":{"self":[{"href":"https:\/\/aroundersenseofpurpose.eu\/de\/wp-json\/wp\/v2\/pages\/497","targetHints":{"allow":["GET"]}}],"collection":[{"href":"https:\/\/aroundersenseofpurpose.eu\/de\/wp-json\/wp\/v2\/pages"}],"about":[{"href":"https:\/\/aroundersenseofpurpose.eu\/de\/wp-json\/wp\/v2\/types\/page"}],"author":[{"embeddable":true,"href":"https:\/\/aroundersenseofpurpose.eu\/de\/wp-json\/wp\/v2\/users\/1"}],"replies":[{"embeddable":true,"href":"https:\/\/aroundersenseofpurpose.eu\/de\/wp-json\/wp\/v2\/comments?post=497"}],"version-history":[{"count":6,"href":"https:\/\/aroundersenseofpurpose.eu\/de\/wp-json\/wp\/v2\/pages\/497\/revisions"}],"predecessor-version":[{"id":2482,"href":"https:\/\/aroundersenseofpurpose.eu\/de\/wp-json\/wp\/v2\/pages\/497\/revisions\/2482"}],"up":[{"embeddable":true,"href":"https:\/\/aroundersenseofpurpose.eu\/de\/wp-json\/wp\/v2\/pages\/1698"}],"wp:attachment":[{"href":"https:\/\/aroundersenseofpurpose.eu\/de\/wp-json\/wp\/v2\/media?parent=497"}],"curies":[{"name":"wp","href":"https:\/\/api.w.org\/{rel}","templated":true}]}}