{"id":495,"date":"2020-04-10T12:54:15","date_gmt":"2020-04-10T11:54:15","guid":{"rendered":"https:\/\/aroundersenseofpurpose.eu\/de\/?page_id=495"},"modified":"2020-11-12T09:07:36","modified_gmt":"2020-11-12T08:07:36","slug":"at-inv","status":"publish","type":"page","link":"https:\/\/aroundersenseofpurpose.eu\/de\/framework\/at-inv\/","title":{"rendered":"Werte"},"content":{"rendered":"\n<p>Die p\u00e4dagogische Fachkraft entwickelt bei den Lernenden ein Bewusstsein daf\u00fcr, wie \u00dcberzeugungen und Werte Handlungen untermauern und wie Werte ausgehandelt und in Einklang gebracht werden m\u00fcssen.<\/p>\n\n\n\n<h3 class=\"wp-block-heading\"><strong>Lernergebnisse<\/strong><\/h3>\n\n\n\n<p>Die p\u00e4dagogische Fachkraft unterst\u00fctzt die Lernenden:<\/p>\n\n\n\n<ul class=\"wp-block-list\"><li>10.1 Mit anderen zusammenzuarbeiten, um positive Beziehungen und Vertrauen aufzubauen<\/li><li>10.2 Ihre eigenen Werte und \u00dcberzeugungen in Bezug auf Nachhaltigkeitsthemen zu erkennen und wie diese ihr Engagement und Handeln untermauern<\/li><li>10.3 Die Werte und \u00dcberzeugungen anderer in Bezug auf Nachhaltigkeit herauszufinden, zuzuh\u00f6ren, zu verstehen und zu reflektieren<\/li><\/ul>\n\n\n\n<h3 class=\"wp-block-heading\"><strong>Unterst\u00fctzende Komponenten f\u00fcr die p\u00e4dagogische Fachkraft<\/strong><\/h3>\n\n\n\n<p>Um die oben genannten Lernergebnisse zu erzielen, sollte die p\u00e4dagogische Fachkraft in der Lage sein:<\/p>\n\n\n\n<ul class=\"wp-block-list\"><li>UK10 Eine Vielzahl von Ans\u00e4tzen und Methoden anzuwenden, die das Lernen auf kollaborative und die Gemeinschaft st\u00e4rkende Weise anregen<\/li><li>UK10.1 Den Lernprozess zu begleiten und sich selbst zu beteiligen, sowohl im Lernprozess mit Kolleg*innen als auch mit den Lernenden<\/li><li>UK10.2a Vielfalt und Verschiedenheit zu erkennen und bereitwillig anzunehmen, wobei alle gleich und mit Respekt behandelt werden.<\/li><li>UK10.2b In einer offenen und vertrauensschaffenden Weise zu arbeiten und andere dabei zu st\u00e4rken<\/li><li>UK10.3 Die Werte und \u00dcberzeugungen erkennen, die hinter den Handlungen und Verhaltensweisen anderer stehen<\/li><\/ul>\n\n\n\n<p><\/p>\n","protected":false},"excerpt":{"rendered":"<p>Die p\u00e4dagogische Fachkraft entwickelt bei den Lernenden ein Bewusstsein daf\u00fcr, wie \u00dcberzeugungen und Werte Handlungen untermauern und wie Werte ausgehandelt und in Einklang gebracht werden m\u00fcssen.<\/p>\n","protected":false},"author":1,"featured_media":0,"parent":1698,"menu_order":0,"comment_status":"closed","ping_status":"closed","template":"page-competence.php","meta":{"_lmt_disableupdate":"no","_lmt_disable":"","footnotes":""},"class_list":["post-495","page","type-page","status-publish","hentry"],"_links":{"self":[{"href":"https:\/\/aroundersenseofpurpose.eu\/de\/wp-json\/wp\/v2\/pages\/495","targetHints":{"allow":["GET"]}}],"collection":[{"href":"https:\/\/aroundersenseofpurpose.eu\/de\/wp-json\/wp\/v2\/pages"}],"about":[{"href":"https:\/\/aroundersenseofpurpose.eu\/de\/wp-json\/wp\/v2\/types\/page"}],"author":[{"embeddable":true,"href":"https:\/\/aroundersenseofpurpose.eu\/de\/wp-json\/wp\/v2\/users\/1"}],"replies":[{"embeddable":true,"href":"https:\/\/aroundersenseofpurpose.eu\/de\/wp-json\/wp\/v2\/comments?post=495"}],"version-history":[{"count":6,"href":"https:\/\/aroundersenseofpurpose.eu\/de\/wp-json\/wp\/v2\/pages\/495\/revisions"}],"predecessor-version":[{"id":2473,"href":"https:\/\/aroundersenseofpurpose.eu\/de\/wp-json\/wp\/v2\/pages\/495\/revisions\/2473"}],"up":[{"embeddable":true,"href":"https:\/\/aroundersenseofpurpose.eu\/de\/wp-json\/wp\/v2\/pages\/1698"}],"wp:attachment":[{"href":"https:\/\/aroundersenseofpurpose.eu\/de\/wp-json\/wp\/v2\/media?parent=495"}],"curies":[{"name":"wp","href":"https:\/\/api.w.org\/{rel}","templated":true}]}}