{"id":491,"date":"2020-04-10T12:51:09","date_gmt":"2020-04-10T11:51:09","guid":{"rendered":"https:\/\/aroundersenseofpurpose.eu\/de\/?page_id=491"},"modified":"2020-11-12T09:07:56","modified_gmt":"2020-11-12T08:07:56","slug":"ec-ref","status":"publish","type":"page","link":"https:\/\/aroundersenseofpurpose.eu\/de\/framework\/ec-ref\/","title":{"rendered":"Verantwortung"},"content":{"rendered":"\n<p>Die p\u00e4dagogische Fachkraft hilft den Lernenden, ihr eigenes Handeln zu reflektieren, transparent zu handeln und pers\u00f6nliche Verantwortung f\u00fcr ihre Arbeit zu \u00fcbernehmen.<\/p>\n\n\n\n<h3 class=\"wp-block-heading\"><strong>Lernergebnisse<\/strong><\/h3>\n\n\n\n<p>Die p\u00e4dagogische Fachkraft unterst\u00fctzt die Lernenden:<\/p>\n\n\n\n<ul class=\"wp-block-list\"><li>8.1 Die m\u00f6glichen sozialen, \u00f6kologischen und wirtschaftlichen Folgen ihrer Entscheidungen und Handlungen zu erkennen<\/li><li>8.2 Pers\u00f6nliche Verantwortung und Rechenschaftspflicht f\u00fcr ihre eigenen Entscheidungen und Handlungen, dort wo angemessen, zu \u00fcbernehmen<\/li><li>8.3 Kritisch \u00fcber ihre eigenen Entscheidungen und Handlungen sowie die anderer nachzudenken und nach Verbesserungsm\u00f6glichkeiten und Alternativen zu suchen<\/li><\/ul>\n\n\n\n<h3 class=\"wp-block-heading\"><strong>Unterst\u00fctzende Komponenten f\u00fcr die p\u00e4dagogische Fachkraft<\/strong><\/h3>\n\n\n\n<p>Um die oben genannten Lernergebnisse zu erzielen, sollte die p\u00e4dagogische Fachkraft in der Lage sein:<\/p>\n\n\n\n<ul class=\"wp-block-list\"><li>UK8.1 Die Lernenden zu ermutigen, die Konsequenzen ihrer Entscheidungen und Handlungen zu ber\u00fccksichtigen, indem sie Methoden und Ans\u00e4tze wie Simulationsspiele, Concept Mapping und projektbasiertes Lernen anwendet<\/li><li>UK8.2 Den Lernenden eine Reihe von Rechten, Rollen und Verantwortlichkeiten aufzuzeigen, sowie verwandte Strategien, mit denen Personen zur Verantwortung gezogen werden k\u00f6nnen<\/li><li>UK8.3 Ihre eigene Arbeit und Vorgehensweise zu reflektieren und sich selbst verantwortlich und transparent zu verhalten<\/li><\/ul>\n","protected":false},"excerpt":{"rendered":"<p>Die p\u00e4dagogische Fachkraft hilft den Lernenden, ihr eigenes Handeln zu reflektieren, transparent zu handeln und pers\u00f6nliche Verantwortung f\u00fcr ihre Arbeit zu \u00fcbernehmen.<\/p>\n","protected":false},"author":1,"featured_media":0,"parent":1698,"menu_order":0,"comment_status":"closed","ping_status":"closed","template":"page-competence.php","meta":{"_lmt_disableupdate":"no","_lmt_disable":"","footnotes":""},"class_list":["post-491","page","type-page","status-publish","hentry"],"_links":{"self":[{"href":"https:\/\/aroundersenseofpurpose.eu\/de\/wp-json\/wp\/v2\/pages\/491","targetHints":{"allow":["GET"]}}],"collection":[{"href":"https:\/\/aroundersenseofpurpose.eu\/de\/wp-json\/wp\/v2\/pages"}],"about":[{"href":"https:\/\/aroundersenseofpurpose.eu\/de\/wp-json\/wp\/v2\/types\/page"}],"author":[{"embeddable":true,"href":"https:\/\/aroundersenseofpurpose.eu\/de\/wp-json\/wp\/v2\/users\/1"}],"replies":[{"embeddable":true,"href":"https:\/\/aroundersenseofpurpose.eu\/de\/wp-json\/wp\/v2\/comments?post=491"}],"version-history":[{"count":5,"href":"https:\/\/aroundersenseofpurpose.eu\/de\/wp-json\/wp\/v2\/pages\/491\/revisions"}],"predecessor-version":[{"id":2475,"href":"https:\/\/aroundersenseofpurpose.eu\/de\/wp-json\/wp\/v2\/pages\/491\/revisions\/2475"}],"up":[{"embeddable":true,"href":"https:\/\/aroundersenseofpurpose.eu\/de\/wp-json\/wp\/v2\/pages\/1698"}],"wp:attachment":[{"href":"https:\/\/aroundersenseofpurpose.eu\/de\/wp-json\/wp\/v2\/media?parent=491"}],"curies":[{"name":"wp","href":"https:\/\/api.w.org\/{rel}","templated":true}]}}