{"id":487,"date":"2020-04-10T12:47:02","date_gmt":"2020-04-10T11:47:02","guid":{"rendered":"https:\/\/aroundersenseofpurpose.eu\/de\/?page_id=487"},"modified":"2020-11-12T09:08:20","modified_gmt":"2020-11-12T08:08:20","slug":"ec-inv","status":"publish","type":"page","link":"https:\/\/aroundersenseofpurpose.eu\/de\/framework\/ec-inv\/","title":{"rendered":"Empathie"},"content":{"rendered":"\n<p>Die p\u00e4dagogische Fachkraft hilft den Lernenden, auf ihre Gef\u00fchle und Emotionen und die anderer zu reagieren und eine emotionale Verbindung zur nat\u00fcrlichen Welt zu entwickeln.<\/p>\n\n\n\n<h3 class=\"wp-block-heading\"><strong>Lernergebnisse<\/strong><\/h3>\n\n\n\n<p>Die p\u00e4dagogische Fachkraft unterst\u00fctzt die Lernenden:<\/p>\n\n\n\n<ul class=\"wp-block-list\"><li>6.1 Auf ihre eigenen Gef\u00fchle und auf die anderer zu h\u00f6ren; Strategien f\u00fcr den Umgang mit Angst, Konflikt oder Mutlosigkeit zu verstehen und anzuwenden, wobei zwischen grundloser Hoffnung und realistischen Hoffnungsquellen unterschieden wird<\/li><li>6.2 Bed\u00fcrfnisse und Zusammenh\u00e4nge sowohl innerhalb der menschlichen Spezies als auch dar\u00fcber hinaus zu erkennen<\/li><li>6.3 Bew\u00e4ltigungsstrategien und Resilienzquellen f\u00fcr sich selbst und andere zu entwickeln, um z.B. mit potenziell \u00fcberw\u00e4ltigenden Nachhaltigkeitsthemen besser umzugehen<\/li><\/ul>\n\n\n\n<h3 class=\"wp-block-heading\"><strong>Unterst\u00fctzende Komponenten f\u00fcr die p\u00e4dagogische Fachkraft<\/strong><\/h3>\n\n\n\n<p>Um die oben genannten Lernergebnisse zu erzielen, sollte die p\u00e4dagogische Fachkraft in der Lage sein:<\/p>\n\n\n\n<ul class=\"wp-block-list\"><li>UK6 Methoden einzusetzen, die den Lernenden helfen, ihr Einf\u00fchlungsverm\u00f6gen im Kontext der Nachhaltigkeit zu entwickeln, z. B. durch Benutzen von Bildern, Drama, gepaarten Simulationen, Debatten und Rollenspielen<\/li><li>&nbsp;UK6.1a Zwischen Verst\u00e4ndnis, Sympathie und Empathie zu unterscheiden<\/li><li>UK6.1b Anderen aktiv zuzuh\u00f6ren, authentisch zu sein und auf die Blickwinkel jedes einzelnen aufzubauen<\/li><li>UK6.2a Situationen zu erkennen, in denen auf Bew\u00e4ltigungsstrategien zur\u00fcckgegriffen wurde, und diese mit Nachhaltigkeitsthemen zu verkn\u00fcpfen<\/li><li>UK6.2b Ihre eigene Vorstellungskraft zu nutzen, um sich in die Position anderer zu versetzen, auch in die von nicht menschlichen Lebewesen<\/li><li>UK6.3 Das Resilienzkonzept zu verstehen sowie Risiko- und Schutzquellen zu identifizieren<\/li><\/ul>\n","protected":false},"excerpt":{"rendered":"<p>Die p\u00e4dagogische Fachkraft hilft den Lernenden, auf ihre Gef\u00fchle und Emotionen und die anderer zu reagieren und eine emotionale Verbindung zur nat\u00fcrlichen Welt zu entwickeln.<\/p>\n","protected":false},"author":1,"featured_media":0,"parent":1698,"menu_order":0,"comment_status":"closed","ping_status":"closed","template":"page-competence.php","meta":{"_lmt_disableupdate":"no","_lmt_disable":"","footnotes":""},"class_list":["post-487","page","type-page","status-publish","hentry"],"_links":{"self":[{"href":"https:\/\/aroundersenseofpurpose.eu\/de\/wp-json\/wp\/v2\/pages\/487","targetHints":{"allow":["GET"]}}],"collection":[{"href":"https:\/\/aroundersenseofpurpose.eu\/de\/wp-json\/wp\/v2\/pages"}],"about":[{"href":"https:\/\/aroundersenseofpurpose.eu\/de\/wp-json\/wp\/v2\/types\/page"}],"author":[{"embeddable":true,"href":"https:\/\/aroundersenseofpurpose.eu\/de\/wp-json\/wp\/v2\/users\/1"}],"replies":[{"embeddable":true,"href":"https:\/\/aroundersenseofpurpose.eu\/de\/wp-json\/wp\/v2\/comments?post=487"}],"version-history":[{"count":6,"href":"https:\/\/aroundersenseofpurpose.eu\/de\/wp-json\/wp\/v2\/pages\/487\/revisions"}],"predecessor-version":[{"id":2477,"href":"https:\/\/aroundersenseofpurpose.eu\/de\/wp-json\/wp\/v2\/pages\/487\/revisions\/2477"}],"up":[{"embeddable":true,"href":"https:\/\/aroundersenseofpurpose.eu\/de\/wp-json\/wp\/v2\/pages\/1698"}],"wp:attachment":[{"href":"https:\/\/aroundersenseofpurpose.eu\/de\/wp-json\/wp\/v2\/media?parent=487"}],"curies":[{"name":"wp","href":"https:\/\/api.w.org\/{rel}","templated":true}]}}