{"id":484,"date":"2020-04-10T12:42:18","date_gmt":"2020-04-10T11:42:18","guid":{"rendered":"https:\/\/aroundersenseofpurpose.eu\/de\/?page_id=484"},"modified":"2020-11-12T09:08:32","modified_gmt":"2020-11-12T08:08:32","slug":"ec-int","status":"publish","type":"page","link":"https:\/\/aroundersenseofpurpose.eu\/de\/framework\/ec-int\/","title":{"rendered":"Zuk\u00fcnfte"},"content":{"rendered":"\n<p>Die p\u00e4dagogische Fachkraft hilft den Lernenden, alternative M\u00f6glichkeiten f\u00fcr die Zukunft zu erkunden und diese f\u00fcr \u00dcberlegungen zu nutzen, inwiefern sich das Verhalten m\u00f6glicherweise \u00e4ndern muss.<\/p>\n\n\n\n<h3 class=\"wp-block-heading\"><strong>Lernergebnisse<\/strong><\/h3>\n\n\n\n<p>Die p\u00e4dagogische Fachkraft unterst\u00fctzt die Lernenden:<\/p>\n\n\n\n<ul class=\"wp-block-list\"><li>5.1 Sich eine Reihe von Zuk\u00fcnften vorzustellen, wobei m\u00f6gliche\/wahrscheinliche Auswirkungen (Potenziale und Risiken) verschiedener Szenarien ber\u00fccksichtigt und bewertet werden sollen<\/li><li>5.2 Die notwendigen Schritte zu identifizieren und analysieren, die unternommen werden m\u00fcssten, um die gew\u00fcnschten m\u00f6glichen Zukunftsszenarien zu erreichen<\/li><li>5.3 Zusammenh\u00e4nge und m\u00f6gliche Entwicklungen zwischen Vergangenheit, Gegenwart, naher Zukunft und ferner Zukunft zu erkennen<\/li><\/ul>\n\n\n\n<h3 class=\"wp-block-heading\"><strong>Unterst\u00fctzende Komponenten f\u00fcr die p\u00e4dagogische Fachkraft<\/strong><\/h3>\n\n\n\n<p>Um die oben genannten Lernergebnisse zu erzielen, sollte die p\u00e4dagogische Fachkraft in der Lage sein:<\/p>\n\n\n\n<ul class=\"wp-block-list\"><li>UK5 Methoden f\u00fcr Zukunftsstudien wie Simulationsspiele, zuk\u00fcnftige Zeitungen, Szenario Analysen und Backcasting anzuwenden<\/li><li>UK5.1a Sich auf kreative Weise verschiedene Zukunftsszenarien vorzustellen, sich \u00fcber Weltanschauungen und Ideen auszutauschen, und dabei zu diskutieren, ob diese nachhaltig sind<\/li><li>UK5.1b Zu verstehen, wie sich die Welt ver\u00e4ndern k\u00f6nnte, wenn wir in die Zukunft projizieren, und wie diese Ver\u00e4nderungen aus verschiedenen Perspektiven betrachtet werden k\u00f6nnen<\/li><li>UK5.2 M\u00f6gliche Wege kennen, um gesellschaftlichen Wandel durch individuelles und kollektives Handeln zu verwirklichen<\/li><li>UK5.3a Zu erkennen, wie bereits eingetretene Ver\u00e4nderungen mit vergangenen Aktionen verkn\u00fcpft sind und sich im Laufe der Zeit entwickeln<\/li><li>UK5.3b Nach Ursachen f\u00fcr Ver\u00e4nderungen zu suchen und aus verschiedenen Perspektiven zu analysieren<\/li><\/ul>\n\n\n\n<p><\/p>\n","protected":false},"excerpt":{"rendered":"<p>Die p\u00e4dagogische Fachkraft hilft den Lernenden, alternative M\u00f6glichkeiten f\u00fcr die Zukunft zu erkunden und diese f\u00fcr \u00dcberlegungen zu nutzen, inwiefern sich das Verhalten m\u00f6glicherweise \u00e4ndern muss.<\/p>\n","protected":false},"author":1,"featured_media":0,"parent":1698,"menu_order":0,"comment_status":"closed","ping_status":"closed","template":"page-competence.php","meta":{"_lmt_disableupdate":"no","_lmt_disable":"","footnotes":""},"class_list":["post-484","page","type-page","status-publish","hentry"],"_links":{"self":[{"href":"https:\/\/aroundersenseofpurpose.eu\/de\/wp-json\/wp\/v2\/pages\/484","targetHints":{"allow":["GET"]}}],"collection":[{"href":"https:\/\/aroundersenseofpurpose.eu\/de\/wp-json\/wp\/v2\/pages"}],"about":[{"href":"https:\/\/aroundersenseofpurpose.eu\/de\/wp-json\/wp\/v2\/types\/page"}],"author":[{"embeddable":true,"href":"https:\/\/aroundersenseofpurpose.eu\/de\/wp-json\/wp\/v2\/users\/1"}],"replies":[{"embeddable":true,"href":"https:\/\/aroundersenseofpurpose.eu\/de\/wp-json\/wp\/v2\/comments?post=484"}],"version-history":[{"count":7,"href":"https:\/\/aroundersenseofpurpose.eu\/de\/wp-json\/wp\/v2\/pages\/484\/revisions"}],"predecessor-version":[{"id":2478,"href":"https:\/\/aroundersenseofpurpose.eu\/de\/wp-json\/wp\/v2\/pages\/484\/revisions\/2478"}],"up":[{"embeddable":true,"href":"https:\/\/aroundersenseofpurpose.eu\/de\/wp-json\/wp\/v2\/pages\/1698"}],"wp:attachment":[{"href":"https:\/\/aroundersenseofpurpose.eu\/de\/wp-json\/wp\/v2\/media?parent=484"}],"curies":[{"name":"wp","href":"https:\/\/api.w.org\/{rel}","templated":true}]}}