{"id":479,"date":"2020-04-10T12:32:25","date_gmt":"2020-04-10T11:32:25","guid":{"rendered":"https:\/\/aroundersenseofpurpose.eu\/de\/?page_id=479"},"modified":"2020-11-12T09:09:00","modified_gmt":"2020-11-12T08:09:00","slug":"th-pra","status":"publish","type":"page","link":"https:\/\/aroundersenseofpurpose.eu\/de\/framework\/th-pra\/","title":{"rendered":"Transdisziplinarit\u00e4t"},"content":{"rendered":"\n<p>Die p\u00e4dagogische Fachkraft hilft den Lernenden, innerhalb und au\u00dferhalb ihrer eigenen Disziplin, Rolle, Perspektive und Werte zusammenzuarbeiten.<\/p>\n\n\n\n<h3 class=\"wp-block-heading\"><strong>Lernergebnisse<\/strong><\/h3>\n\n\n\n<p>Die p\u00e4dagogische Fachkraft unterst\u00fctzt die Lernenden:<\/p>\n\n\n\n<ul class=\"wp-block-list\"><li>3.1 Ihre eigenen Werte und Perspektiven sowie deren St\u00e4rken und Grenzen in einem bestimmten Kontext in Bezug auf Nachhaltigkeit zu identifizieren und auszudr\u00fccken<\/li><li>3.2 Beim Aufbau neuer Kenntnisse und Ideen in multi-, inter- und transdisziplin\u00e4ren Kontexten zu kooperieren<\/li><li>3.3 Beim Aufbau neuer Kenntnisse und Ideen in interkulturellen und generationen\u00fcbergreifenden Kontexten zu kooperieren<\/li><\/ul>\n\n\n\n<h3 class=\"wp-block-heading\"><strong>Unterst\u00fctzende Komponenten f\u00fcr die p\u00e4dagogische Fachkraft<\/strong><\/h3>\n\n\n\n<p>Um die oben genannten Lernergebnisse zu erzielen, sollte die p\u00e4dagogische Fachkraft in der Lage sein:<\/p>\n\n\n\n<ul class=\"wp-block-list\"><li>UK3 Methoden, wie z.B. Rollenspiele, Simulationen, Feldforschung, Fallstudien, Projekte und Interviews einzusetzen, um den Lernenden zu helfen, in heterogenen Gruppen zu arbeiten und Wissen aus verschiedenen Disziplinen und Herkunft zu integrieren, z.B. aus Wissenschaft, lokaler Gemeinschaft und Wirtschaft<\/li><li>UK3.1 Anzuerkennen, wie wichtig es ist, Menschen aus verschiedenen Disziplinen sowie andere Stakeholder mit einzubeziehen, um sich Fragen der Nachhaltigkeit zu stellen<\/li><li>UK3.2a Gemeinsam gestaltete Kollaborationsprozesse (\u201cCo-creation\u201c) zu initiieren und zu begleiten: gemeinsames Finden von Problemstellung, Werterkennung, Konsensbildung und die Integration verschiedener Disziplinen und das Wissens anderer Interessensgruppen bzw. Stakeholder<\/li><li>UK3.2.b Herausforderungen zu erkennen, die den Kollaborationsprozess untergraben k\u00f6nnten, wie z. B. mangelndes Vertrauen, Legitimit\u00e4t oder das Finden einer gemeinsamen Sprache, und entsprechende Strategien einzusetzen, um mit diesen Herausforderungen umzugehen<\/li><li>UK3.3 Stets zu ber\u00fccksichtigen, welche grundlegende Rolle Werte und Kontexte bei unserer Entscheidungsfindung spielen<\/li><\/ul>\n","protected":false},"excerpt":{"rendered":"<p>Die p\u00e4dagogische Fachkraft hilft den Lernenden, innerhalb und au\u00dferhalb ihrer eigenen Disziplin, Rolle, Perspektive und Werte zusammenzuarbeiten.<\/p>\n","protected":false},"author":1,"featured_media":0,"parent":1698,"menu_order":0,"comment_status":"closed","ping_status":"closed","template":"page-competence.php","meta":{"_lmt_disableupdate":"no","_lmt_disable":"","footnotes":""},"class_list":["post-479","page","type-page","status-publish","hentry"],"_links":{"self":[{"href":"https:\/\/aroundersenseofpurpose.eu\/de\/wp-json\/wp\/v2\/pages\/479","targetHints":{"allow":["GET"]}}],"collection":[{"href":"https:\/\/aroundersenseofpurpose.eu\/de\/wp-json\/wp\/v2\/pages"}],"about":[{"href":"https:\/\/aroundersenseofpurpose.eu\/de\/wp-json\/wp\/v2\/types\/page"}],"author":[{"embeddable":true,"href":"https:\/\/aroundersenseofpurpose.eu\/de\/wp-json\/wp\/v2\/users\/1"}],"replies":[{"embeddable":true,"href":"https:\/\/aroundersenseofpurpose.eu\/de\/wp-json\/wp\/v2\/comments?post=479"}],"version-history":[{"count":6,"href":"https:\/\/aroundersenseofpurpose.eu\/de\/wp-json\/wp\/v2\/pages\/479\/revisions"}],"predecessor-version":[{"id":2480,"href":"https:\/\/aroundersenseofpurpose.eu\/de\/wp-json\/wp\/v2\/pages\/479\/revisions\/2480"}],"up":[{"embeddable":true,"href":"https:\/\/aroundersenseofpurpose.eu\/de\/wp-json\/wp\/v2\/pages\/1698"}],"wp:attachment":[{"href":"https:\/\/aroundersenseofpurpose.eu\/de\/wp-json\/wp\/v2\/media?parent=479"}],"curies":[{"name":"wp","href":"https:\/\/api.w.org\/{rel}","templated":true}]}}