{"id":1679,"date":"2020-04-24T07:37:50","date_gmt":"2020-04-24T06:37:50","guid":{"rendered":"https:\/\/aroundersenseofpurpose.eu\/de\/?page_id=1679"},"modified":"2020-12-01T15:54:31","modified_gmt":"2020-12-01T14:54:31","slug":"assessment","status":"publish","type":"page","link":"https:\/\/aroundersenseofpurpose.eu\/de\/assessment\/","title":{"rendered":"Bewertung"},"content":{"rendered":"\n<p>F\u00fcr diejenigen, die ein eigenes Bewertungsprogramm f\u00fcr die RSP-Kompetenzen im Zusammenhang mit dem Lernen f\u00fcr Nachhaltigkeit entwickeln m\u00f6chten, ist jede der 12 RSP-Kompetenzen in drei Lernergebnisse unterteilt. Anstatt eine detaillierte Aufschl\u00fcsselung der Attribute f\u00fcr jede Kompetenz zu liefern, identifiziert der <a href=\"https:\/\/aroundersenseofpurpose.eu\/de\/framework\/themodel\/\" data-type=\"page\" data-id=\"61\">RSP-Rahmen<\/a> eine Reihe von <em>unterst\u00fctzenden Komponenten<\/em>, die mit den Lernergebnissen verkn\u00fcpft sind und sich wiederum auf jede der zw\u00f6lf RSP-Kompetenzen beziehen.<\/p>\n\n\n\n<p>Die Kompetenzen werden aus zwei Gr\u00fcnden nicht weiter in Fertigkeiten, Werte, Wissen usw. unterteilt:<\/p>\n\n\n\n<ol class=\"wp-block-list\" type=\"1\"><li>Dadurch wird das Lernen in diskrete Komponenten atomisiert, die in Bezug auf die Rolle der p\u00e4dagogischen Fachkraft bedeutungslos erscheinen k\u00f6nnen&nbsp;<\/li><li>Ein solcher Ansatz der Bewertung einzelner &#8220;Lernst\u00fccke&#8221; widerspricht der gesamten Vorstellung eines ganzheitlichen Denkens, das f\u00fcr eine nachhaltige Entwicklung von zentraler Bedeutung ist.<\/li><\/ol>\n\n\n\n<p>Sogar die Kompetenzen selbst sollten nicht isoliert betrachtet werden, da sie in verschiedenen Kontexten auf neuartige Weise miteinander verkn\u00fcpft werden k\u00f6nnen. Tats\u00e4chlich bemerkte ein* niederl\u00e4ndische*r Lehrer*in, die*der an einem RSP-Ausbildungsprogramm teilnahm: &#8220;Sobald man beginnt, eine der Kompetenzen zu unterrichten, ber\u00fchrt man unweigerlich die anderen elf&#8221;.<\/p>\n\n\n\n<p>Wir akzeptieren jedoch, dass irgendeine Form der Beurteilung f\u00fcr Lernende, wie z.B. Lehramtsstudierende, wesentlich ist, um ihre Kompetenz in diesen Bereichen nachzuweisen. Anstatt sich auf die Messung zu konzentrieren, basiert der RSP-Ansatz auf Qualit\u00e4tskriterien. Siehe z.B. das Bewertungsraster, das wir f\u00fcr die Verwendung mit RSP-Studieng\u00e4ngen im Vereinigten K\u00f6nigreich entwickelt haben.<\/p>\n\n\n\n<h3 class=\"wp-block-heading\">Vechta<\/h3>\n\n\n\n<p>Die Universit\u00e4t Vechta hat eine Selbsteinsch\u00e4tzungs-Umfrage f\u00fcr die Teilnehmer*innen der BNE-Weiterbildungs-Workshops entwickelt, die in den Jahren 2018 und 2019 stattfanden. Diese Selbstbewertung befasst sich mit der Entwicklung der 12 RSP-Kompetenzen und damit mit den Lernergebnissen der Workshops.<\/p>\n\n\n\n<h3 class=\"wp-block-heading\">IASS<\/h3>\n\n\n\n<p>Die IASS &#8211; Italienische Vereinigung f\u00fcr Nachhaltigkeitswissenschaften (Italian Association for Sustainability Science) &#8211; experimentierte mit einem transformativen Ansatz zur Evaluation und Bewertung, der darauf abzielte, mit den Werten, die dem RSP-Kompetenzmodell selbst zugrunde liegen, in Einklang zu stehen, und der die Reflektionsf\u00e4higkeit anregen und somit die berufliche Entwicklung von Nachhaltigkeitsp\u00e4dagog*innen, Agenten des Wandels, unterst\u00fctzen k\u00f6nnte.<\/p>\n\n\n\n<p>Die Hauptinstrumente f\u00fcr den Evaluierungs- und Beurteilungsprozess, der sowohl mit berufst\u00e4tigen Lehrern als auch mit erfahrenen nicht-formalen P\u00e4dagog*innen erprobt wurde, waren:<\/p>\n\n\n\n<ul class=\"wp-block-list\"><li>RSP 12 Kompetenzpalette als Leitfaden zur Einf\u00fchrung einer transformativen Evaluation, die mit den Zielen des Projekts und der Agenda 2030 \u00fcbereinstimmt<\/li><li>Ein pers\u00f6nliches Portfolio mit Nachweisen, das die Bewusstseinsbildung und den Aufbau beruflicher Kompetenzen der Lernenden unterst\u00fctzen soll (einschlie\u00dflich einer Umweltbiografie und \u00dcbungen zum Geschichtenerz\u00e4hlen)<\/li><li>Drei Leistungsstufen, wie vom Projekt vorgeschlagen<\/li><li>Selbst- und Peer-Evaluierungs\u00fcbungen.<\/li><\/ul>\n\n\n\n<p>Aus methodologischer Sicht wurde der Evaluierungsprozess so konzipiert und organisiert, dass er mit den Konzepten und Werten der RSP-Palette \u00fcbereinstimmt &#8211; und stark von ihnen inspiriert ist &#8211; um eine &#8220;konstruktive Abstimmung&#8221; zwischen der Entwicklung von Kompetenzen und ihrer Bewertung zu erreichen.<\/p>\n\n\n\n<p>Vorl\u00e4ufige Ergebnisse dieses Pilotprojekts wurden im GUNi-Konferenzbericht ver\u00f6ffentlicht: &#8220;<em>2nd&nbsp;GUNi International Conference on SDGs. Higher Education &amp; Science Take Action.&nbsp;Summary Report<\/em> &#8221; (S. 101), der hier heruntergeladen werden kann:<\/p>\n\n\n\n<p><a href=\"http:\/\/www.guninetwork.org\/files\/guni_international_conference_on_sdgs._higher_education_and_science_take_action._summary_report.pdf\">http:\/\/www.guninetwork.org\/files\/guni_international_conference_on_sdgs._higher_education_and_science_take_action._summary_report.pdf<\/a><\/p>\n\n\n\n<p>Eine weitere Erprobung des oben genannten transformativen Evaluierungsansatzes wurde in einem Online-Kurs\/einer Online-Fokusgruppe durchgef\u00fchrt, die von April bis Oktober 2020 stattfand. Diese gemischte Gruppe von Lernenden bestand aus professionellen, erfahrenen P\u00e4dagog*innen und Beamt*innen sowie Umwelttechniker*innen mit Erfahrung in Management und\/oder Kommunikation. Die Ergebnisse dieses Pilotprojekts werden in K\u00fcrze hochgeladen.<\/p>\n","protected":false},"excerpt":{"rendered":"<p>F\u00fcr diejenigen, die ein eigenes Bewertungsprogramm f\u00fcr die RSP-Kompetenzen im Zusammenhang mit dem Lernen f\u00fcr Nachhaltigkeit entwickeln m\u00f6chten, ist jede der 12 RSP-Kompetenzen in drei Lernergebnisse unterteilt. Anstatt eine detaillierte Aufschl\u00fcsselung der Attribute f\u00fcr jede Kompetenz zu liefern, identifiziert der RSP-Rahmen eine Reihe von unterst\u00fctzenden Komponenten, die mit den Lernergebnissen verkn\u00fcpft sind und sich wiederum [&hellip;]<\/p>\n","protected":false},"author":1,"featured_media":0,"parent":0,"menu_order":0,"comment_status":"closed","ping_status":"closed","template":"","meta":{"_lmt_disableupdate":"no","_lmt_disable":"","footnotes":""},"class_list":["post-1679","page","type-page","status-publish","hentry"],"_links":{"self":[{"href":"https:\/\/aroundersenseofpurpose.eu\/de\/wp-json\/wp\/v2\/pages\/1679","targetHints":{"allow":["GET"]}}],"collection":[{"href":"https:\/\/aroundersenseofpurpose.eu\/de\/wp-json\/wp\/v2\/pages"}],"about":[{"href":"https:\/\/aroundersenseofpurpose.eu\/de\/wp-json\/wp\/v2\/types\/page"}],"author":[{"embeddable":true,"href":"https:\/\/aroundersenseofpurpose.eu\/de\/wp-json\/wp\/v2\/users\/1"}],"replies":[{"embeddable":true,"href":"https:\/\/aroundersenseofpurpose.eu\/de\/wp-json\/wp\/v2\/comments?post=1679"}],"version-history":[{"count":9,"href":"https:\/\/aroundersenseofpurpose.eu\/de\/wp-json\/wp\/v2\/pages\/1679\/revisions"}],"predecessor-version":[{"id":2686,"href":"https:\/\/aroundersenseofpurpose.eu\/de\/wp-json\/wp\/v2\/pages\/1679\/revisions\/2686"}],"wp:attachment":[{"href":"https:\/\/aroundersenseofpurpose.eu\/de\/wp-json\/wp\/v2\/media?parent=1679"}],"curies":[{"name":"wp","href":"https:\/\/api.w.org\/{rel}","templated":true}]}}