{"id":68,"date":"2019-08-02T15:10:26","date_gmt":"2019-08-02T15:10:26","guid":{"rendered":"https:\/\/aroundersenseofpurpose.eu\/cat\/?page_id=68"},"modified":"2021-05-28T17:40:36","modified_gmt":"2021-05-28T16:40:36","slug":"contact","status":"publish","type":"page","link":"https:\/\/aroundersenseofpurpose.eu\/cat\/contact\/","title":{"rendered":"Contacte"},"content":{"rendered":"\n<p>Per a m\u00e9s informaci\u00f3 sobre A Rounder Sense of Purpose, poseu-vos en contacte amb nosaltres per correu electr\u00f2nic:\u00a0<a href=\"mailto:info@aroundersenseofpurpose.eu\">info@aroundersenseofpurpose.eu<\/a>.<\/p>\n\n\n<div class=\"wpforms-container \" id=\"wpforms-429\"><form id=\"wpforms-form-429\" class=\"wpforms-validate wpforms-form\" data-formid=\"429\" method=\"post\" enctype=\"multipart\/form-data\" action=\"\/cat\/wp-json\/wp\/v2\/pages\/68\" data-token=\"e98075e55ece8aacc4c4516405362ba3\" data-token-time=\"1775408006\"><noscript class=\"wpforms-error-noscript\">Please enable JavaScript in your browser to complete this form.<\/noscript><div class=\"wpforms-field-container\"><div id=\"wpforms-429-field_1-container\" class=\"wpforms-field wpforms-field-text\" data-field-id=\"1\"><label class=\"wpforms-field-label\" for=\"wpforms-429-field_1\">Nom <span class=\"wpforms-required-label\">*<\/span><\/label><input type=\"text\" id=\"wpforms-429-field_1\" class=\"wpforms-field-medium wpforms-field-required\" name=\"wpforms[fields][1]\" required><\/div><div id=\"wpforms-429-field_3-container\" class=\"wpforms-field wpforms-field-email\" data-field-id=\"3\"><label class=\"wpforms-field-label\" for=\"wpforms-429-field_3\">Correu electr\u00f3nic <span class=\"wpforms-required-label\">*<\/span><\/label><input type=\"email\" id=\"wpforms-429-field_3\" class=\"wpforms-field-medium wpforms-field-required\" name=\"wpforms[fields][3]\" spellcheck=\"false\" required><\/div><div id=\"wpforms-429-field_4-container\" class=\"wpforms-field wpforms-field-textarea\" data-field-id=\"4\"><label class=\"wpforms-field-label\" for=\"wpforms-429-field_4\">Missatge <span class=\"wpforms-required-label\">*<\/span><\/label><textarea id=\"wpforms-429-field_4\" class=\"wpforms-field-medium wpforms-field-required\" name=\"wpforms[fields][4]\" required><\/textarea><\/div><\/div><!-- .wpforms-field-container --><div class=\"wpforms-field wpforms-field-hp\"><label for=\"wpforms-429-field-hp\" class=\"wpforms-field-label\">Email<\/label><input type=\"text\" name=\"wpforms[hp]\" id=\"wpforms-429-field-hp\" class=\"wpforms-field-medium\"><\/div><div class=\"wpforms-recaptcha-container wpforms-is-recaptcha wpforms-is-recaptcha-type-v3\" ><input type=\"hidden\" name=\"wpforms[recaptcha]\" value=\"\"><\/div><div class=\"wpforms-submit-container\" ><input type=\"hidden\" name=\"wpforms[id]\" value=\"429\"><input type=\"hidden\" name=\"page_title\" value=\"\"><input type=\"hidden\" name=\"page_url\" value=\"https:\/\/aroundersenseofpurpose.eu\/cat\/wp-json\/wp\/v2\/pages\/68\"><input type=\"hidden\" name=\"url_referer\" value=\"\"><button type=\"submit\" name=\"wpforms[submit]\" id=\"wpforms-submit-429\" class=\"wpforms-submit\" data-alt-text=\"Enviar...\" data-submit-text=\"Enviar\" aria-live=\"assertive\" value=\"wpforms-submit\">Enviar<\/button><\/div><\/form><\/div>  <!-- .wpforms-container -->\n","protected":false},"excerpt":{"rendered":"<p>Per a m\u00e9s informaci\u00f3 sobre A Rounder Sense of Purpose, poseu-vos en contacte amb nosaltres per correu electr\u00f2nic:\u00a0info@aroundersenseofpurpose.eu.<\/p>\n","protected":false},"author":1,"featured_media":69,"parent":0,"menu_order":0,"comment_status":"closed","ping_status":"closed","template":"","meta":{"footnotes":""},"class_list":["post-68","page","type-page","status-publish","has-post-thumbnail","hentry"],"_links":{"self":[{"href":"https:\/\/aroundersenseofpurpose.eu\/cat\/wp-json\/wp\/v2\/pages\/68","targetHints":{"allow":["GET"]}}],"collection":[{"href":"https:\/\/aroundersenseofpurpose.eu\/cat\/wp-json\/wp\/v2\/pages"}],"about":[{"href":"https:\/\/aroundersenseofpurpose.eu\/cat\/wp-json\/wp\/v2\/types\/page"}],"author":[{"embeddable":true,"href":"https:\/\/aroundersenseofpurpose.eu\/cat\/wp-json\/wp\/v2\/users\/1"}],"replies":[{"embeddable":true,"href":"https:\/\/aroundersenseofpurpose.eu\/cat\/wp-json\/wp\/v2\/comments?post=68"}],"version-history":[{"count":9,"href":"https:\/\/aroundersenseofpurpose.eu\/cat\/wp-json\/wp\/v2\/pages\/68\/revisions"}],"predecessor-version":[{"id":1859,"href":"https:\/\/aroundersenseofpurpose.eu\/cat\/wp-json\/wp\/v2\/pages\/68\/revisions\/1859"}],"wp:featuredmedia":[{"embeddable":true,"href":"https:\/\/aroundersenseofpurpose.eu\/cat\/wp-json\/wp\/v2\/media\/69"}],"wp:attachment":[{"href":"https:\/\/aroundersenseofpurpose.eu\/cat\/wp-json\/wp\/v2\/media?parent=68"}],"curies":[{"name":"wp","href":"https:\/\/api.w.org\/{rel}","templated":true}]}}