{"id":548,"date":"2020-04-10T15:24:06","date_gmt":"2020-04-10T14:24:06","guid":{"rendered":"https:\/\/aroundersenseofpurpose.eu\/cat\/?page_id=548"},"modified":"2021-06-15T11:11:36","modified_gmt":"2021-06-15T10:11:36","slug":"sdg16","status":"publish","type":"page","link":"https:\/\/aroundersenseofpurpose.eu\/cat\/sdgs\/sdg16\/","title":{"rendered":"Pau, just\u00edcia i institucions s\u00f2lides"},"content":{"rendered":"\n<p>Com diu l\u2019ONU, cal abordar les amenaces internacionals com els homicidis, la viol\u00e8ncia contra els infants, el tr\u00e0fic d\u2019\u00e9ssers humans i la viol\u00e8ncia sexual per promoure societats pac\u00edfiques i inclusives per al desenvolupament sostenible. Aplanen el cam\u00ed per a la provisi\u00f3 d\u2019acc\u00e9s a la just\u00edcia per a tothom i per a la creaci\u00f3 d\u2019institucions eficaces i responsables a tots els nivells.<\/p>\n","protected":false},"excerpt":{"rendered":"<p>Com diu l\u2019ONU, cal abordar les amenaces internacionals com els homicidis, la viol\u00e8ncia contra els infants, el tr\u00e0fic d\u2019\u00e9ssers humans i la viol\u00e8ncia sexual per promoure societats pac\u00edfiques i inclusives per al desenvolupament sostenible. Aplanen el cam\u00ed per a la provisi\u00f3 d\u2019acc\u00e9s a la just\u00edcia per a tothom i per a la creaci\u00f3 d\u2019institucions eficaces [&hellip;]<\/p>\n","protected":false},"author":1,"featured_media":0,"parent":425,"menu_order":0,"comment_status":"closed","ping_status":"closed","template":"page-sdg.php","meta":{"footnotes":""},"class_list":["post-548","page","type-page","status-publish","hentry"],"_links":{"self":[{"href":"https:\/\/aroundersenseofpurpose.eu\/cat\/wp-json\/wp\/v2\/pages\/548","targetHints":{"allow":["GET"]}}],"collection":[{"href":"https:\/\/aroundersenseofpurpose.eu\/cat\/wp-json\/wp\/v2\/pages"}],"about":[{"href":"https:\/\/aroundersenseofpurpose.eu\/cat\/wp-json\/wp\/v2\/types\/page"}],"author":[{"embeddable":true,"href":"https:\/\/aroundersenseofpurpose.eu\/cat\/wp-json\/wp\/v2\/users\/1"}],"replies":[{"embeddable":true,"href":"https:\/\/aroundersenseofpurpose.eu\/cat\/wp-json\/wp\/v2\/comments?post=548"}],"version-history":[{"count":4,"href":"https:\/\/aroundersenseofpurpose.eu\/cat\/wp-json\/wp\/v2\/pages\/548\/revisions"}],"predecessor-version":[{"id":1926,"href":"https:\/\/aroundersenseofpurpose.eu\/cat\/wp-json\/wp\/v2\/pages\/548\/revisions\/1926"}],"up":[{"embeddable":true,"href":"https:\/\/aroundersenseofpurpose.eu\/cat\/wp-json\/wp\/v2\/pages\/425"}],"wp:attachment":[{"href":"https:\/\/aroundersenseofpurpose.eu\/cat\/wp-json\/wp\/v2\/media?parent=548"}],"curies":[{"name":"wp","href":"https:\/\/api.w.org\/{rel}","templated":true}]}}