{"id":542,"date":"2020-04-10T15:21:29","date_gmt":"2020-04-10T14:21:29","guid":{"rendered":"https:\/\/aroundersenseofpurpose.eu\/cat\/?page_id=542"},"modified":"2021-06-15T11:04:59","modified_gmt":"2021-06-15T10:04:59","slug":"sdg13","status":"publish","type":"page","link":"https:\/\/aroundersenseofpurpose.eu\/cat\/sdgs\/sdg13\/","title":{"rendered":"Acci\u00f3 pel clima"},"content":{"rendered":"\n<p>Com diu l\u2019ONU, el canvi clim\u00e0tic afecta ara tots els pa\u00efsos de tots els continents. Est\u00e0 alterant les economies nacionals i afectant vides, amb un gran cost per a les persones, comunitats i pa\u00efsos avui i encara m\u00e9s dem\u00e0. Els patrons clim\u00e0tics estan canviant, els nivells de la mar estan augmentant, els fen\u00f2mens meteorol\u00f2gics s\u2019estan fent m\u00e9s extrems i les emissions de gasos amb efecte d\u2019hivernacle es troben ara en els nivells m\u00e9s alts de la hist\u00f2ria. Si no s\u2019actua, l\u2019augment de la temperatura mitjana de la superf\u00edcie del m\u00f3n probablement superar\u00e0 els 3 graus cent\u00edgrads aquest segle. Les persones m\u00e9s pobres i vulnerables s\u00f3n les m\u00e9s afectades.<\/p>\n","protected":false},"excerpt":{"rendered":"<p>Com diu l\u2019ONU, el canvi clim\u00e0tic afecta ara tots els pa\u00efsos de tots els continents. Est\u00e0 alterant les economies nacionals i afectant vides, amb un gran cost per a les persones, comunitats i pa\u00efsos avui i encara m\u00e9s dem\u00e0. Els patrons clim\u00e0tics estan canviant, els nivells de la mar estan augmentant, els fen\u00f2mens meteorol\u00f2gics s\u2019estan [&hellip;]<\/p>\n","protected":false},"author":1,"featured_media":0,"parent":425,"menu_order":0,"comment_status":"closed","ping_status":"closed","template":"page-sdg.php","meta":{"footnotes":""},"class_list":["post-542","page","type-page","status-publish","hentry"],"_links":{"self":[{"href":"https:\/\/aroundersenseofpurpose.eu\/cat\/wp-json\/wp\/v2\/pages\/542","targetHints":{"allow":["GET"]}}],"collection":[{"href":"https:\/\/aroundersenseofpurpose.eu\/cat\/wp-json\/wp\/v2\/pages"}],"about":[{"href":"https:\/\/aroundersenseofpurpose.eu\/cat\/wp-json\/wp\/v2\/types\/page"}],"author":[{"embeddable":true,"href":"https:\/\/aroundersenseofpurpose.eu\/cat\/wp-json\/wp\/v2\/users\/1"}],"replies":[{"embeddable":true,"href":"https:\/\/aroundersenseofpurpose.eu\/cat\/wp-json\/wp\/v2\/comments?post=542"}],"version-history":[{"count":5,"href":"https:\/\/aroundersenseofpurpose.eu\/cat\/wp-json\/wp\/v2\/pages\/542\/revisions"}],"predecessor-version":[{"id":1917,"href":"https:\/\/aroundersenseofpurpose.eu\/cat\/wp-json\/wp\/v2\/pages\/542\/revisions\/1917"}],"up":[{"embeddable":true,"href":"https:\/\/aroundersenseofpurpose.eu\/cat\/wp-json\/wp\/v2\/pages\/425"}],"wp:attachment":[{"href":"https:\/\/aroundersenseofpurpose.eu\/cat\/wp-json\/wp\/v2\/media?parent=542"}],"curies":[{"name":"wp","href":"https:\/\/api.w.org\/{rel}","templated":true}]}}