{"id":540,"date":"2020-04-10T15:20:39","date_gmt":"2020-04-10T14:20:39","guid":{"rendered":"https:\/\/aroundersenseofpurpose.eu\/cat\/?page_id=540"},"modified":"2021-06-15T11:12:31","modified_gmt":"2021-06-15T10:12:31","slug":"sdg12","status":"publish","type":"page","link":"https:\/\/aroundersenseofpurpose.eu\/cat\/sdgs\/sdg12\/","title":{"rendered":"Producci\u00f3 i consum responsables"},"content":{"rendered":"\n<p>Com diu l\u2019ONU, el consum i la producci\u00f3 sostenibles promouen l\u2019efici\u00e8ncia energ\u00e8tica i dels recursos i la infraestructura sostenible i proporcionen acc\u00e9s a serveis b\u00e0sics, llocs de treball verds i dignes i una qualitat de vida millor per a tothom. La seva aplicaci\u00f3 contribueix a aconseguir plans de desenvolupament globals, a reduir els futurs costos econ\u00f2mics, ambientals i socials, a enfortir la competitivitat econ\u00f2mica i a reduir la pobresa.<\/p>\n","protected":false},"excerpt":{"rendered":"<p>Com diu l\u2019ONU, el consum i la producci\u00f3 sostenibles promouen l\u2019efici\u00e8ncia energ\u00e8tica i dels recursos i la infraestructura sostenible i proporcionen acc\u00e9s a serveis b\u00e0sics, llocs de treball verds i dignes i una qualitat de vida millor per a tothom. La seva aplicaci\u00f3 contribueix a aconseguir plans de desenvolupament globals, a reduir els futurs costos [&hellip;]<\/p>\n","protected":false},"author":1,"featured_media":0,"parent":425,"menu_order":0,"comment_status":"closed","ping_status":"closed","template":"page-sdg.php","meta":{"footnotes":""},"class_list":["post-540","page","type-page","status-publish","hentry"],"_links":{"self":[{"href":"https:\/\/aroundersenseofpurpose.eu\/cat\/wp-json\/wp\/v2\/pages\/540","targetHints":{"allow":["GET"]}}],"collection":[{"href":"https:\/\/aroundersenseofpurpose.eu\/cat\/wp-json\/wp\/v2\/pages"}],"about":[{"href":"https:\/\/aroundersenseofpurpose.eu\/cat\/wp-json\/wp\/v2\/types\/page"}],"author":[{"embeddable":true,"href":"https:\/\/aroundersenseofpurpose.eu\/cat\/wp-json\/wp\/v2\/users\/1"}],"replies":[{"embeddable":true,"href":"https:\/\/aroundersenseofpurpose.eu\/cat\/wp-json\/wp\/v2\/comments?post=540"}],"version-history":[{"count":4,"href":"https:\/\/aroundersenseofpurpose.eu\/cat\/wp-json\/wp\/v2\/pages\/540\/revisions"}],"predecessor-version":[{"id":1927,"href":"https:\/\/aroundersenseofpurpose.eu\/cat\/wp-json\/wp\/v2\/pages\/540\/revisions\/1927"}],"up":[{"embeddable":true,"href":"https:\/\/aroundersenseofpurpose.eu\/cat\/wp-json\/wp\/v2\/pages\/425"}],"wp:attachment":[{"href":"https:\/\/aroundersenseofpurpose.eu\/cat\/wp-json\/wp\/v2\/media?parent=540"}],"curies":[{"name":"wp","href":"https:\/\/api.w.org\/{rel}","templated":true}]}}