{"id":538,"date":"2020-04-10T15:20:00","date_gmt":"2020-04-10T14:20:00","guid":{"rendered":"https:\/\/aroundersenseofpurpose.eu\/cat\/?page_id=538"},"modified":"2021-06-15T11:06:36","modified_gmt":"2021-06-15T10:06:36","slug":"sdg11","status":"publish","type":"page","link":"https:\/\/aroundersenseofpurpose.eu\/cat\/sdgs\/sdg11\/","title":{"rendered":"Ciutats i comunitats sostenibles"},"content":{"rendered":"\n<p>Com diu l\u2019ONU, els reptes de la urbanitzaci\u00f3 r\u00e0pida, com l\u2019eliminaci\u00f3 i la gesti\u00f3 segures dels residus s\u00f2lids dins de les ciutats, es poden superar de manera que permetin continuar prosperant i creixent, alhora que milloren l\u2019\u00fas dels recursos i redueixen la contaminaci\u00f3 i la pobresa. Un exemple d\u2019aix\u00f2 \u00e9s l\u2019augment de la recollida de residus municipals. Hi ha d\u2019haver un futur en el qual les ciutats ofereixin oportunitats a tothom, amb acc\u00e9s a serveis b\u00e0sics, energia, habitatge i transport, entre altres.<\/p>\n","protected":false},"excerpt":{"rendered":"<p>Com diu l\u2019ONU, els reptes de la urbanitzaci\u00f3 r\u00e0pida, com l\u2019eliminaci\u00f3 i la gesti\u00f3 segures dels residus s\u00f2lids dins de les ciutats, es poden superar de manera que permetin continuar prosperant i creixent, alhora que milloren l\u2019\u00fas dels recursos i redueixen la contaminaci\u00f3 i la pobresa. Un exemple d\u2019aix\u00f2 \u00e9s l\u2019augment de la recollida de [&hellip;]<\/p>\n","protected":false},"author":1,"featured_media":0,"parent":425,"menu_order":0,"comment_status":"closed","ping_status":"closed","template":"page-sdg.php","meta":{"footnotes":""},"class_list":["post-538","page","type-page","status-publish","hentry"],"_links":{"self":[{"href":"https:\/\/aroundersenseofpurpose.eu\/cat\/wp-json\/wp\/v2\/pages\/538","targetHints":{"allow":["GET"]}}],"collection":[{"href":"https:\/\/aroundersenseofpurpose.eu\/cat\/wp-json\/wp\/v2\/pages"}],"about":[{"href":"https:\/\/aroundersenseofpurpose.eu\/cat\/wp-json\/wp\/v2\/types\/page"}],"author":[{"embeddable":true,"href":"https:\/\/aroundersenseofpurpose.eu\/cat\/wp-json\/wp\/v2\/users\/1"}],"replies":[{"embeddable":true,"href":"https:\/\/aroundersenseofpurpose.eu\/cat\/wp-json\/wp\/v2\/comments?post=538"}],"version-history":[{"count":4,"href":"https:\/\/aroundersenseofpurpose.eu\/cat\/wp-json\/wp\/v2\/pages\/538\/revisions"}],"predecessor-version":[{"id":1919,"href":"https:\/\/aroundersenseofpurpose.eu\/cat\/wp-json\/wp\/v2\/pages\/538\/revisions\/1919"}],"up":[{"embeddable":true,"href":"https:\/\/aroundersenseofpurpose.eu\/cat\/wp-json\/wp\/v2\/pages\/425"}],"wp:attachment":[{"href":"https:\/\/aroundersenseofpurpose.eu\/cat\/wp-json\/wp\/v2\/media?parent=538"}],"curies":[{"name":"wp","href":"https:\/\/api.w.org\/{rel}","templated":true}]}}