{"id":536,"date":"2020-04-10T15:19:21","date_gmt":"2020-04-10T14:19:21","guid":{"rendered":"https:\/\/aroundersenseofpurpose.eu\/cat\/?page_id=536"},"modified":"2021-06-15T11:13:07","modified_gmt":"2021-06-15T10:13:07","slug":"sdg10","status":"publish","type":"page","link":"https:\/\/aroundersenseofpurpose.eu\/cat\/sdgs\/sdg10\/","title":{"rendered":"Reducci\u00f3 de les desigualtats"},"content":{"rendered":"\n<p>Com diu l\u2019ONU, per reduir les desigualtats, les pol\u00edtiques han de ser un principi universal, alhora que s\u2019atenen les necessitats de les poblacions desfavorides i marginades. Hi ha d\u2019haver un augment i una continuaci\u00f3 de les condicions comercials favorables per a les exportacions dels pa\u00efsos en desenvolupament, a m\u00e9s d\u2019augmentar el percentatge de vot dels pa\u00efsos en desenvolupament dins del FMI. Finalment, les innovacions tecnol\u00f2giques poden ajudar a reduir el cost de la transfer\u00e8ncia de diners per als treballadors immigrants.<\/p>\n","protected":false},"excerpt":{"rendered":"<p>Com diu l\u2019ONU, per reduir les desigualtats, les pol\u00edtiques han de ser un principi universal, alhora que s\u2019atenen les necessitats de les poblacions desfavorides i marginades. Hi ha d\u2019haver un augment i una continuaci\u00f3 de les condicions comercials favorables per a les exportacions dels pa\u00efsos en desenvolupament, a m\u00e9s d\u2019augmentar el percentatge de vot dels [&hellip;]<\/p>\n","protected":false},"author":1,"featured_media":0,"parent":425,"menu_order":0,"comment_status":"closed","ping_status":"closed","template":"page-sdg.php","meta":{"footnotes":""},"class_list":["post-536","page","type-page","status-publish","hentry"],"_links":{"self":[{"href":"https:\/\/aroundersenseofpurpose.eu\/cat\/wp-json\/wp\/v2\/pages\/536","targetHints":{"allow":["GET"]}}],"collection":[{"href":"https:\/\/aroundersenseofpurpose.eu\/cat\/wp-json\/wp\/v2\/pages"}],"about":[{"href":"https:\/\/aroundersenseofpurpose.eu\/cat\/wp-json\/wp\/v2\/types\/page"}],"author":[{"embeddable":true,"href":"https:\/\/aroundersenseofpurpose.eu\/cat\/wp-json\/wp\/v2\/users\/1"}],"replies":[{"embeddable":true,"href":"https:\/\/aroundersenseofpurpose.eu\/cat\/wp-json\/wp\/v2\/comments?post=536"}],"version-history":[{"count":4,"href":"https:\/\/aroundersenseofpurpose.eu\/cat\/wp-json\/wp\/v2\/pages\/536\/revisions"}],"predecessor-version":[{"id":1928,"href":"https:\/\/aroundersenseofpurpose.eu\/cat\/wp-json\/wp\/v2\/pages\/536\/revisions\/1928"}],"up":[{"embeddable":true,"href":"https:\/\/aroundersenseofpurpose.eu\/cat\/wp-json\/wp\/v2\/pages\/425"}],"wp:attachment":[{"href":"https:\/\/aroundersenseofpurpose.eu\/cat\/wp-json\/wp\/v2\/media?parent=536"}],"curies":[{"name":"wp","href":"https:\/\/api.w.org\/{rel}","templated":true}]}}