{"id":532,"date":"2020-04-10T15:17:15","date_gmt":"2020-04-10T14:17:15","guid":{"rendered":"https:\/\/aroundersenseofpurpose.eu\/cat\/?page_id=532"},"modified":"2021-06-15T11:14:14","modified_gmt":"2021-06-15T10:14:14","slug":"sdg8","status":"publish","type":"page","link":"https:\/\/aroundersenseofpurpose.eu\/cat\/sdgs\/sdg8\/","title":{"rendered":"DeceTreball digne i creixement econ\u00f2mic"},"content":{"rendered":"\n<p>Com diu l\u2019ONU, el creixement econ\u00f2mic sostenible exigir\u00e0 que les societats cre\u00efn les condicions que permetin a les persones tenir feines de qualitat que estimulin l\u2019economia sense perjudicar el medi ambient. Tamb\u00e9 es necessiten oportunitats laborals i condicions de treball dignes per a tota la poblaci\u00f3 en edat de treballar. Cal augmentar l\u2019acc\u00e9s als serveis financers per gestionar els ingressos, acumular actius i fer inversions productives. L\u2019augment dels compromisos amb la infraestructura comercial, banc\u00e0ria i agr\u00edcola tamb\u00e9 ajudar\u00e0 a augmentar la productivitat i a reduir els nivells de desocupaci\u00f3 a les regions m\u00e9s empobrides del m\u00f3n.<\/p>\n","protected":false},"excerpt":{"rendered":"<p>Com diu l\u2019ONU, el creixement econ\u00f2mic sostenible exigir\u00e0 que les societats cre\u00efn les condicions que permetin a les persones tenir feines de qualitat que estimulin l\u2019economia sense perjudicar el medi ambient. Tamb\u00e9 es necessiten oportunitats laborals i condicions de treball dignes per a tota la poblaci\u00f3 en edat de treballar. Cal augmentar l\u2019acc\u00e9s als serveis [&hellip;]<\/p>\n","protected":false},"author":1,"featured_media":0,"parent":425,"menu_order":0,"comment_status":"closed","ping_status":"closed","template":"page-sdg.php","meta":{"footnotes":""},"class_list":["post-532","page","type-page","status-publish","hentry"],"_links":{"self":[{"href":"https:\/\/aroundersenseofpurpose.eu\/cat\/wp-json\/wp\/v2\/pages\/532","targetHints":{"allow":["GET"]}}],"collection":[{"href":"https:\/\/aroundersenseofpurpose.eu\/cat\/wp-json\/wp\/v2\/pages"}],"about":[{"href":"https:\/\/aroundersenseofpurpose.eu\/cat\/wp-json\/wp\/v2\/types\/page"}],"author":[{"embeddable":true,"href":"https:\/\/aroundersenseofpurpose.eu\/cat\/wp-json\/wp\/v2\/users\/1"}],"replies":[{"embeddable":true,"href":"https:\/\/aroundersenseofpurpose.eu\/cat\/wp-json\/wp\/v2\/comments?post=532"}],"version-history":[{"count":4,"href":"https:\/\/aroundersenseofpurpose.eu\/cat\/wp-json\/wp\/v2\/pages\/532\/revisions"}],"predecessor-version":[{"id":1930,"href":"https:\/\/aroundersenseofpurpose.eu\/cat\/wp-json\/wp\/v2\/pages\/532\/revisions\/1930"}],"up":[{"embeddable":true,"href":"https:\/\/aroundersenseofpurpose.eu\/cat\/wp-json\/wp\/v2\/pages\/425"}],"wp:attachment":[{"href":"https:\/\/aroundersenseofpurpose.eu\/cat\/wp-json\/wp\/v2\/media?parent=532"}],"curies":[{"name":"wp","href":"https:\/\/api.w.org\/{rel}","templated":true}]}}