{"id":530,"date":"2020-04-10T15:16:15","date_gmt":"2020-04-10T14:16:15","guid":{"rendered":"https:\/\/aroundersenseofpurpose.eu\/cat\/?page_id=530"},"modified":"2021-06-15T11:08:44","modified_gmt":"2021-06-15T10:08:44","slug":"sdg7","status":"publish","type":"page","link":"https:\/\/aroundersenseofpurpose.eu\/cat\/sdgs\/sdg7\/","title":{"rendered":"Energia assequible i no contaminant"},"content":{"rendered":"\n<p>Com diu l\u2019ONU, l\u2019energia \u00e9s fonamental per a gaireb\u00e9 tots els grans reptes i oportunitats que el m\u00f3n afronta avui. Ja sigui per a l\u2019ocupaci\u00f3, la seguretat, el canvi clim\u00e0tic, la producci\u00f3 d\u2019aliments o l\u2019augment dels ingressos, l\u2019acc\u00e9s a l\u2019energia \u00e9s essencial per a tothom. Treballar per aconseguir aquest objectiu \u00e9s especialment important, ja que enlla\u00e7a amb altres objectius de desenvolupament sostenible. L\u2019enfocament de l\u2019acc\u00e9s universal a l\u2019energia, l\u2019augment de l\u2019efici\u00e8ncia energ\u00e8tica i l\u2019increment de l\u2019\u00fas d\u2019energies renovables a trav\u00e9s de noves oportunitats econ\u00f2miques i d\u2019ocupaci\u00f3 \u00e9s crucial per crear comunitats m\u00e9s sostenibles i inclusives i per ser resilients davant problemes ambientals com el canvi clim\u00e0tic.<\/p>\n","protected":false},"excerpt":{"rendered":"<p>Com diu l\u2019ONU, l\u2019energia \u00e9s fonamental per a gaireb\u00e9 tots els grans reptes i oportunitats que el m\u00f3n afronta avui. Ja sigui per a l\u2019ocupaci\u00f3, la seguretat, el canvi clim\u00e0tic, la producci\u00f3 d\u2019aliments o l\u2019augment dels ingressos, l\u2019acc\u00e9s a l\u2019energia \u00e9s essencial per a tothom. Treballar per aconseguir aquest objectiu \u00e9s especialment important, ja que [&hellip;]<\/p>\n","protected":false},"author":1,"featured_media":0,"parent":425,"menu_order":0,"comment_status":"closed","ping_status":"closed","template":"page-sdg.php","meta":{"footnotes":""},"class_list":["post-530","page","type-page","status-publish","hentry"],"_links":{"self":[{"href":"https:\/\/aroundersenseofpurpose.eu\/cat\/wp-json\/wp\/v2\/pages\/530","targetHints":{"allow":["GET"]}}],"collection":[{"href":"https:\/\/aroundersenseofpurpose.eu\/cat\/wp-json\/wp\/v2\/pages"}],"about":[{"href":"https:\/\/aroundersenseofpurpose.eu\/cat\/wp-json\/wp\/v2\/types\/page"}],"author":[{"embeddable":true,"href":"https:\/\/aroundersenseofpurpose.eu\/cat\/wp-json\/wp\/v2\/users\/1"}],"replies":[{"embeddable":true,"href":"https:\/\/aroundersenseofpurpose.eu\/cat\/wp-json\/wp\/v2\/comments?post=530"}],"version-history":[{"count":4,"href":"https:\/\/aroundersenseofpurpose.eu\/cat\/wp-json\/wp\/v2\/pages\/530\/revisions"}],"predecessor-version":[{"id":1921,"href":"https:\/\/aroundersenseofpurpose.eu\/cat\/wp-json\/wp\/v2\/pages\/530\/revisions\/1921"}],"up":[{"embeddable":true,"href":"https:\/\/aroundersenseofpurpose.eu\/cat\/wp-json\/wp\/v2\/pages\/425"}],"wp:attachment":[{"href":"https:\/\/aroundersenseofpurpose.eu\/cat\/wp-json\/wp\/v2\/media?parent=530"}],"curies":[{"name":"wp","href":"https:\/\/api.w.org\/{rel}","templated":true}]}}