{"id":528,"date":"2020-04-10T15:13:40","date_gmt":"2020-04-10T14:13:40","guid":{"rendered":"https:\/\/aroundersenseofpurpose.eu\/cat\/?page_id=528"},"modified":"2021-06-15T11:05:38","modified_gmt":"2021-06-15T10:05:38","slug":"sdg6","status":"publish","type":"page","link":"https:\/\/aroundersenseofpurpose.eu\/cat\/sdgs\/sdg6\/","title":{"rendered":"Aigua neta i sanejament"},"content":{"rendered":"\n<p>Com diu l\u2019ONU, \u00e9s essencial que hi hagi aigua neta i accessible per a tots, i hi ha prou aigua dol\u00e7a al planeta per aconseguir-ho. No obstant aix\u00f2, a causa de les pol\u00edtiques econ\u00f2miques o la mala infraestructura, milions de persones, inclosos nens, moren cada any per malalties associades al subministrament d\u2019aigua, sanejament i higiene inadequats.<\/p>\n","protected":false},"excerpt":{"rendered":"<p>Com diu l\u2019ONU, \u00e9s essencial que hi hagi aigua neta i accessible per a tots, i hi ha prou aigua dol\u00e7a al planeta per aconseguir-ho. No obstant aix\u00f2, a causa de les pol\u00edtiques econ\u00f2miques o la mala infraestructura, milions de persones, inclosos nens, moren cada any per malalties associades al subministrament d\u2019aigua, sanejament i higiene [&hellip;]<\/p>\n","protected":false},"author":1,"featured_media":0,"parent":425,"menu_order":0,"comment_status":"closed","ping_status":"closed","template":"page-sdg.php","meta":{"footnotes":""},"class_list":["post-528","page","type-page","status-publish","hentry"],"_links":{"self":[{"href":"https:\/\/aroundersenseofpurpose.eu\/cat\/wp-json\/wp\/v2\/pages\/528","targetHints":{"allow":["GET"]}}],"collection":[{"href":"https:\/\/aroundersenseofpurpose.eu\/cat\/wp-json\/wp\/v2\/pages"}],"about":[{"href":"https:\/\/aroundersenseofpurpose.eu\/cat\/wp-json\/wp\/v2\/types\/page"}],"author":[{"embeddable":true,"href":"https:\/\/aroundersenseofpurpose.eu\/cat\/wp-json\/wp\/v2\/users\/1"}],"replies":[{"embeddable":true,"href":"https:\/\/aroundersenseofpurpose.eu\/cat\/wp-json\/wp\/v2\/comments?post=528"}],"version-history":[{"count":4,"href":"https:\/\/aroundersenseofpurpose.eu\/cat\/wp-json\/wp\/v2\/pages\/528\/revisions"}],"predecessor-version":[{"id":1918,"href":"https:\/\/aroundersenseofpurpose.eu\/cat\/wp-json\/wp\/v2\/pages\/528\/revisions\/1918"}],"up":[{"embeddable":true,"href":"https:\/\/aroundersenseofpurpose.eu\/cat\/wp-json\/wp\/v2\/pages\/425"}],"wp:attachment":[{"href":"https:\/\/aroundersenseofpurpose.eu\/cat\/wp-json\/wp\/v2\/media?parent=528"}],"curies":[{"name":"wp","href":"https:\/\/api.w.org\/{rel}","templated":true}]}}