{"id":526,"date":"2020-04-10T15:12:45","date_gmt":"2020-04-10T14:12:45","guid":{"rendered":"https:\/\/aroundersenseofpurpose.eu\/cat\/?page_id=526"},"modified":"2021-06-15T11:10:36","modified_gmt":"2021-06-15T10:10:36","slug":"sdg5","status":"publish","type":"page","link":"https:\/\/aroundersenseofpurpose.eu\/cat\/sdgs\/sdg5\/","title":{"rendered":"Igualtat de g\u00e8nere"},"content":{"rendered":"\n<p>Com diu l\u2019ONU, proporcionar a les dones i les nenes un acc\u00e9s equitatiu a l\u2019educaci\u00f3, a l\u2019assist\u00e8ncia sanit\u00e0ria, a un treball digne i a la representaci\u00f3 en els processos de presa de decisions pol\u00edtiques i econ\u00f2miques impulsar\u00e0 economies sostenibles i beneficiar\u00e0 les societats i la humanitat en general. L\u2019aplicaci\u00f3 de nous marcs jur\u00eddics relatius a la igualtat de la dona en el lloc de treball i l\u2019erradicaci\u00f3 de pr\u00e0ctiques perjudicials dirigides a les dones \u00e9s crucial per posar fi a la discriminaci\u00f3 per ra\u00f3 de g\u00e8nere que preval en molts pa\u00efsos del m\u00f3n.<\/p>\n","protected":false},"excerpt":{"rendered":"<p>Com diu l\u2019ONU, proporcionar a les dones i les nenes un acc\u00e9s equitatiu a l\u2019educaci\u00f3, a l\u2019assist\u00e8ncia sanit\u00e0ria, a un treball digne i a la representaci\u00f3 en els processos de presa de decisions pol\u00edtiques i econ\u00f2miques impulsar\u00e0 economies sostenibles i beneficiar\u00e0 les societats i la humanitat en general. L\u2019aplicaci\u00f3 de nous marcs jur\u00eddics relatius a [&hellip;]<\/p>\n","protected":false},"author":1,"featured_media":0,"parent":425,"menu_order":0,"comment_status":"closed","ping_status":"closed","template":"page-sdg.php","meta":{"footnotes":""},"class_list":["post-526","page","type-page","status-publish","hentry"],"_links":{"self":[{"href":"https:\/\/aroundersenseofpurpose.eu\/cat\/wp-json\/wp\/v2\/pages\/526","targetHints":{"allow":["GET"]}}],"collection":[{"href":"https:\/\/aroundersenseofpurpose.eu\/cat\/wp-json\/wp\/v2\/pages"}],"about":[{"href":"https:\/\/aroundersenseofpurpose.eu\/cat\/wp-json\/wp\/v2\/types\/page"}],"author":[{"embeddable":true,"href":"https:\/\/aroundersenseofpurpose.eu\/cat\/wp-json\/wp\/v2\/users\/1"}],"replies":[{"embeddable":true,"href":"https:\/\/aroundersenseofpurpose.eu\/cat\/wp-json\/wp\/v2\/comments?post=526"}],"version-history":[{"count":4,"href":"https:\/\/aroundersenseofpurpose.eu\/cat\/wp-json\/wp\/v2\/pages\/526\/revisions"}],"predecessor-version":[{"id":1924,"href":"https:\/\/aroundersenseofpurpose.eu\/cat\/wp-json\/wp\/v2\/pages\/526\/revisions\/1924"}],"up":[{"embeddable":true,"href":"https:\/\/aroundersenseofpurpose.eu\/cat\/wp-json\/wp\/v2\/pages\/425"}],"wp:attachment":[{"href":"https:\/\/aroundersenseofpurpose.eu\/cat\/wp-json\/wp\/v2\/media?parent=526"}],"curies":[{"name":"wp","href":"https:\/\/api.w.org\/{rel}","templated":true}]}}