{"id":524,"date":"2020-04-10T15:11:53","date_gmt":"2020-04-10T14:11:53","guid":{"rendered":"https:\/\/aroundersenseofpurpose.eu\/cat\/?page_id=524"},"modified":"2021-06-15T11:07:20","modified_gmt":"2021-06-15T10:07:20","slug":"sdg4","status":"publish","type":"page","link":"https:\/\/aroundersenseofpurpose.eu\/cat\/sdgs\/sdg4\/","title":{"rendered":"Educaci\u00f3 de qualitat"},"content":{"rendered":"\n<p>Com diu l\u2019ONU, una educaci\u00f3 de qualitat \u00e9s la base per crear un desenvolupament sostenible. A m\u00e9s de millorar la qualitat de vida, l\u2019acc\u00e9s a l\u2019educaci\u00f3 inclusiva pot ajudar a dotar localment les persones amb les eines necess\u00e0ries per desenvolupar solucions innovadores per als grans problemes del m\u00f3n.<\/p>\n","protected":false},"excerpt":{"rendered":"<p>Com diu l\u2019ONU, una educaci\u00f3 de qualitat \u00e9s la base per crear un desenvolupament sostenible. A m\u00e9s de millorar la qualitat de vida, l\u2019acc\u00e9s a l\u2019educaci\u00f3 inclusiva pot ajudar a dotar localment les persones amb les eines necess\u00e0ries per desenvolupar solucions innovadores per als grans problemes del m\u00f3n.<\/p>\n","protected":false},"author":1,"featured_media":0,"parent":425,"menu_order":0,"comment_status":"closed","ping_status":"closed","template":"page-sdg.php","meta":{"footnotes":""},"class_list":["post-524","page","type-page","status-publish","hentry"],"_links":{"self":[{"href":"https:\/\/aroundersenseofpurpose.eu\/cat\/wp-json\/wp\/v2\/pages\/524","targetHints":{"allow":["GET"]}}],"collection":[{"href":"https:\/\/aroundersenseofpurpose.eu\/cat\/wp-json\/wp\/v2\/pages"}],"about":[{"href":"https:\/\/aroundersenseofpurpose.eu\/cat\/wp-json\/wp\/v2\/types\/page"}],"author":[{"embeddable":true,"href":"https:\/\/aroundersenseofpurpose.eu\/cat\/wp-json\/wp\/v2\/users\/1"}],"replies":[{"embeddable":true,"href":"https:\/\/aroundersenseofpurpose.eu\/cat\/wp-json\/wp\/v2\/comments?post=524"}],"version-history":[{"count":4,"href":"https:\/\/aroundersenseofpurpose.eu\/cat\/wp-json\/wp\/v2\/pages\/524\/revisions"}],"predecessor-version":[{"id":1920,"href":"https:\/\/aroundersenseofpurpose.eu\/cat\/wp-json\/wp\/v2\/pages\/524\/revisions\/1920"}],"up":[{"embeddable":true,"href":"https:\/\/aroundersenseofpurpose.eu\/cat\/wp-json\/wp\/v2\/pages\/425"}],"wp:attachment":[{"href":"https:\/\/aroundersenseofpurpose.eu\/cat\/wp-json\/wp\/v2\/media?parent=524"}],"curies":[{"name":"wp","href":"https:\/\/api.w.org\/{rel}","templated":true}]}}