{"id":513,"date":"2020-04-10T13:50:07","date_gmt":"2020-04-10T12:50:07","guid":{"rendered":"https:\/\/aroundersenseofpurpose.eu\/cat\/?page_id=513"},"modified":"2021-05-28T17:32:46","modified_gmt":"2021-05-28T16:32:46","slug":"palette","status":"publish","type":"page","link":"https:\/\/aroundersenseofpurpose.eu\/cat\/framework\/palette\/","title":{"rendered":"Les dotze compet\u00e8ncies de RSP presentades en una paleta de pintor"},"content":{"rendered":"\n<p>Aqu\u00ed es presenten les dotze compet\u00e8ncies de RSP en una paleta de pintor. Aquesta manera de presentar les compet\u00e8ncies permet recon\u00e8ixer que les educadores i educadors gaireb\u00e9 mai no se centraran en una \u00fanica compet\u00e8ncia cada vegada, sin\u00f3 que m\u00e9s aviat combinaran els \u00e0mbits de les compet\u00e8ncies en resposta a cada context.<\/p>\n","protected":false},"excerpt":{"rendered":"<p>Aqu\u00ed es presenten les dotze compet\u00e8ncies de RSP en una paleta de pintor. Aquesta manera de presentar les compet\u00e8ncies permet recon\u00e8ixer que les educadores i educadors gaireb\u00e9 mai no se centraran en una \u00fanica compet\u00e8ncia cada vegada, sin\u00f3 que m\u00e9s aviat combinaran els \u00e0mbits de les compet\u00e8ncies en resposta a cada context.<\/p>\n","protected":false},"author":1,"featured_media":0,"parent":1698,"menu_order":0,"comment_status":"closed","ping_status":"closed","template":"page-palette.php","meta":{"footnotes":""},"class_list":["post-513","page","type-page","status-publish","hentry"],"_links":{"self":[{"href":"https:\/\/aroundersenseofpurpose.eu\/cat\/wp-json\/wp\/v2\/pages\/513","targetHints":{"allow":["GET"]}}],"collection":[{"href":"https:\/\/aroundersenseofpurpose.eu\/cat\/wp-json\/wp\/v2\/pages"}],"about":[{"href":"https:\/\/aroundersenseofpurpose.eu\/cat\/wp-json\/wp\/v2\/types\/page"}],"author":[{"embeddable":true,"href":"https:\/\/aroundersenseofpurpose.eu\/cat\/wp-json\/wp\/v2\/users\/1"}],"replies":[{"embeddable":true,"href":"https:\/\/aroundersenseofpurpose.eu\/cat\/wp-json\/wp\/v2\/comments?post=513"}],"version-history":[{"count":5,"href":"https:\/\/aroundersenseofpurpose.eu\/cat\/wp-json\/wp\/v2\/pages\/513\/revisions"}],"predecessor-version":[{"id":1854,"href":"https:\/\/aroundersenseofpurpose.eu\/cat\/wp-json\/wp\/v2\/pages\/513\/revisions\/1854"}],"up":[{"embeddable":true,"href":"https:\/\/aroundersenseofpurpose.eu\/cat\/wp-json\/wp\/v2\/pages\/1698"}],"wp:attachment":[{"href":"https:\/\/aroundersenseofpurpose.eu\/cat\/wp-json\/wp\/v2\/media?parent=513"}],"curies":[{"name":"wp","href":"https:\/\/api.w.org\/{rel}","templated":true}]}}