{"id":499,"date":"2020-04-10T12:57:21","date_gmt":"2020-04-10T11:57:21","guid":{"rendered":"https:\/\/aroundersenseofpurpose.eu\/cat\/?page_id=499"},"modified":"2021-06-08T11:02:52","modified_gmt":"2021-06-08T10:02:52","slug":"at-ref","status":"publish","type":"page","link":"https:\/\/aroundersenseofpurpose.eu\/cat\/framework\/at-ref\/","title":{"rendered":"Decisi\u00f3"},"content":{"rendered":"\n<p>L&#8217;educador\/a ajuda l\u2019alumnat a actuar de manera prudent i oportuna fins i tot en situacions d&#8217;incertesa.<\/p>\n\n\n\n<h3 class=\"wp-block-heading\"><strong>Resultats de l&#8217;aprenentatge<\/strong><\/h3>\n\n\n\n<p>L&#8217;educador\/a ajuda l\u2019alumnat a:<\/p>\n\n\n\n<ul class=\"wp-block-list\"><li>12.1 Actuar en el moment oport\u00fa, fins i tot davant d&#8217;esdeveniments imprevistos, tenint sempre present el principi de precauci\u00f3.<\/li><li>12.2 Prendre decisions fins i tot en un context de dilemes, incerteses, contradiccions i problemes complexos lligats a la sostenibilitat d&#8217;acord amb els seus valors, sent conscients que ajornar les decisions i no actuar tamb\u00e9 \u00e9s una decisi\u00f3.<\/li><li>12.3 Recopilar informaci\u00f3 i tenir en compte diverses opcions, mantenint-se oberts a altres alternatives.<\/li><\/ul>\n\n\n\n<h3 class=\"wp-block-heading\"><strong>Components de base per a l&#8217;educador\/a<\/strong><\/h3>\n\n\n\n<p>Per tal d&#8217;assolir els resultats d&#8217;aprenentatge esmentats, l&#8217;educador\/a ha de ser capa\u00e7 de:<\/p>\n\n\n\n<ul class=\"wp-block-list\"><li>UC12 Utilitzar t\u00e8cniques com ara les situacions de dilema, les improvisacions, les activitats de resoluci\u00f3 de problemes i els jocs de simulaci\u00f3 per desenvolupar una presa de decisi\u00f3 r\u00e0pida per\u00f2 prudent entre l\u2019alumnat.<\/li><li>UC12.1a Identificar diferents fonts d&#8217;informaci\u00f3 i assegurar-se que presentin opcions alternatives.<\/li><li>UC12.1b Demostrar bon judici i proposar solucions s\u00f2lides i ben informades basades en alternatives identificades pr\u00e8viament o en opcions conegudes.<\/li><li>UC12.2a Gestionar les prioritats que competeixen entre si i prendre decisions efectives i oportunes en q\u00fcestions conflictives.<\/li><li>UC12.2b Prendre decisions que tinguin conseq\u00fc\u00e8ncies significatives i percebre l&#8217;impacte i les implicacions d&#8217;aquestes decisions.<\/li><li>UC12.3a Destacar l&#8217;impacte dels diferents marcs temporals a l&#8217;hora de solucionar un problema.<\/li><li>UC12.3b Actuar immediatament i amb confian\u00e7a quan una situaci\u00f3 exigeixi una decisi\u00f3 r\u00e0pida, recorrent a la intel\u00b7lig\u00e8ncia col\u00b7lectiva quan sigui possible.<\/li><\/ul>\n","protected":false},"excerpt":{"rendered":"<p>L&#8217;educador\/a ajuda l\u2019alumnat a actuar de manera prudent i oportuna fins i tot en situacions d&#8217;incertesa.<\/p>\n","protected":false},"author":1,"featured_media":0,"parent":1698,"menu_order":0,"comment_status":"closed","ping_status":"closed","template":"page-competence.php","meta":{"footnotes":""},"class_list":["post-499","page","type-page","status-publish","hentry"],"_links":{"self":[{"href":"https:\/\/aroundersenseofpurpose.eu\/cat\/wp-json\/wp\/v2\/pages\/499","targetHints":{"allow":["GET"]}}],"collection":[{"href":"https:\/\/aroundersenseofpurpose.eu\/cat\/wp-json\/wp\/v2\/pages"}],"about":[{"href":"https:\/\/aroundersenseofpurpose.eu\/cat\/wp-json\/wp\/v2\/types\/page"}],"author":[{"embeddable":true,"href":"https:\/\/aroundersenseofpurpose.eu\/cat\/wp-json\/wp\/v2\/users\/1"}],"replies":[{"embeddable":true,"href":"https:\/\/aroundersenseofpurpose.eu\/cat\/wp-json\/wp\/v2\/comments?post=499"}],"version-history":[{"count":6,"href":"https:\/\/aroundersenseofpurpose.eu\/cat\/wp-json\/wp\/v2\/pages\/499\/revisions"}],"predecessor-version":[{"id":1909,"href":"https:\/\/aroundersenseofpurpose.eu\/cat\/wp-json\/wp\/v2\/pages\/499\/revisions\/1909"}],"up":[{"embeddable":true,"href":"https:\/\/aroundersenseofpurpose.eu\/cat\/wp-json\/wp\/v2\/pages\/1698"}],"wp:attachment":[{"href":"https:\/\/aroundersenseofpurpose.eu\/cat\/wp-json\/wp\/v2\/media?parent=499"}],"curies":[{"name":"wp","href":"https:\/\/api.w.org\/{rel}","templated":true}]}}