{"id":497,"date":"2020-04-10T12:55:53","date_gmt":"2020-04-10T11:55:53","guid":{"rendered":"https:\/\/aroundersenseofpurpose.eu\/cat\/?page_id=497"},"modified":"2021-06-08T11:00:11","modified_gmt":"2021-06-08T10:00:11","slug":"at-pra","status":"publish","type":"page","link":"https:\/\/aroundersenseofpurpose.eu\/cat\/framework\/at-pra\/","title":{"rendered":"Acci\u00f3"},"content":{"rendered":"\n<p>L&#8217;educador\/a ajuda l\u2019alumnat a actuar de manera proactiva i considerada.<\/p>\n\n\n\n<h3 class=\"wp-block-heading\"><strong>Resultats de l&#8217;aprenentatge<\/strong><\/h3>\n\n\n\n<p>L&#8217;educador\/a ajuda l\u2019alumnat a:<\/p>\n\n\n\n<ul class=\"wp-block-list\"><li>11.1 Explorar i analitzar cr\u00edticament el seu entorn natural, social i constru\u00eft local, incloent-hi la seva instituci\u00f3, com un context per al canvi.<\/li><li>11.2 Participar en processos democr\u00e0tics de presa de decisions en un context de sostenibilitat.<\/li><li>11.3 Desenvolupar-ne l&#8217;autonomia i el coneixement de les estructures socials, pol\u00edtiques i econ\u00f2miques.<\/li><\/ul>\n\n\n\n<h3 class=\"wp-block-heading\"><strong>Components de base per a l&#8217;educador\/a<\/strong><\/h3>\n\n\n\n<p>Per tal d&#8217;assolir els resultats d&#8217;aprenentatge esmentats, l&#8217;educador\/a ha de:<\/p>\n\n\n\n<ul class=\"wp-block-list\"><li>UC11.1a Donar suport i animar l\u2019alumnat, i orientar-los per refor\u00e7ar-ne l&#8217;autonomia.<\/li><li>UC11.1b Fer \u00fas del cicle d&#8217;aprenentatge reflexiu (planificar, actuar, reflexionar, ajustar o el cicle anticipaci\u00f3-acci\u00f3-reflexi\u00f3).<\/li><li>UC11.2a Treballar d&#8217;una manera democr\u00e0tica i oberta amb l\u2019alumnat.<\/li><li>UC11.2b Utilitzar t\u00e8cniques d&#8217;aprenentatge per projectes.<\/li><li>UC11.3 Ser capa\u00e7 de veure possibilitats d&#8217;educaci\u00f3 significatives en la \u00abvida real\u00bb i animar l\u2019alumnat a fer el mateix.<\/li><\/ul>\n","protected":false},"excerpt":{"rendered":"<p>L&#8217;educador\/a ajuda l\u2019alumnat a actuar de manera proactiva i considerada.<\/p>\n","protected":false},"author":1,"featured_media":0,"parent":1698,"menu_order":0,"comment_status":"closed","ping_status":"closed","template":"page-competence.php","meta":{"footnotes":""},"class_list":["post-497","page","type-page","status-publish","hentry"],"_links":{"self":[{"href":"https:\/\/aroundersenseofpurpose.eu\/cat\/wp-json\/wp\/v2\/pages\/497","targetHints":{"allow":["GET"]}}],"collection":[{"href":"https:\/\/aroundersenseofpurpose.eu\/cat\/wp-json\/wp\/v2\/pages"}],"about":[{"href":"https:\/\/aroundersenseofpurpose.eu\/cat\/wp-json\/wp\/v2\/types\/page"}],"author":[{"embeddable":true,"href":"https:\/\/aroundersenseofpurpose.eu\/cat\/wp-json\/wp\/v2\/users\/1"}],"replies":[{"embeddable":true,"href":"https:\/\/aroundersenseofpurpose.eu\/cat\/wp-json\/wp\/v2\/comments?post=497"}],"version-history":[{"count":6,"href":"https:\/\/aroundersenseofpurpose.eu\/cat\/wp-json\/wp\/v2\/pages\/497\/revisions"}],"predecessor-version":[{"id":1903,"href":"https:\/\/aroundersenseofpurpose.eu\/cat\/wp-json\/wp\/v2\/pages\/497\/revisions\/1903"}],"up":[{"embeddable":true,"href":"https:\/\/aroundersenseofpurpose.eu\/cat\/wp-json\/wp\/v2\/pages\/1698"}],"wp:attachment":[{"href":"https:\/\/aroundersenseofpurpose.eu\/cat\/wp-json\/wp\/v2\/media?parent=497"}],"curies":[{"name":"wp","href":"https:\/\/api.w.org\/{rel}","templated":true}]}}