{"id":491,"date":"2020-04-10T12:51:09","date_gmt":"2020-04-10T11:51:09","guid":{"rendered":"https:\/\/aroundersenseofpurpose.eu\/cat\/?page_id=491"},"modified":"2021-06-08T11:05:00","modified_gmt":"2021-06-08T10:05:00","slug":"ec-ref","status":"publish","type":"page","link":"https:\/\/aroundersenseofpurpose.eu\/cat\/framework\/ec-ref\/","title":{"rendered":"Responsibilitat"},"content":{"rendered":"\n<p>L&#8217;educador\/a ajuda l\u2019alumnat a reflexionar sobre les seves accions, a actuar amb transpar\u00e8ncia i a responsabilitzar-se personalment de la seva feina.<\/p>\n\n\n\n<h3 class=\"wp-block-heading\"><strong>Resultats de l&#8217;aprenentatge<\/strong><\/h3>\n\n\n\n<p>L&#8217;educador\/a ajuda l\u2019alumnat a&#8230;:<\/p>\n\n\n\n<ul class=\"wp-block-list\"><li>8.1 Identificar les conseq\u00fc\u00e8ncies socials, mediambientals i econ\u00f2miques potencials de les seves decisions i accions.<\/li><li>8.2 Assumir la responsabilitat personal i l&#8217;obligaci\u00f3 de retre comptes, si escau, de les seves decisions i accions.<\/li><li>8.3 Reflexionar cr\u00edticament sobre les seves decisions i accions, i les dels altres, buscant oportunitats de millora i desenvolupament.<\/li><\/ul>\n\n\n\n<h3 class=\"wp-block-heading\"><strong>Components de base per a l&#8217;educador\/a<\/strong><\/h3>\n\n\n\n<p>Per tal d&#8217;assolir els resultats d&#8217;aprenentatge esmentats, l&#8217;educador\/a ha de ser capa\u00e7 de:<\/p>\n\n\n\n<ul class=\"wp-block-list\"><li>UC8.1 Animar l\u2019alumnat a reflexionar sobre les conseq\u00fc\u00e8ncies de les seves decisions iaccions amb t\u00e8cniques i m\u00e8todes com els jocs de simulaci\u00f3, els mapes conceptuals i l&#8217;aprenentatge per projectes.<\/li><li>UC8.2 Ajudar l\u2019alumnat a recon\u00e8ixer un seguit de drets, rols i responsabilitats, i els sistemes relacionats per mitj\u00e0 dels quals les persones han de retre comptes.<\/li><li>UC8.3 Reflexionar sobre la seva feina i la seva manera d&#8217;actuar, i comportar-se de manera responsable i transparent.<\/li><\/ul>\n","protected":false},"excerpt":{"rendered":"<p>L&#8217;educador\/a ajuda l\u2019alumnat a reflexionar sobre les seves accions, a actuar amb transpar\u00e8ncia i a responsabilitzar-se personalment de la seva feina.<\/p>\n","protected":false},"author":1,"featured_media":0,"parent":1698,"menu_order":0,"comment_status":"closed","ping_status":"closed","template":"page-competence.php","meta":{"footnotes":""},"class_list":["post-491","page","type-page","status-publish","hentry"],"_links":{"self":[{"href":"https:\/\/aroundersenseofpurpose.eu\/cat\/wp-json\/wp\/v2\/pages\/491","targetHints":{"allow":["GET"]}}],"collection":[{"href":"https:\/\/aroundersenseofpurpose.eu\/cat\/wp-json\/wp\/v2\/pages"}],"about":[{"href":"https:\/\/aroundersenseofpurpose.eu\/cat\/wp-json\/wp\/v2\/types\/page"}],"author":[{"embeddable":true,"href":"https:\/\/aroundersenseofpurpose.eu\/cat\/wp-json\/wp\/v2\/users\/1"}],"replies":[{"embeddable":true,"href":"https:\/\/aroundersenseofpurpose.eu\/cat\/wp-json\/wp\/v2\/comments?post=491"}],"version-history":[{"count":6,"href":"https:\/\/aroundersenseofpurpose.eu\/cat\/wp-json\/wp\/v2\/pages\/491\/revisions"}],"predecessor-version":[{"id":1913,"href":"https:\/\/aroundersenseofpurpose.eu\/cat\/wp-json\/wp\/v2\/pages\/491\/revisions\/1913"}],"up":[{"embeddable":true,"href":"https:\/\/aroundersenseofpurpose.eu\/cat\/wp-json\/wp\/v2\/pages\/1698"}],"wp:attachment":[{"href":"https:\/\/aroundersenseofpurpose.eu\/cat\/wp-json\/wp\/v2\/media?parent=491"}],"curies":[{"name":"wp","href":"https:\/\/api.w.org\/{rel}","templated":true}]}}