{"id":479,"date":"2020-04-10T12:32:25","date_gmt":"2020-04-10T11:32:25","guid":{"rendered":"https:\/\/aroundersenseofpurpose.eu\/cat\/?page_id=479"},"modified":"2021-06-08T11:01:18","modified_gmt":"2021-06-08T10:01:18","slug":"th-pra","status":"publish","type":"page","link":"https:\/\/aroundersenseofpurpose.eu\/cat\/framework\/th-pra\/","title":{"rendered":"Transdisciplinarietat"},"content":{"rendered":"\n<p>L&#8217;educador\/a ajuda l\u2019alumnat a actuar en col\u00b7laboraci\u00f3 tant dins com fora de la seva disciplina, el seu rol, les seves perspectives i els seus valors.<\/p>\n\n\n\n<h3 class=\"wp-block-heading\"><strong>Resultats de l&#8217;aprenentatge<\/strong><\/h3>\n\n\n\n<p>L&#8217;educador\/a ajuda l\u2019alumnat a:<\/p>\n\n\n\n<ul class=\"wp-block-list\"><li>3.1 Identificar i expressar els seus valors i les seves perspectives, com tamb\u00e9 els punts forts i les limitacions en un context determinat relacionat amb la sostenibilitat.<\/li><li>3.2 Cooperar en la construcci\u00f3 de nous coneixements i noves idees en contextos multidisciplinaris, interdisciplinaris i transdisciplinaris.<\/li><li>3.3 Cooperar en la construcci\u00f3 de nous coneixements i noves idees en contextos interculturals i intergeneracionals.<\/li><\/ul>\n\n\n\n<h3 class=\"wp-block-heading\"><strong>Components de base<\/strong><\/h3>\n\n\n\n<p>Per tal d&#8217;assolir els resultats d&#8217;aprenentatge esmentats, l&#8217;educador\/a ha de ser capa\u00e7 de:<\/p>\n\n\n\n<ul class=\"wp-block-list\"><li>UC 3 Utilitzar m\u00e8todes, com ara jocs de rol, simulacions, treball de camp, estudis de cas, projectes i entrevistes per ajudar els estudiants a treballar en grups heterogenis i a integrar coneixements de diferents disciplines i or\u00edgens, per exemple acad\u00e8mics, comunitaris i empresarials.<\/li><li>UC 3.1 Recon\u00e8ixer la import\u00e0ncia d&#8217;involucrar persones de diferents disciplines i altres parts interessades a l&#8217;hora de tractar q\u00fcestions relacionades amb la sostenibilitat.<\/li><li>UC 3.2a Gestionar la cocreaci\u00f3 de processos de col\u00b7laboraci\u00f3: definici\u00f3 de problemes, reconeixement de valors, creaci\u00f3 de consens i integraci\u00f3 de coneixements de diferents disciplines i d&#8217;altres parts interessades.<\/li><li>UC 3.2.b Recon\u00e8ixer i disposar d&#8217;estrat\u00e8gies per fer front als reptes que podrien minar el proc\u00e9s de col\u00b7laboraci\u00f3, com ara la manca de confian\u00e7a, de legitimitat o de llenguatge com\u00fa.<\/li><li>UC 3.3 Recon\u00e8ixer el paper fonamental que tenen els valors i els contextos en la nostra presa de decisions.<\/li><\/ul>\n","protected":false},"excerpt":{"rendered":"<p>L&#8217;educador\/a ajuda l\u2019alumnat a actuar en col\u00b7laboraci\u00f3 tant dins com fora de la seva disciplina, el seu rol, les seves perspectives i els seus valors.<\/p>\n","protected":false},"author":1,"featured_media":0,"parent":1698,"menu_order":0,"comment_status":"closed","ping_status":"closed","template":"page-competence.php","meta":{"footnotes":""},"class_list":["post-479","page","type-page","status-publish","hentry"],"_links":{"self":[{"href":"https:\/\/aroundersenseofpurpose.eu\/cat\/wp-json\/wp\/v2\/pages\/479","targetHints":{"allow":["GET"]}}],"collection":[{"href":"https:\/\/aroundersenseofpurpose.eu\/cat\/wp-json\/wp\/v2\/pages"}],"about":[{"href":"https:\/\/aroundersenseofpurpose.eu\/cat\/wp-json\/wp\/v2\/types\/page"}],"author":[{"embeddable":true,"href":"https:\/\/aroundersenseofpurpose.eu\/cat\/wp-json\/wp\/v2\/users\/1"}],"replies":[{"embeddable":true,"href":"https:\/\/aroundersenseofpurpose.eu\/cat\/wp-json\/wp\/v2\/comments?post=479"}],"version-history":[{"count":7,"href":"https:\/\/aroundersenseofpurpose.eu\/cat\/wp-json\/wp\/v2\/pages\/479\/revisions"}],"predecessor-version":[{"id":1905,"href":"https:\/\/aroundersenseofpurpose.eu\/cat\/wp-json\/wp\/v2\/pages\/479\/revisions\/1905"}],"up":[{"embeddable":true,"href":"https:\/\/aroundersenseofpurpose.eu\/cat\/wp-json\/wp\/v2\/pages\/1698"}],"wp:attachment":[{"href":"https:\/\/aroundersenseofpurpose.eu\/cat\/wp-json\/wp\/v2\/media?parent=479"}],"curies":[{"name":"wp","href":"https:\/\/api.w.org\/{rel}","templated":true}]}}