{"id":29,"date":"2019-07-29T08:28:58","date_gmt":"2019-07-29T07:28:58","guid":{"rendered":"https:\/\/aroundersenseofpurpose.eu\/cat\/?page_id=29"},"modified":"2021-05-28T17:39:16","modified_gmt":"2021-05-28T16:39:16","slug":"the-rsp-project","status":"publish","type":"page","link":"https:\/\/aroundersenseofpurpose.eu\/cat\/the-rsp-project\/","title":{"rendered":"El projecte RSP"},"content":{"rendered":"\n<figure class=\"wp-block-image size-large\"><img decoding=\"async\" src=\"http:\/\/aroundersenseofpurpose.eu\/wp-content\/uploads\/RSP-II-Meeting-1.jpg\" alt=\"\"\/><\/figure>\n\n\n\n<p>Hi ha molts indicadors que suggereixen que la manera com organitzem i dirigim la nostra societat ha generat un seguit de problemes socials i mediambientals interconnectats, des de la p\u00e8rdua de biodiversitat fins a la desigualtat flagrant o el canvi clim\u00e0tic.<\/p>\n\n\n\n<p>Assolir un desenvolupament sostenible des del punt de vista social i mediambiental t\u00e9 repercussions sobre qu\u00e8 s&#8217;ensenya i com s&#8217;ensenya. Aix\u00f2 posa en relleu la necessitat que els educadors tinguin les capacitats i la motivaci\u00f3 necess\u00e0ries per oferir als seus estudiants una educaci\u00f3 per al desenvolupament sostenible (EDS). Com a educadors, si no treballem conscientment per un m\u00f3n sostenible des del punt de vista social i mediambiental, aleshores probablement hi anirem en contra.<\/p>\n\n\n\n<p><em><em>Per\u00f2 quin tipus d&#8217;educador\/a es necessita per ajudar l\u2019alumnat a analitzar aquests reptes globals i preparar-los per les seves conseq\u00fc\u00e8ncies?<\/em><\/em><\/p>\n\n\n\n<p>Aquesta \u00e9s la pregunta que hi ha darrere d&#8217;A Rounder Sense of Purpose (RSP). Aquest projecte finan\u00e7at per Erasmus+ ha aplegat institucions experimentades i compromeses de tot Europa per elaborar un marc pr\u00e0ctic de compet\u00e8ncies per als i les educadores que vulguin educar per a un m\u00f3n just i sostenible.<\/p>\n\n\n\n<figure class=\"wp-block-image\"><img loading=\"lazy\" decoding=\"async\" width=\"800\" height=\"433\" src=\"https:\/\/aroundersenseofpurpose.eu\/cat\/wp-content\/uploads\/dp06-800x433.jpg\" alt=\"\" class=\"wp-image-57\" srcset=\"https:\/\/aroundersenseofpurpose.eu\/cat\/wp-content\/uploads\/dp06-800x433.jpg 800w, https:\/\/aroundersenseofpurpose.eu\/cat\/wp-content\/uploads\/dp06-300x163.jpg 300w, https:\/\/aroundersenseofpurpose.eu\/cat\/wp-content\/uploads\/dp06-768x416.jpg 768w, https:\/\/aroundersenseofpurpose.eu\/cat\/wp-content\/uploads\/dp06-575x312.jpg 575w, https:\/\/aroundersenseofpurpose.eu\/cat\/wp-content\/uploads\/dp06.jpg 1100w\" sizes=\"auto, (max-width: 800px) 100vw, 800px\" \/><\/figure>\n\n\n\n<p>En un intent de definir com hauria de ser un\/a educador\/a per al desenvolupament sostenible, la Comissi\u00f3 Econ\u00f2mica de les Nacions Unides per a Europa (CEPE) va elaborar un marc de compet\u00e8ncies de l&#8217;educador en mat\u00e8ria d&#8217;EDS. Aix\u00f2 va ser el 2011, per\u00f2 el marc no es va provar mai amb professoras o alumnat, i no hi havia resultats d&#8217;aprenentatge mesurables que poguessin constituir la base d&#8217;una titulaci\u00f3 d&#8217;EDS.<\/p>\n\n\n\n<p>A Rounder Sense of Purpose es va proposar omplir aquest buit:<\/p>\n\n\n\n<ul class=\"wp-block-list\"><li>Elaborant un marc pr\u00e0ctic de compet\u00e8ncies per a qualsevol context educatiu, de manera que els educadors i educadores en actiu i en proc\u00e9s de formaci\u00f3 puguin desenvolupar i demostrar les seves compet\u00e8ncies en mat\u00e8ria d&#8217;EDS;<\/li><li>Desenvolupant eines i directrius per ajudar les persones que formen docents a implantar aquest marc.<\/li><\/ul>\n\n\n\n<p>Aquest projecte va implicar \u00abdestil\u00b7lar\u00bb les compet\u00e8ncies de la CEPE i dur a terme una s\u00e8rie de programes de formaci\u00f3 d&#8217;educadors i educadores per posar a prova el marc de treball resultant. Els nostres programes de formaci\u00f3 es van implantar en graus i postgraus, i hi van participar m\u00e9s de 400 persones: alumnat, professorat, equip directiu i altres.<\/p>\n\n\n\n<p>S&#8217;han dut a terme exemples d&#8217;activitats per desenvolupar les dotze compet\u00e8ncies i es presenten en aquest lloc web.<\/p>\n\n\n\n<p>S&#8217;han elaborat un seguit d&#8217;activitats que vinculen les compet\u00e8ncies de RSP amb els objectius de desenvolupament sostenible (ODS), que il\u00b7lustren com un\/a educador\/a pot desenvolupar les seves aptituds i els seus coneixements en mat\u00e8ria d&#8217;educaci\u00f3 per al desenvolupament sostenible, i alhora tractar els ODS.<\/p>\n","protected":false},"excerpt":{"rendered":"<p>Hi ha molts indicadors que suggereixen que la manera com organitzem i dirigim la nostra societat ha generat un seguit de problemes socials i mediambientals interconnectats, des de la p\u00e8rdua de biodiversitat fins a la desigualtat flagrant o el canvi clim\u00e0tic. Assolir un desenvolupament sostenible des del punt de vista social i mediambiental t\u00e9 repercussions [&hellip;]<\/p>\n","protected":false},"author":1,"featured_media":0,"parent":0,"menu_order":0,"comment_status":"closed","ping_status":"closed","template":"page-project.php","meta":{"footnotes":""},"class_list":["post-29","page","type-page","status-publish","hentry"],"_links":{"self":[{"href":"https:\/\/aroundersenseofpurpose.eu\/cat\/wp-json\/wp\/v2\/pages\/29","targetHints":{"allow":["GET"]}}],"collection":[{"href":"https:\/\/aroundersenseofpurpose.eu\/cat\/wp-json\/wp\/v2\/pages"}],"about":[{"href":"https:\/\/aroundersenseofpurpose.eu\/cat\/wp-json\/wp\/v2\/types\/page"}],"author":[{"embeddable":true,"href":"https:\/\/aroundersenseofpurpose.eu\/cat\/wp-json\/wp\/v2\/users\/1"}],"replies":[{"embeddable":true,"href":"https:\/\/aroundersenseofpurpose.eu\/cat\/wp-json\/wp\/v2\/comments?post=29"}],"version-history":[{"count":17,"href":"https:\/\/aroundersenseofpurpose.eu\/cat\/wp-json\/wp\/v2\/pages\/29\/revisions"}],"predecessor-version":[{"id":1857,"href":"https:\/\/aroundersenseofpurpose.eu\/cat\/wp-json\/wp\/v2\/pages\/29\/revisions\/1857"}],"wp:attachment":[{"href":"https:\/\/aroundersenseofpurpose.eu\/cat\/wp-json\/wp\/v2\/media?parent=29"}],"curies":[{"name":"wp","href":"https:\/\/api.w.org\/{rel}","templated":true}]}}